{"id":29846,"date":"2016-05-05T10:51:26","date_gmt":"2016-05-05T08:51:26","guid":{"rendered":"https:\/\/maino.it\/prodotto\/rhd200-igrometro-lcd-di-precisione\/"},"modified":"2021-11-26T10:02:22","modified_gmt":"2021-11-26T09:02:22","slug":"rhd200-igrometro-lcd-di-precisione","status":"publish","type":"product","link":"https:\/\/maino.it\/fr\/prodotto\/rhd200-igrometro-lcd-di-precisione\/","title":{"rendered":"R000310 Hygrom\u00e8tre LCD de pr\u00e9cision"},"content":{"rendered":"<p>Hygrom\u00e8tre avec \u00e9cran LCD de pr\u00e9cision adapt\u00e9 \u00e0 la lecture de l&rsquo;humidit\u00e9 relative et comme sonde pour les \u00e9talonnages.<\/p>\n<p>Caract\u00e9ristiques techniques:<\/p>\n<ul>\n<li>Hygrom\u00e8tre pour mesurer l&rsquo;humidit\u00e9 relative<\/li>\n<li>Grand \u00e9cran LCD<\/li>\n<li>Capteur de pr\u00e9cision<\/li>\n<li>Fonctionne sur batterie (non inclus)<\/li>\n<li>Lecture de l&rsquo;humidit\u00e9 relative en pourcentage<\/li>\n<li>Bouton marche et arr\u00eat<\/li>\n<li>Notice d&rsquo;utilisation<\/li>\n<li>Normes CEE<\/li>\n<li>Plage de travail et pr\u00e9cision:\n<ul>\n<li>Humidit\u00e9 relative d\u00e9tectable de 5 \u00e0 90%<\/li>\n<li>Sur l&rsquo;\u00e9chelle de 35 \u00e0 70% &#8211; pr\u00e9cision de 1%<\/li>\n<li>\u00c9chantillonnage de l&rsquo;humidit\u00e9 relative toutes les 5 secondes<\/li>\n<\/ul>\n<\/li>\n<\/ul>\n<p><strong>Attention!<\/strong> comme vous pouvez le voir sur la photo il y a aussi l&rsquo;indication de la temp\u00e9rature, malheureusement, cependant, le fabricant de cet hygrom\u00e8tre a install\u00e9 le capteur de temp\u00e9rature trop cach\u00e9 \u00e0 l&rsquo;int\u00e9rieur du r\u00e9cipient de protection et la d\u00e9tection de la temp\u00e9rature ainsi que son affichage est totalement peu fiable.<\/p>\n","protected":false},"excerpt":{"rendered":"<p>Hygrom\u00e8tre avec \u00e9cran LCD de pr\u00e9cision adapt\u00e9 \u00e0 la lecture de l&rsquo;humidit\u00e9 relative et comme sonde pour les \u00e9talonnages. Caract\u00e9ristiques techniques: Hygrom\u00e8tre pour mesurer l&rsquo;humidit\u00e9 relative Grand \u00e9cran LCD Capteur de pr\u00e9cision Fonctionne sur batterie (non inclus) Lecture de l&rsquo;humidit\u00e9 relative en pourcentage Bouton marche et arr\u00eat Notice d&rsquo;utilisation Normes CEE Plage de travail et [&hellip;]<\/p>\n","protected":false},"featured_media":28091,"comment_status":"closed","ping_status":"closed","template":"","meta":{"_acf_changed":false},"product_brand":[],"product_cat":[183,195],"product_tag":[],"class_list":{"0":"post-29846","1":"product","2":"type-product","3":"status-publish","4":"has-post-thumbnail","6":"product_cat-pieces-detachees-elevage","7":"product_cat-thermometres-hygrometres","9":"first","10":"outofstock","11":"sale","12":"taxable","13":"shipping-taxable","14":"purchasable","15":"product-type-simple"},"acf":[],"_links":{"self":[{"href":"https:\/\/maino.it\/fr\/wp-json\/wp\/v2\/product\/29846","targetHints":{"allow":["GET"]}}],"collection":[{"href":"https:\/\/maino.it\/fr\/wp-json\/wp\/v2\/product"}],"about":[{"href":"https:\/\/maino.it\/fr\/wp-json\/wp\/v2\/types\/product"}],"replies":[{"embeddable":true,"href":"https:\/\/maino.it\/fr\/wp-json\/wp\/v2\/comments?post=29846"}],"wp:featuredmedia":[{"embeddable":true,"href":"https:\/\/maino.it\/fr\/wp-json\/wp\/v2\/media\/28091"}],"wp:attachment":[{"href":"https:\/\/maino.it\/fr\/wp-json\/wp\/v2\/media?parent=29846"}],"wp:term":[{"taxonomy":"product_brand","embeddable":true,"href":"https:\/\/maino.it\/fr\/wp-json\/wp\/v2\/product_brand?post=29846"},{"taxonomy":"product_cat","embeddable":true,"href":"https:\/\/maino.it\/fr\/wp-json\/wp\/v2\/product_cat?post=29846"},{"taxonomy":"product_tag","embeddable":true,"href":"https:\/\/maino.it\/fr\/wp-json\/wp\/v2\/product_tag?post=29846"}],"curies":[{"name":"wp","href":"https:\/\/api.w.org\/{rel}","templated":true}]}}