{"id":29843,"date":"2019-05-06T09:23:38","date_gmt":"2019-05-06T07:23:38","guid":{"rendered":"https:\/\/maino.it\/prodotto\/r000710-resistenza-riscaldamento-per-vecchie-incubatrici-da-25-a-49-uova\/"},"modified":"2021-11-26T09:48:38","modified_gmt":"2021-11-26T08:48:38","slug":"r000710-resistenza-riscaldamento-per-vecchie-incubatrici-da-25-a-49-uova","status":"publish","type":"product","link":"https:\/\/maino.it\/fr\/prodotto\/r000710-resistenza-riscaldamento-per-vecchie-incubatrici-da-25-a-49-uova\/","title":{"rendered":"R000710 R\u00e9sistance chauffage pour anciennes couveuses de 25 \u00e0 49 oeufs"},"content":{"rendered":"<p>R\u00e9sistance chauffage c\u00e2ble silicone pour anciennes couveuses MAINO PIOPIO de 25 \u00e0 49 oeufs.<\/p>\n<p>Caract\u00e9ristiques techniques:<\/p>\n<ul>\n<li>No.1 R\u00e9sistance<\/li>\n<li>Embouts d\u00e9j\u00e0 sertis aux deux extr\u00e9mit\u00e9s<\/li>\n<li>Normes CEE<\/li>\n<\/ul>\n","protected":false},"excerpt":{"rendered":"<p>R\u00e9sistance chauffage en silicone pour anciennes couveuses PIOPIO<\/p>\n","protected":false},"featured_media":28463,"comment_status":"closed","ping_status":"closed","template":"","meta":{"_acf_changed":false},"product_brand":[],"product_cat":[183,192],"product_tag":[],"class_list":{"0":"post-29843","1":"product","2":"type-product","3":"status-publish","4":"has-post-thumbnail","6":"product_cat-pieces-detachees-elevage","7":"product_cat-resistances-chauffage","9":"first","10":"instock","11":"sale","12":"taxable","13":"shipping-taxable","14":"purchasable","15":"product-type-simple"},"acf":[],"_links":{"self":[{"href":"https:\/\/maino.it\/fr\/wp-json\/wp\/v2\/product\/29843","targetHints":{"allow":["GET"]}}],"collection":[{"href":"https:\/\/maino.it\/fr\/wp-json\/wp\/v2\/product"}],"about":[{"href":"https:\/\/maino.it\/fr\/wp-json\/wp\/v2\/types\/product"}],"replies":[{"embeddable":true,"href":"https:\/\/maino.it\/fr\/wp-json\/wp\/v2\/comments?post=29843"}],"wp:featuredmedia":[{"embeddable":true,"href":"https:\/\/maino.it\/fr\/wp-json\/wp\/v2\/media\/28463"}],"wp:attachment":[{"href":"https:\/\/maino.it\/fr\/wp-json\/wp\/v2\/media?parent=29843"}],"wp:term":[{"taxonomy":"product_brand","embeddable":true,"href":"https:\/\/maino.it\/fr\/wp-json\/wp\/v2\/product_brand?post=29843"},{"taxonomy":"product_cat","embeddable":true,"href":"https:\/\/maino.it\/fr\/wp-json\/wp\/v2\/product_cat?post=29843"},{"taxonomy":"product_tag","embeddable":true,"href":"https:\/\/maino.it\/fr\/wp-json\/wp\/v2\/product_tag?post=29843"}],"curies":[{"name":"wp","href":"https:\/\/api.w.org\/{rel}","templated":true}]}}