{"id":29837,"date":"2021-03-01T11:28:26","date_gmt":"2021-03-01T10:28:26","guid":{"rendered":"https:\/\/maino.it\/prodotto\/r000712-resistenza-incubatrici-vecchie-versioni-da-280-a-500-uova\/"},"modified":"2021-11-25T17:25:53","modified_gmt":"2021-11-25T16:25:53","slug":"r000712-resistenza-incubatrici-vecchie-versioni-da-280-a-500-uova","status":"publish","type":"product","link":"https:\/\/maino.it\/fr\/prodotto\/r000712-resistenza-incubatrici-vecchie-versioni-da-280-a-500-uova\/","title":{"rendered":"R000712 R\u00e9sistance couveuses ancienne version de 280 \u00e0 500 \u0153ufs"},"content":{"rendered":"<p>R\u00e9sistance chauffage en spirale flexible pour couveuse MAINO mais aussi pour toute couveuse de 280 \u00e0 500 \u0153ufs &#8211; Convient aux mod\u00e8les avec supports isolants en c\u00e9ramique.<\/p>\n<p>Mod\u00e8les compatibles:<\/p>\n<ul>\n<li>Fagianella (280)<\/li>\n<li>Fagianella Maggiorata (420)<\/li>\n<li>M\u00a0 1 \u2013 280 ; 1 \u2013 350 ; 2 \u2013 420 ;\u00a0 2-500<\/li>\n<li>SIGMA 388<\/li>\n<\/ul>\n<p>Caract\u00e9ristiques techniques:<\/p>\n<ul>\n<li>No.2 R\u00e9sistances chauffage en spirale enroul\u00e9e sur support flexible d\u00e9j\u00e0 interconnect\u00e9es.<\/li>\n<li>Embouts d\u00e9j\u00e0 sertis aux deux extr\u00e9mit\u00e9s.<\/li>\n<li><strong>Compatible avec tous les mod\u00e8les de couveuses avec supports isolants dispos\u00e9s en cercle.<\/strong><\/li>\n<li>Normes CEE<\/li>\n<\/ul>\n","protected":false},"excerpt":{"rendered":"<p>R\u00e9sistance chauffage en spirale flexible pour couveuse MAINO mais aussi pour toute couveuse de 280 \u00e0 500 \u0153ufs, consultez la liste ci-dessous pour la compatibilit\u00e9:<\/p>\n","protected":false},"featured_media":28455,"comment_status":"closed","ping_status":"closed","template":"","meta":{"_acf_changed":false},"product_brand":[],"product_cat":[192],"product_tag":[],"class_list":{"0":"post-29837","1":"product","2":"type-product","3":"status-publish","4":"has-post-thumbnail","6":"product_cat-resistances-chauffage","8":"first","9":"instock","10":"sale","11":"taxable","12":"shipping-taxable","13":"purchasable","14":"product-type-simple"},"acf":[],"_links":{"self":[{"href":"https:\/\/maino.it\/fr\/wp-json\/wp\/v2\/product\/29837","targetHints":{"allow":["GET"]}}],"collection":[{"href":"https:\/\/maino.it\/fr\/wp-json\/wp\/v2\/product"}],"about":[{"href":"https:\/\/maino.it\/fr\/wp-json\/wp\/v2\/types\/product"}],"replies":[{"embeddable":true,"href":"https:\/\/maino.it\/fr\/wp-json\/wp\/v2\/comments?post=29837"}],"wp:featuredmedia":[{"embeddable":true,"href":"https:\/\/maino.it\/fr\/wp-json\/wp\/v2\/media\/28455"}],"wp:attachment":[{"href":"https:\/\/maino.it\/fr\/wp-json\/wp\/v2\/media?parent=29837"}],"wp:term":[{"taxonomy":"product_brand","embeddable":true,"href":"https:\/\/maino.it\/fr\/wp-json\/wp\/v2\/product_brand?post=29837"},{"taxonomy":"product_cat","embeddable":true,"href":"https:\/\/maino.it\/fr\/wp-json\/wp\/v2\/product_cat?post=29837"},{"taxonomy":"product_tag","embeddable":true,"href":"https:\/\/maino.it\/fr\/wp-json\/wp\/v2\/product_tag?post=29837"}],"curies":[{"name":"wp","href":"https:\/\/api.w.org\/{rel}","templated":true}]}}