{"id":29835,"date":"2016-05-09T08:19:48","date_gmt":"2016-05-09T06:19:48","guid":{"rendered":"https:\/\/maino.it\/prodotto\/r000711-resistenza-per-incubatrici-vecchie-da-42-a-210-uova\/"},"modified":"2021-11-25T16:40:38","modified_gmt":"2021-11-25T15:40:38","slug":"r000711-resistenza-per-incubatrici-vecchie-da-42-a-210-uova","status":"publish","type":"product","link":"https:\/\/maino.it\/fr\/prodotto\/r000711-resistenza-per-incubatrici-vecchie-da-42-a-210-uova\/","title":{"rendered":"R000711 R\u00e9sistance pour couveuses ancienne version de 42 \u00e0 210 \u0153ufs"},"content":{"rendered":"<p>R\u00e9sistance chauffage en spirale flexible pour couveuse MAINO mais aussi pour toute couveuse de 42 \u00e0 252 \u0153ufs &#8211; Convient aux mod\u00e8les avec supports isolants en c\u00e9ramique.<\/p>\n<p>Mod\u00e8les compatibles:<\/p>\n<ul>\n<li>0042 &#8211; 0084 &#8211; 00126<\/li>\n<li>0164 &#8211; 0200 &#8211; MiniMaino<\/li>\n<li>SIGMA 84 &#8211; 126 &#8211; 210 &#8211; 252<\/li>\n<\/ul>\n<p>Caract\u00e9ristiques techniques:<\/p>\n<ul>\n<li>No.1 R\u00e9sistance en spirale enroul\u00e9e sur support flexible.<\/li>\n<li>Embouts d\u00e9j\u00e0 sertis aux deux extr\u00e9mit\u00e9s.<\/li>\n<li><strong>Compatible avec tous les mod\u00e8les de couveuses avec supports isolants dispos\u00e9s en carr\u00e9.<\/strong><\/li>\n<li>Normes CEE<\/li>\n<\/ul>\n","protected":false},"excerpt":{"rendered":"<p>R\u00e9sistance chauffage en spirale flexible pour couveuse MAINO mais aussi pour toute couveuse de 42 \u00e0 252 \u0153ufs &#8211; Convient aux mod\u00e8les avec supports isolants en c\u00e9ramique. Mod\u00e8les compatibles: 0042 &#8211; 0084 &#8211; 00126 0164 &#8211; 0200 &#8211; MiniMaino SIGMA 84 &#8211; 126 &#8211; 210 &#8211; 252 Caract\u00e9ristiques techniques: No.1 R\u00e9sistance en spirale enroul\u00e9e sur [&hellip;]<\/p>\n","protected":false},"featured_media":28453,"comment_status":"closed","ping_status":"closed","template":"","meta":{"_acf_changed":false},"product_brand":[],"product_cat":[183,192],"product_tag":[],"class_list":{"0":"post-29835","1":"product","2":"type-product","3":"status-publish","4":"has-post-thumbnail","6":"product_cat-pieces-detachees-elevage","7":"product_cat-resistances-chauffage","9":"first","10":"instock","11":"sale","12":"taxable","13":"shipping-taxable","14":"purchasable","15":"product-type-simple"},"acf":[],"_links":{"self":[{"href":"https:\/\/maino.it\/fr\/wp-json\/wp\/v2\/product\/29835","targetHints":{"allow":["GET"]}}],"collection":[{"href":"https:\/\/maino.it\/fr\/wp-json\/wp\/v2\/product"}],"about":[{"href":"https:\/\/maino.it\/fr\/wp-json\/wp\/v2\/types\/product"}],"replies":[{"embeddable":true,"href":"https:\/\/maino.it\/fr\/wp-json\/wp\/v2\/comments?post=29835"}],"wp:featuredmedia":[{"embeddable":true,"href":"https:\/\/maino.it\/fr\/wp-json\/wp\/v2\/media\/28453"}],"wp:attachment":[{"href":"https:\/\/maino.it\/fr\/wp-json\/wp\/v2\/media?parent=29835"}],"wp:term":[{"taxonomy":"product_brand","embeddable":true,"href":"https:\/\/maino.it\/fr\/wp-json\/wp\/v2\/product_brand?post=29835"},{"taxonomy":"product_cat","embeddable":true,"href":"https:\/\/maino.it\/fr\/wp-json\/wp\/v2\/product_cat?post=29835"},{"taxonomy":"product_tag","embeddable":true,"href":"https:\/\/maino.it\/fr\/wp-json\/wp\/v2\/product_tag?post=29835"}],"curies":[{"name":"wp","href":"https:\/\/api.w.org\/{rel}","templated":true}]}}