{"id":29832,"date":"2021-03-01T11:26:35","date_gmt":"2021-03-01T10:26:35","guid":{"rendered":"https:\/\/maino.it\/prodotto\/r00a712-resistenza-riscaldamento-per-incubatrici-da-280-a-500-uova\/"},"modified":"2021-11-25T16:19:38","modified_gmt":"2021-11-25T15:19:38","slug":"r00a712-resistenza-riscaldamento-per-incubatrici-da-280-a-500-uova","status":"publish","type":"product","link":"https:\/\/maino.it\/fr\/prodotto\/r00a712-resistenza-riscaldamento-per-incubatrici-da-280-a-500-uova\/","title":{"rendered":"R00A712 R\u00e9sistance chauffage pour couveuses de 280 \u00e0 500 \u0153ufs"},"content":{"rendered":"<p>R\u00e9sistance chauffage pour couveuse MAINO mais aussi pour toute couveuse de 280 \u00e0 500 \u0153ufs.<\/p>\n<p>Mod\u00e8les compatibles:<\/p>\n<ul>\n<li>1 &#8211; 280 ; 1 &#8211; 350 ; 2 &#8211; 420<\/li>\n<li>PRO 360<\/li>\n<li>SIGMA 388<\/li>\n<\/ul>\n<p>Caract\u00e9ristiques techniques:<\/p>\n<ul>\n<li>No.1 R\u00e9sistance autoportante.<\/li>\n<li>Connecteurs faston d\u00e9j\u00e0 sertis aux deux extr\u00e9mit\u00e9s.<\/li>\n<li><strong>Pour machines sans support pour isolateurs c\u00e9ramiques dispos\u00e9s en carr\u00e9.<\/strong><\/li>\n<li>Normes CEE<\/li>\n<\/ul>\n","protected":false},"excerpt":{"rendered":"<p>R\u00e9sistance chauffage pour couveuse MAINO mais aussi pour toute couveuse de 280 \u00e0 420 \u0153ufs, consultez la liste ci-dessous pour la compatibilit\u00e9:<\/p>\n","protected":false},"featured_media":26282,"comment_status":"closed","ping_status":"closed","template":"","meta":{"_acf_changed":false},"product_brand":[],"product_cat":[192],"product_tag":[],"class_list":{"0":"post-29832","1":"product","2":"type-product","3":"status-publish","4":"has-post-thumbnail","6":"product_cat-resistances-chauffage","8":"first","9":"instock","10":"sale","11":"taxable","12":"shipping-taxable","13":"purchasable","14":"product-type-simple"},"acf":[],"_links":{"self":[{"href":"https:\/\/maino.it\/fr\/wp-json\/wp\/v2\/product\/29832","targetHints":{"allow":["GET"]}}],"collection":[{"href":"https:\/\/maino.it\/fr\/wp-json\/wp\/v2\/product"}],"about":[{"href":"https:\/\/maino.it\/fr\/wp-json\/wp\/v2\/types\/product"}],"replies":[{"embeddable":true,"href":"https:\/\/maino.it\/fr\/wp-json\/wp\/v2\/comments?post=29832"}],"wp:featuredmedia":[{"embeddable":true,"href":"https:\/\/maino.it\/fr\/wp-json\/wp\/v2\/media\/26282"}],"wp:attachment":[{"href":"https:\/\/maino.it\/fr\/wp-json\/wp\/v2\/media?parent=29832"}],"wp:term":[{"taxonomy":"product_brand","embeddable":true,"href":"https:\/\/maino.it\/fr\/wp-json\/wp\/v2\/product_brand?post=29832"},{"taxonomy":"product_cat","embeddable":true,"href":"https:\/\/maino.it\/fr\/wp-json\/wp\/v2\/product_cat?post=29832"},{"taxonomy":"product_tag","embeddable":true,"href":"https:\/\/maino.it\/fr\/wp-json\/wp\/v2\/product_tag?post=29832"}],"curies":[{"name":"wp","href":"https:\/\/api.w.org\/{rel}","templated":true}]}}