{"id":29831,"date":"2021-03-01T11:07:17","date_gmt":"2021-03-01T10:07:17","guid":{"rendered":"https:\/\/maino.it\/prodotto\/r00b710-resistenza-riscaldamento-per-incubatrici-da-70-a-216-uova\/"},"modified":"2021-11-25T16:20:24","modified_gmt":"2021-11-25T15:20:24","slug":"r00b710-resistenza-riscaldamento-per-incubatrici-da-70-a-216-uova","status":"publish","type":"product","link":"https:\/\/maino.it\/fr\/prodotto\/r00b710-resistenza-riscaldamento-per-incubatrici-da-70-a-216-uova\/","title":{"rendered":"R00B710 R\u00e9sistance chauffage pour couveuses de 126 \u00e0 252 \u0153ufs"},"content":{"rendered":"<p>R\u00e9sistance chauffage pour couveuse MAINO mais aussi pour toute couveuse \u00e0 partir de 126 jusqu&rsquo;\u00e0 252 \u0153ufs.<\/p>\n<p>Mod\u00e8les compatibles:<\/p>\n<p>SEECUBE et BRAHMA: 77 &#8211; 140<br \/>\nPIOPIO: 70<br \/>\nME: ME4<br \/>\nMARANS: 140 &#8211; 210 &#8211; 252<br \/>\n00: 0(164) &#8211; 0200<br \/>\nSIGMA: 210 &#8211; 252<br \/>\nMiniPro: 147 &#8211; 196 &#8211; 245<\/p>\n<p>Caract\u00e9ristiques techniques:<\/p>\n<ul>\n<li>No.2 R\u00e9sistances autoportantes.<\/li>\n<li>Connecteurs faston d\u00e9j\u00e0 sertis aux deux extr\u00e9mit\u00e9s.<\/li>\n<li><strong>Pour machines sans support pour isolateurs c\u00e9ramiques dispos\u00e9s en carr\u00e9.<\/strong><\/li>\n<li>Normes CEE<\/li>\n<\/ul>\n","protected":false},"excerpt":{"rendered":"<p>R\u00e9sistance chauffage pour couveuse MAINO mais aussi pour toute couveuse \u00e0 partir de 126 jusqu&rsquo;\u00e0 252 \u0153ufs, consultez la liste ci-dessous pour la compatibilit\u00e9:<\/p>\n","protected":false},"featured_media":26282,"comment_status":"closed","ping_status":"closed","template":"","meta":{"_acf_changed":false},"product_brand":[],"product_cat":[192],"product_tag":[],"class_list":{"0":"post-29831","1":"product","2":"type-product","3":"status-publish","4":"has-post-thumbnail","6":"product_cat-resistances-chauffage","8":"first","9":"instock","10":"sale","11":"taxable","12":"shipping-taxable","13":"purchasable","14":"product-type-simple"},"acf":[],"_links":{"self":[{"href":"https:\/\/maino.it\/fr\/wp-json\/wp\/v2\/product\/29831","targetHints":{"allow":["GET"]}}],"collection":[{"href":"https:\/\/maino.it\/fr\/wp-json\/wp\/v2\/product"}],"about":[{"href":"https:\/\/maino.it\/fr\/wp-json\/wp\/v2\/types\/product"}],"replies":[{"embeddable":true,"href":"https:\/\/maino.it\/fr\/wp-json\/wp\/v2\/comments?post=29831"}],"wp:featuredmedia":[{"embeddable":true,"href":"https:\/\/maino.it\/fr\/wp-json\/wp\/v2\/media\/26282"}],"wp:attachment":[{"href":"https:\/\/maino.it\/fr\/wp-json\/wp\/v2\/media?parent=29831"}],"wp:term":[{"taxonomy":"product_brand","embeddable":true,"href":"https:\/\/maino.it\/fr\/wp-json\/wp\/v2\/product_brand?post=29831"},{"taxonomy":"product_cat","embeddable":true,"href":"https:\/\/maino.it\/fr\/wp-json\/wp\/v2\/product_cat?post=29831"},{"taxonomy":"product_tag","embeddable":true,"href":"https:\/\/maino.it\/fr\/wp-json\/wp\/v2\/product_tag?post=29831"}],"curies":[{"name":"wp","href":"https:\/\/api.w.org\/{rel}","templated":true}]}}