{"id":29829,"date":"2016-05-05T16:27:43","date_gmt":"2016-05-05T14:27:43","guid":{"rendered":"https:\/\/maino.it\/prodotto\/r00a710-resistenza-riscaldamento-per-incubatrici-fino-a-126-uova\/"},"modified":"2021-11-25T16:21:37","modified_gmt":"2021-11-25T15:21:37","slug":"r00a710-resistenza-riscaldamento-per-incubatrici-fino-a-126-uova","status":"publish","type":"product","link":"https:\/\/maino.it\/fr\/prodotto\/r00a710-resistenza-riscaldamento-per-incubatrici-fino-a-126-uova\/","title":{"rendered":"R00A710 R\u00e9sistance chauffage pour couveuses jusqu&rsquo;\u00e0 126 \u0153ufs"},"content":{"rendered":"<p>R\u00e9sistance chauffage pour couveuse MAINO mais aussi pour toute couveuse jusqu&rsquo;\u00e0 126 \u0153ufs,<\/p>\n<p>Mod\u00e8les compatibles:<\/p>\n<ul>\n<li>SEECUBE et BRAHMA: 16 &#8211; 25 &#8211; 56<\/li>\n<li>PIOPIO: 25 &#8211; 36 &#8211; 56<\/li>\n<li>MPS: 24 &#8211; 35<\/li>\n<li>ME: ME3<\/li>\n<li>MARANS: 90 &#8211; 105<\/li>\n<li>00: 0042 &#8211; 0084 &#8211; 00126<\/li>\n<li>SIGMA: 84 &#8211; 126<\/li>\n<li>MiniPro: 98<\/li>\n<\/ul>\n<p>Caract\u00e9ristiques techniques:<\/p>\n<ul>\n<li>No.1 R\u00e9sistance autoportante.<\/li>\n<li>Connecteurs faston d\u00e9j\u00e0 sertis aux deux extr\u00e9mit\u00e9s.<\/li>\n<li><strong>Pour machines sans support pour isolateurs c\u00e9ramiques dispos\u00e9s en carr\u00e9.<\/strong><\/li>\n<li>Normes CEE<\/li>\n<\/ul>\n","protected":false},"excerpt":{"rendered":"<p>R\u00e9sistance chauffage pour couveuse MAINO mais aussi pour toute couveuse jusqu&rsquo;\u00e0 126 \u0153ufs, consultez la liste ci-dessous pour la compatibilit\u00e9:<\/p>\n","protected":false},"featured_media":28097,"comment_status":"closed","ping_status":"closed","template":"","meta":{"_acf_changed":false},"product_brand":[],"product_cat":[183,192],"product_tag":[],"class_list":{"0":"post-29829","1":"product","2":"type-product","3":"status-publish","4":"has-post-thumbnail","6":"product_cat-pieces-detachees-elevage","7":"product_cat-resistances-chauffage","9":"first","10":"instock","11":"sale","12":"taxable","13":"shipping-taxable","14":"purchasable","15":"product-type-simple"},"acf":[],"_links":{"self":[{"href":"https:\/\/maino.it\/fr\/wp-json\/wp\/v2\/product\/29829","targetHints":{"allow":["GET"]}}],"collection":[{"href":"https:\/\/maino.it\/fr\/wp-json\/wp\/v2\/product"}],"about":[{"href":"https:\/\/maino.it\/fr\/wp-json\/wp\/v2\/types\/product"}],"replies":[{"embeddable":true,"href":"https:\/\/maino.it\/fr\/wp-json\/wp\/v2\/comments?post=29829"}],"wp:featuredmedia":[{"embeddable":true,"href":"https:\/\/maino.it\/fr\/wp-json\/wp\/v2\/media\/28097"}],"wp:attachment":[{"href":"https:\/\/maino.it\/fr\/wp-json\/wp\/v2\/media?parent=29829"}],"wp:term":[{"taxonomy":"product_brand","embeddable":true,"href":"https:\/\/maino.it\/fr\/wp-json\/wp\/v2\/product_brand?post=29829"},{"taxonomy":"product_cat","embeddable":true,"href":"https:\/\/maino.it\/fr\/wp-json\/wp\/v2\/product_cat?post=29829"},{"taxonomy":"product_tag","embeddable":true,"href":"https:\/\/maino.it\/fr\/wp-json\/wp\/v2\/product_tag?post=29829"}],"curies":[{"name":"wp","href":"https:\/\/api.w.org\/{rel}","templated":true}]}}