{"id":29828,"date":"2017-06-09T12:27:58","date_gmt":"2017-06-09T10:27:58","guid":{"rendered":"https:\/\/maino.it\/prodotto\/rmd-disinfettante-detergente-per-tutte-le-incubatrici\/"},"modified":"2021-11-25T15:55:26","modified_gmt":"2021-11-25T14:55:26","slug":"rmd-disinfettante-detergente-per-tutte-le-incubatrici","status":"publish","type":"product","link":"https:\/\/maino.it\/fr\/prodotto\/rmd-disinfettante-detergente-per-tutte-le-incubatrici\/","title":{"rendered":"RMD D\u00e9sinfectant &#8211; Nettoyant pour toutes les couveuses"},"content":{"rendered":"<p>RMD D\u00e9sinfectant &#8211; Nettoyant pour toutes les couveuses.<\/p>\n<p>Produit sp\u00e9cifique pour le nettoyage des incubateurs et \u00e9closoirs de toutes marques.<\/p>\n<p>Bouteille 125cc.<\/p>\n","protected":false},"excerpt":{"rendered":"<p>RMD D\u00e9sinfectant &#8211; Nettoyant pour toutes les couveuses. Produit sp\u00e9cifique pour le nettoyage des incubateurs et \u00e9closoirs de toutes marques. Bouteille 125cc.<\/p>\n","protected":false},"featured_media":0,"comment_status":"closed","ping_status":"closed","template":"","meta":{"_acf_changed":false},"product_brand":[],"product_cat":[189,183],"product_tag":[],"class_list":{"0":"post-29828","1":"product","2":"type-product","3":"status-publish","5":"product_cat-nettoyage","6":"product_cat-pieces-detachees-elevage","8":"first","9":"instock","10":"sale","11":"taxable","12":"shipping-taxable","13":"purchasable","14":"product-type-simple"},"acf":[],"_links":{"self":[{"href":"https:\/\/maino.it\/fr\/wp-json\/wp\/v2\/product\/29828","targetHints":{"allow":["GET"]}}],"collection":[{"href":"https:\/\/maino.it\/fr\/wp-json\/wp\/v2\/product"}],"about":[{"href":"https:\/\/maino.it\/fr\/wp-json\/wp\/v2\/types\/product"}],"replies":[{"embeddable":true,"href":"https:\/\/maino.it\/fr\/wp-json\/wp\/v2\/comments?post=29828"}],"wp:attachment":[{"href":"https:\/\/maino.it\/fr\/wp-json\/wp\/v2\/media?parent=29828"}],"wp:term":[{"taxonomy":"product_brand","embeddable":true,"href":"https:\/\/maino.it\/fr\/wp-json\/wp\/v2\/product_brand?post=29828"},{"taxonomy":"product_cat","embeddable":true,"href":"https:\/\/maino.it\/fr\/wp-json\/wp\/v2\/product_cat?post=29828"},{"taxonomy":"product_tag","embeddable":true,"href":"https:\/\/maino.it\/fr\/wp-json\/wp\/v2\/product_tag?post=29828"}],"curies":[{"name":"wp","href":"https:\/\/api.w.org\/{rel}","templated":true}]}}