{"id":29822,"date":"2019-03-05T07:52:00","date_gmt":"2019-03-05T06:52:00","guid":{"rendered":"https:\/\/maino.it\/prodotto\/r003003-cassetto-oca-00\/"},"modified":"2021-11-25T15:32:19","modified_gmt":"2021-11-25T14:32:19","slug":"r003003-cassetto-oca-00","status":"publish","type":"product","link":"https:\/\/maino.it\/fr\/prodotto\/r003003-cassetto-oca-00\/","title":{"rendered":"R003003 tiroir oie 00"},"content":{"rendered":"<p>Tiroir incubation pour \u0153ufs d&rsquo;oie pour les anciennes couveuses 0042-0084-00126-0-0200.<\/p>\n<p>Capacit\u00e9 24 \u0153ufs.<\/p>\n<p><em>La disponibilit\u00e9 de cet accessoire varie fortement selon la saison, les d\u00e9lais de livraison peuvent \u00eatre imm\u00e9diats ou retard\u00e9s de quelques jours.<\/em><\/p>\n<p><em>L&rsquo;image est purement \u00e0 des fins de d\u00e9monstration, l&rsquo;accessoire envoy\u00e9 peut \u00eatre diff\u00e9rent en taille et en caract\u00e9ristiques de connexion au syst\u00e8me de retournement des \u0153ufs pour s&rsquo;adapter \u00e0 la version s\u00e9lectionn\u00e9e.<\/em><\/p>\n","protected":false},"excerpt":{"rendered":"<p>Tiroir incubation pour \u0153ufs d&rsquo;oie pour les anciennes couveuses 0042-0084-00126-0-0200. Capacit\u00e9 24 \u0153ufs. La disponibilit\u00e9 de cet accessoire varie fortement selon la saison, les d\u00e9lais de livraison peuvent \u00eatre imm\u00e9diats ou retard\u00e9s de quelques jours. L&rsquo;image est purement \u00e0 des fins de d\u00e9monstration, l&rsquo;accessoire envoy\u00e9 peut \u00eatre diff\u00e9rent en taille et en caract\u00e9ristiques de connexion [&hellip;]<\/p>\n","protected":false},"featured_media":26574,"comment_status":"closed","ping_status":"closed","template":"","meta":{"_acf_changed":false},"product_brand":[],"product_cat":[183,186],"product_tag":[],"class_list":{"0":"post-29822","1":"product","2":"type-product","3":"status-publish","4":"has-post-thumbnail","6":"product_cat-pieces-detachees-elevage","7":"product_cat-tiroirs-et-paniers","9":"first","10":"instock","11":"sale","12":"taxable","13":"shipping-taxable","14":"purchasable","15":"product-type-simple"},"acf":[],"_links":{"self":[{"href":"https:\/\/maino.it\/fr\/wp-json\/wp\/v2\/product\/29822","targetHints":{"allow":["GET"]}}],"collection":[{"href":"https:\/\/maino.it\/fr\/wp-json\/wp\/v2\/product"}],"about":[{"href":"https:\/\/maino.it\/fr\/wp-json\/wp\/v2\/types\/product"}],"replies":[{"embeddable":true,"href":"https:\/\/maino.it\/fr\/wp-json\/wp\/v2\/comments?post=29822"}],"wp:featuredmedia":[{"embeddable":true,"href":"https:\/\/maino.it\/fr\/wp-json\/wp\/v2\/media\/26574"}],"wp:attachment":[{"href":"https:\/\/maino.it\/fr\/wp-json\/wp\/v2\/media?parent=29822"}],"wp:term":[{"taxonomy":"product_brand","embeddable":true,"href":"https:\/\/maino.it\/fr\/wp-json\/wp\/v2\/product_brand?post=29822"},{"taxonomy":"product_cat","embeddable":true,"href":"https:\/\/maino.it\/fr\/wp-json\/wp\/v2\/product_cat?post=29822"},{"taxonomy":"product_tag","embeddable":true,"href":"https:\/\/maino.it\/fr\/wp-json\/wp\/v2\/product_tag?post=29822"}],"curies":[{"name":"wp","href":"https:\/\/api.w.org\/{rel}","templated":true}]}}