{"id":29798,"date":"2019-03-14T10:49:57","date_gmt":"2019-03-14T09:49:57","guid":{"rendered":"https:\/\/maino.it\/prodotto\/galiner-g2\/"},"modified":"2021-12-09T10:27:18","modified_gmt":"2021-12-09T09:27:18","slug":"galiner-g2","status":"publish","type":"product","link":"https:\/\/maino.it\/fr\/prodotto\/galiner-g2\/","title":{"rendered":"GALINER G2"},"content":{"rendered":"<p align=\"justify\"><em>Voici <strong>Galiner G2<\/strong>, la maison pour vos poules, un espace clos simple et fonctionnel qui ressemble \u00e0 une maison de campagne, l&rsquo;abri parfait o\u00f9 vous pourrez \u00e9lever vos poules, garantissant la bonne s\u00e9curit\u00e9.<\/em><\/p>\n<p align=\"justify\"><em><strong>Ce n&rsquo;est pas le poulailler habituel, Galiner G2<\/strong> est un produit \u00e0 forte personnalit\u00e9 esth\u00e9tique, il a bonne allure et fera envie \u00e0 vos voisins, tout en assurant la s\u00e9curit\u00e9 de vos poules.<\/em><\/p>\n<p align=\"justify\"><em>A l&rsquo;int\u00e9rieur il y a deux balcons en bois sur lesquels les poulets peuvent aller pour se reposer, le fond est fait de panneaux pr\u00e9form\u00e9s de treillis \u00e9lectro-soud\u00e9 avec un treillis \u00ab\u00a0anti-souris\u00a0\u00bb et la seule porte a des rainures de pr\u00e9hension particuli\u00e8res pour les jambes et aussi agit comme goulotte d&rsquo;entr\u00e9e\/sortie.<\/em><\/p>\n<p align=\"justify\"><em>La structure est produite avec des machines CNC \u00e0 partir de panneaux en OSB3 (bois et copeaux de r\u00e9sine), elle est extr\u00eamement r\u00e9sistante aux agents atmosph\u00e9riques, insectes, parasites, etc.elle peut \u00eatre peinte et est exp\u00e9di\u00e9 d\u00e9mont\u00e9. Le pr\u00e9formage est tr\u00e8s pr\u00e9cis, garantit des joints parfaits et s&rsquo;assemble sans avoir besoin d&rsquo;outils.<\/em><\/p>\n<p align=\"justify\"><em>Le poulailler <strong>Galiner<\/strong> n&rsquo;est pas difficile \u00e0 d\u00e9placer dans diff\u00e9rentes zones de votre parcelle (le poids est faible) et avec vos poules vous obtenez \u00e0 la fois une source d&rsquo;\u0153ufs frais et la fertilisation naturelle du sol en dessous avec de la mati\u00e8re organique riche en azote \u00ab\u00a0des d\u00e9jections\u00a0\u00bb vous permettant de gagner du temps et de l&rsquo;argent.<\/em><\/p>\n<p><strong>Caract\u00e9ristiques techniques:<\/strong><\/p>\n<ul>\n<li>No.1 <strong>Galiner G2<\/strong> d\u00e9mont\u00e9, compos\u00e9 de tous les \u00e9l\u00e9ments \u00e9num\u00e9r\u00e9s ci-dessous en OSB3 brut non peint;\n<ul>\n<li>no.4 parois avec pr\u00e9disposition de connexion pour accessoires optionnels <strong>NG<\/strong> et <strong>RG<\/strong>.<\/li>\n<li>no.2 pentes de toit (elles sont en PVC thermo-isolant r\u00e9sistant aux UV).<\/li>\n<li>no.1 porte en forme.<\/li>\n<li>no.2 panneaux grillag\u00e9s galvanis\u00e9s \u00e9lectro-soud\u00e9s \u00ab\u00a0maille anti-souris\u00a0\u00bb.<\/li>\n<li>no.4 charni\u00e8res pour le toit + no.2 charni\u00e8res pour la porte.<\/li>\n<li>no.1 poutre centrale de grenier con\u00e7ue pour installer le radiant chauffage <strong>CB1<\/strong> en option.<\/li>\n<li>no.4 poutrelles de renfort et support des panneaux fond en maille.<\/li>\n<li>no.2 atelles en bois avec fonction balcon.<\/li>\n<li>no.1 mangeoire.<\/li>\n<li>no.1 abreuvoir.<\/li>\n<\/ul>\n<\/li>\n<\/ul>\n<p><em>La photo montre le poulailler <strong>Galiner G2<\/strong> assembl\u00e9, avec le pondoir NG en option.<\/em><\/p>\n<p align=\"justify\">Trois accessoires int\u00e9ressants sont disponibles en option:<\/p>\n<ul>\n<li><strong><em>CB1<\/em><\/strong><em> radiant chauffage \u00e9lectrique Caldo Bello avec thermostat, pour garder les poules au chaud pendant la saison hivernale lorsque le froid devient plus intense.<\/em><\/li>\n<li><em><strong>NG<\/strong> nid pratique pour la ponte, avec deux emplacements s\u00e9par\u00e9s et un syst\u00e8me de cache-\u0153ufs qui emp\u00eache les poules de les trouver et de les manger (les \u0153ufs sont r\u00e9cup\u00e9r\u00e9s de l&rsquo;ext\u00e9rieur en soulevant un couvercle).<\/em><\/li>\n<li><em><strong>RG<\/strong> enceinte grillag\u00e9e avec fermeture sup\u00e9rieure, cr\u00e9e un espace externe connect\u00e9 au <strong>Galiner<\/strong>, permet aux poules de se gratter \u00e0 l&rsquo;ext\u00e9rieur sans pouvoir s&rsquo;\u00e9chapper, tout en \u00e9loignant tout pr\u00e9dateur.<\/em><\/li>\n<\/ul>\n<p align=\"justify\"><em>MAINO est une entreprise historique dans la production d&rsquo;equipements de haute qualit\u00e9 au service de l&rsquo;\u00e9leveur. <strong>Galiner G2<\/strong> est con\u00e7u en totale conformit\u00e9 avec les normes internationales sur le bien-\u00eatre animal, est fabriqu\u00e9 avec des mat\u00e9riaux de qualit\u00e9 et ne n\u00e9cessite pas d&rsquo;entretien particulier. La structure est solide, fonctionnelle, garantit un bon \u00e9change d&rsquo;air et une bonne isolation thermique et acoustique. Les panneaux en OSB3 ne permettent pas l&rsquo;\u00e9radication des Poux, des Acariens rouges, de la Gale, etc. en plus d&rsquo;\u00eatre facile \u00e0 monter, il est tout aussi facile \u00e0 d\u00e9monter pour un nettoyage en profondeur (m\u00eame avec un nettoyeur haute pression et des produits d\u00e9tergents d\u00e9graissants) pour un niveau d&rsquo;hygi\u00e8ne in\u00e9gal\u00e9.<\/em><\/p>\n","protected":false},"excerpt":{"rendered":"<p style=\"text-align: justify;\"><em><b>Galiner G2<\/b> est \u00ab\u00a0le vrai <strong>Poulailler<\/strong> de jardin pour vos poules\u00a0\u00bb, il ressemble \u00e0 une maison de campagne et si n\u00e9cessaire il peut \u00eatre compl\u00e8tement d\u00e9mont\u00e9 pour un nettoyage en profondeur parfait. Il est beau et fera l&rsquo;envie de vos voisins, assurant la bonne s\u00e9curit\u00e9 pour vos poulets.<\/em><\/p>\n","protected":false},"featured_media":26635,"comment_status":"closed","ping_status":"closed","template":"","meta":{"_acf_changed":false},"product_brand":[],"product_cat":[142,181],"product_tag":[255,262,258],"class_list":{"0":"post-29798","1":"product","2":"type-product","3":"status-publish","4":"has-post-thumbnail","6":"product_cat-elevage","7":"product_cat-poulaillers","8":"product_tag-galiner-fr","9":"product_tag-poulailler","10":"product_tag-poules","12":"first","13":"instock","14":"sale","15":"taxable","16":"shipping-taxable","17":"purchasable","18":"product-type-simple"},"acf":[],"_links":{"self":[{"href":"https:\/\/maino.it\/fr\/wp-json\/wp\/v2\/product\/29798","targetHints":{"allow":["GET"]}}],"collection":[{"href":"https:\/\/maino.it\/fr\/wp-json\/wp\/v2\/product"}],"about":[{"href":"https:\/\/maino.it\/fr\/wp-json\/wp\/v2\/types\/product"}],"replies":[{"embeddable":true,"href":"https:\/\/maino.it\/fr\/wp-json\/wp\/v2\/comments?post=29798"}],"wp:featuredmedia":[{"embeddable":true,"href":"https:\/\/maino.it\/fr\/wp-json\/wp\/v2\/media\/26635"}],"wp:attachment":[{"href":"https:\/\/maino.it\/fr\/wp-json\/wp\/v2\/media?parent=29798"}],"wp:term":[{"taxonomy":"product_brand","embeddable":true,"href":"https:\/\/maino.it\/fr\/wp-json\/wp\/v2\/product_brand?post=29798"},{"taxonomy":"product_cat","embeddable":true,"href":"https:\/\/maino.it\/fr\/wp-json\/wp\/v2\/product_cat?post=29798"},{"taxonomy":"product_tag","embeddable":true,"href":"https:\/\/maino.it\/fr\/wp-json\/wp\/v2\/product_tag?post=29798"}],"curies":[{"name":"wp","href":"https:\/\/api.w.org\/{rel}","templated":true}]}}