{"id":29787,"date":"2019-03-14T12:46:44","date_gmt":"2019-03-14T11:46:44","guid":{"rendered":"https:\/\/maino.it\/prodotto\/ng-nido-per-galiner\/"},"modified":"2021-11-18T11:09:45","modified_gmt":"2021-11-18T10:09:45","slug":"ng-nido-per-galiner","status":"publish","type":"product","link":"https:\/\/maino.it\/fr\/prodotto\/ng-nido-per-galiner\/","title":{"rendered":"NG pondoir pour Galiner G2"},"content":{"rendered":"<p align=\"justify\">NG pondoir pour poules \u00e0 2 espaces, en OSB3 pr\u00e9form\u00e9 \u00e0 embo\u00eetement, d\u00e9mont\u00e9 pr\u00eat \u00e0 monter sans outils. Une fois assembl\u00e9, il doit \u00eatre appliqu\u00e9 \u00e0 l&rsquo;ext\u00e9rieur de la paroi arri\u00e8re du Galiner dans les fentes appropri\u00e9es d\u00e9j\u00e0 pr\u00e9par\u00e9es.<\/p>\n<p><strong>Caract\u00e9ristiques techniques:<\/strong><\/p>\n<ul>\n<li>No.1 <strong>NG<\/strong> pondoir pour <strong>Galiner G2<\/strong>d\u00e9mont\u00e9 compos\u00e9 d&rsquo;\u00e9l\u00e9ments pr\u00e9form\u00e9s en OSB3 brut non peint;\n<ul>\n<li>no.3 parois.<\/li>\n<li>no.1 toit.<\/li>\n<li>no.2 s\u00e9parateurs int\u00e9rnes.<\/li>\n<li>no.2 panneaux de fond de poulailler en \u00ab\u00a0maille anti-souris\u00a0\u00bb galvanis\u00e9 \u00e9lectro-soud\u00e9.<\/li>\n<li>no.1 kit de 2 charni\u00e8res pour le toit.<\/li>\n<li>no.1 solives de renfort \u00e9galement avec la fonction de soutenir les panneaux inf\u00e9rieurs en maille.<\/li>\n<\/ul>\n<\/li>\n<\/ul>\n","protected":false},"excerpt":{"rendered":"<p>NG pondoir pour poules \u00e0 2 espaces, en OSB3 pr\u00e9form\u00e9 \u00e0 embo\u00eetement, d\u00e9mont\u00e9 pr\u00eat \u00e0 monter sans outils. Une fois assembl\u00e9, il doit \u00eatre appliqu\u00e9 \u00e0 l&rsquo;ext\u00e9rieur de la paroi arri\u00e8re du Galiner dans les fentes appropri\u00e9es d\u00e9j\u00e0 pr\u00e9par\u00e9es. Caract\u00e9ristiques techniques: No.1 NG pondoir pour Galiner G2d\u00e9mont\u00e9 compos\u00e9 d&rsquo;\u00e9l\u00e9ments pr\u00e9form\u00e9s en OSB3 brut non peint; [&hellip;]<\/p>\n","protected":false},"featured_media":0,"comment_status":"closed","ping_status":"closed","template":"","meta":{"_acf_changed":false},"product_brand":[],"product_cat":[181],"product_tag":[],"class_list":{"0":"post-29787","1":"product","2":"type-product","3":"status-publish","5":"product_cat-poulaillers","7":"first","8":"instock","9":"taxable","10":"shipping-taxable","11":"purchasable","12":"product-type-simple"},"acf":[],"_links":{"self":[{"href":"https:\/\/maino.it\/fr\/wp-json\/wp\/v2\/product\/29787","targetHints":{"allow":["GET"]}}],"collection":[{"href":"https:\/\/maino.it\/fr\/wp-json\/wp\/v2\/product"}],"about":[{"href":"https:\/\/maino.it\/fr\/wp-json\/wp\/v2\/types\/product"}],"replies":[{"embeddable":true,"href":"https:\/\/maino.it\/fr\/wp-json\/wp\/v2\/comments?post=29787"}],"wp:attachment":[{"href":"https:\/\/maino.it\/fr\/wp-json\/wp\/v2\/media?parent=29787"}],"wp:term":[{"taxonomy":"product_brand","embeddable":true,"href":"https:\/\/maino.it\/fr\/wp-json\/wp\/v2\/product_brand?post=29787"},{"taxonomy":"product_cat","embeddable":true,"href":"https:\/\/maino.it\/fr\/wp-json\/wp\/v2\/product_cat?post=29787"},{"taxonomy":"product_tag","embeddable":true,"href":"https:\/\/maino.it\/fr\/wp-json\/wp\/v2\/product_tag?post=29787"}],"curies":[{"name":"wp","href":"https:\/\/api.w.org\/{rel}","templated":true}]}}