{"id":29604,"date":"2021-10-26T15:07:55","date_gmt":"2021-10-26T13:07:57","guid":{"rendered":"https:\/\/maino.it\/?post_type=product&#038;p=29604"},"modified":"2021-10-27T10:07:32","modified_gmt":"2021-10-27T08:07:32","slug":"ix24-pro","status":"publish","type":"product","link":"https:\/\/maino.it\/fr\/prodotto\/ix24-pro\/","title":{"rendered":"IX24 PRO"},"content":{"rendered":"<ul>\n<li>Incubateur ou \u00e9closoir \/ ou les deux,\u00a0 pour \u0153ufs de Perroquets, Oiseaux de proie, d&rsquo;Oiseaux rares et Exotiques.<\/li>\n<li>R\u00e9partition dynamique de la chaleur au moyen d&rsquo;un ventilateur.<\/li>\n<li>Cabine et porte en mousse PVC rigide thermo-isol\u00e9 blanche classe A, obtenue \u00e0 partir d&rsquo;un panneau plat usin\u00e9 avec des machines CNC et profil\u00e9e en acier.<\/li>\n<li>Grande fen\u00eatre d&rsquo;inspection en plexiglas transparent r\u00e9alis\u00e9e dans la porte.<\/li>\n<li>Retournement des oeufs automatique.\n<ul>\n<li>no.1 tiroir avec rotation sur un syst\u00e8me de rouleaux sp\u00e9cial qui permet l\u2019insertion de diff\u00e9rents types d\u2019\u0153ufs m\u00eame si avec des tailles diff\u00e9rentes &#8211; <em><strong>Capacit\u00e9 maximale 12 \u0153ufs diam\u00e8tre 27 mm<\/strong><\/em>.<\/li>\n<\/ul>\n<\/li>\n<\/ul>\n<ul>\n<li>No.1 niveau pour \u00e9ventuelle \u00e9closion des \u0153ufs.\n<ul>\n<li><em>Si vous souhaitez que ce niveau soit \u00e9quip\u00e9 d&rsquo;un deuxi\u00e8me tiroir suppl\u00e9mentaire avec rotation sur un syst\u00e8me de rouleaux sp\u00e9cial et retrounement automatique des \u0153ufs, doublant ainsi la capacit\u00e9 maximale d&rsquo;\u0153ufs incub\u00e9s, il suffit de s\u00e9lectionner l&rsquo;option disponible lors de la commande.<\/em><\/li>\n<\/ul>\n<\/li>\n<\/ul>\n<ul>\n<li>Contr\u00f4leur \u00e0 micro-ordinateur PID (version D) avec capteur num\u00e9rique de temp\u00e9rature et d&rsquo;humidit\u00e9 unifi\u00e9 et alarmes de minimale et maximale. Il lit et maintient la temp\u00e9rature et en plus lit l&rsquo;Humidit\u00e9 Relative.\n<ul>\n<li><em>Si vous voulez plus de performances, s\u00e9lectionnez simplement l&rsquo;option disponible.<\/em><\/li>\n<\/ul>\n<\/li>\n<li>R\u00e9glage manuel de l&rsquo;humidit\u00e9 gr\u00e2ce \u00e0 des bacs \u00e0 eau amovibles sans ouvrir la porte.<\/li>\n<li>Le remplissage d&rsquo;eau se fait \u00e9galement toujours de l&rsquo;ext\u00e9rieur sans qu&rsquo;il soit n\u00e9cessaire d&rsquo;ouvrir la porte de la machine.\n<ul>\n<li>Pour augmenter la r\u00e9serve d&rsquo;eau, un kit de support est fourni avec un bouchon sp\u00e9cial avec valve, qui s&rsquo;adapte \u00e0 toute bouteille d&rsquo;eau en plastique (bouteille non incluse).<\/li>\n<\/ul>\n<\/li>\n<\/ul>\n<ul>\n<li>Protection int\u00e9grale des parties \u00e9lectriques et m\u00e9caniques.<\/li>\n<li>Puissance de watt 163 et consommation moyenne de 41 watt\/heure.<\/li>\n<li>Conception et construction selon les normes CEE.<\/li>\n<li>Tensione Vca 230+10\/-15% HZ. 50\u00b10.5%.<\/li>\n<li>Garantie de 2 ans pour tout d\u00e9faut de fabrication.<\/li>\n<li>Exp\u00e9di\u00e9 assembl\u00e9 et pr\u00eat \u00e0 l&#8217;emploi &#8211; Poids 19 Kg.<\/li>\n<li>Notice d&rsquo;utilisation et d&rsquo;entretien avec des images pour simplifier l&rsquo;apprentissage.<\/li>\n<\/ul>\n<p>&nbsp;<\/p>\n<p>Tutoriel vid\u00e9o charge eau:<\/p>\n<p><iframe loading=\"lazy\" title=\"Installazione kit supporto e valvola minipro\" width=\"500\" height=\"281\" src=\"https:\/\/www.youtube.com\/embed\/L5ZU2LE4MRY?feature=oembed\" frameborder=\"0\" allow=\"accelerometer; autoplay; clipboard-write; encrypted-media; gyroscope; picture-in-picture; web-share\" referrerpolicy=\"strict-origin-when-cross-origin\" allowfullscreen><\/iframe><\/p>\n","protected":false},"excerpt":{"rendered":"<h1>Couveuse pour \u0153ufs de Perroquets, Oiseaux de proie, d&rsquo;Oiseaux rares et Exotiques.<\/h1>\n<p>Version de base du mod\u00e8le IX24 PRO, structure themo-isolante en PVC expans\u00e9 et porte avec fen\u00eatre d&rsquo;inspection en plexiglas transparent, contr\u00f4leur de temp\u00e9rature + lecture hygrom\u00e9trique + affichage num\u00e9rique, retournement des \u0153ufs automatique, rotation sur syst\u00e8me sp\u00e9cial \u00e0 rouleaux.<\/p>\n<p>Le remplissage d&rsquo;eau n\u00e9cessaire au maintien de l&rsquo;humidit\u00e9 s&rsquo;effectue de l&rsquo;ext\u00e9rieur, il n&rsquo;est pas n\u00e9cessaire d&rsquo;ouvrir la machine pour remplir.<\/p>\n<p><strong>Si vous souhaitez plus de performances, vous devez s\u00e9lectionner les champs suivants<\/strong><\/p>\n","protected":false},"featured_media":29611,"comment_status":"closed","ping_status":"closed","template":"","meta":{"_acf_changed":false},"product_brand":[],"product_cat":[150,134],"product_tag":[],"class_list":{"0":"post-29604","1":"product","2":"type-product","3":"status-publish","4":"has-post-thumbnail","6":"product_cat-incubateurs-maino-pour-exotiques","7":"product_cat-incubateurs-et-eclosoirs","9":"first","10":"instock","11":"sale","12":"taxable","13":"shipping-taxable","14":"purchasable","15":"product-type-simple"},"acf":[],"_links":{"self":[{"href":"https:\/\/maino.it\/fr\/wp-json\/wp\/v2\/product\/29604","targetHints":{"allow":["GET"]}}],"collection":[{"href":"https:\/\/maino.it\/fr\/wp-json\/wp\/v2\/product"}],"about":[{"href":"https:\/\/maino.it\/fr\/wp-json\/wp\/v2\/types\/product"}],"replies":[{"embeddable":true,"href":"https:\/\/maino.it\/fr\/wp-json\/wp\/v2\/comments?post=29604"}],"wp:featuredmedia":[{"embeddable":true,"href":"https:\/\/maino.it\/fr\/wp-json\/wp\/v2\/media\/29611"}],"wp:attachment":[{"href":"https:\/\/maino.it\/fr\/wp-json\/wp\/v2\/media?parent=29604"}],"wp:term":[{"taxonomy":"product_brand","embeddable":true,"href":"https:\/\/maino.it\/fr\/wp-json\/wp\/v2\/product_brand?post=29604"},{"taxonomy":"product_cat","embeddable":true,"href":"https:\/\/maino.it\/fr\/wp-json\/wp\/v2\/product_cat?post=29604"},{"taxonomy":"product_tag","embeddable":true,"href":"https:\/\/maino.it\/fr\/wp-json\/wp\/v2\/product_tag?post=29604"}],"curies":[{"name":"wp","href":"https:\/\/api.w.org\/{rel}","templated":true}]}}