{"id":29581,"date":"2021-10-25T17:15:44","date_gmt":"2021-10-25T15:15:44","guid":{"rendered":"https:\/\/maino.it\/?post_type=product&#038;p=29581"},"modified":"2023-06-06T14:39:15","modified_gmt":"2023-06-06T12:39:15","slug":"amazonas-2","status":"publish","type":"product","link":"https:\/\/maino.it\/fr\/prodotto\/amazonas-2\/","title":{"rendered":"AMAZONAS 2"},"content":{"rendered":"<ul>\n<li>Chambre chaude ou de soins intensifs pour oiseaux et animaux exotiques, avec r\u00e9partition dynamique de la chaleur au moyen d&rsquo;un ventilateur.<\/li>\n<li>Cabine en mousse PVC rigide thermo-isol\u00e9 blanche classe A, obtenue \u00e0 partir d\u2019un panneau plat usin\u00e9 avec des machines CNC et profil\u00e9e en acier galvanis\u00e9 lamin\u00e9 avec du pvc blanc.<\/li>\n<li>No.2 portes coulissantes en plexiglas transparent.<\/li>\n<li>Contr\u00f4leur PID \u00e0 micro-ordinateur (version de base T) pour le contr\u00f4le de seule Temp\u00e9rature avec alarmes de minimale et maximale \u2013 Si vous souhaitez plus de performances, s\u00e9lectionnez simplement les options disponibles.<\/li>\n<li>Dimensions utiles internes en cm. largeur 63 x\u00a0 profondeur 34 x hauteur 37.<\/li>\n<li>\u00c9change d&rsquo;air avec rideau r\u00e9glable.<\/li>\n<li>Protection int\u00e9grale des parties \u00e9lectriques et m\u00e9caniques.<\/li>\n<li>Puissance de watts 317 et consommation moyenne de 79 watts \/ heure.<\/li>\n<li>Conception et construction selon les normes CEE.<\/li>\n<li>Tension Vca 230+10\/-15% HZ. 50\u00b10.5%.<\/li>\n<li>Garantie de 2 ans pour tout d\u00e9faut de fabrication.<\/li>\n<li>Exp\u00e9di\u00e9 assembl\u00e9 et pr\u00eat \u00e0 l&#8217;emploi \u2013 Poids \u00e0 partir de 13 Kg.<\/li>\n<li>Notice d\u2019utilisation et d\u2019entretien avec des images pour simplifier l\u2019apprentissage.<\/li>\n<\/ul>\n","protected":false},"excerpt":{"rendered":"<h3>Chambre chaude configurable et sp\u00e9cifique pour oiseaux et animaux exotiques.<\/h3>\n<p>Structure en PVC expans\u00e9 thermo-isolant, contr\u00f4le de temp\u00e9rature + affichage num\u00e9rique et bien plus.<\/p>\n<p><strong>Garantie 2 ANS<\/strong><\/p>\n<p><strong>Con\u00e7u et fabriqu\u00e9 \u00e0 Como &#8211; Italie<\/strong><\/p>\n","protected":false},"featured_media":29577,"comment_status":"closed","ping_status":"closed","template":"","meta":{"_acf_changed":false},"product_brand":[],"product_cat":[283,171],"product_tag":[],"class_list":{"0":"post-29581","1":"product","2":"type-product","3":"status-publish","4":"has-post-thumbnail","6":"product_cat-eleveuses-exotiques","7":"product_cat-lampes-et-eleveuses","9":"first","10":"instock","11":"sale","12":"taxable","13":"shipping-taxable","14":"purchasable","15":"product-type-simple"},"acf":[],"_links":{"self":[{"href":"https:\/\/maino.it\/fr\/wp-json\/wp\/v2\/product\/29581","targetHints":{"allow":["GET"]}}],"collection":[{"href":"https:\/\/maino.it\/fr\/wp-json\/wp\/v2\/product"}],"about":[{"href":"https:\/\/maino.it\/fr\/wp-json\/wp\/v2\/types\/product"}],"replies":[{"embeddable":true,"href":"https:\/\/maino.it\/fr\/wp-json\/wp\/v2\/comments?post=29581"}],"wp:featuredmedia":[{"embeddable":true,"href":"https:\/\/maino.it\/fr\/wp-json\/wp\/v2\/media\/29577"}],"wp:attachment":[{"href":"https:\/\/maino.it\/fr\/wp-json\/wp\/v2\/media?parent=29581"}],"wp:term":[{"taxonomy":"product_brand","embeddable":true,"href":"https:\/\/maino.it\/fr\/wp-json\/wp\/v2\/product_brand?post=29581"},{"taxonomy":"product_cat","embeddable":true,"href":"https:\/\/maino.it\/fr\/wp-json\/wp\/v2\/product_cat?post=29581"},{"taxonomy":"product_tag","embeddable":true,"href":"https:\/\/maino.it\/fr\/wp-json\/wp\/v2\/product_tag?post=29581"}],"curies":[{"name":"wp","href":"https:\/\/api.w.org\/{rel}","templated":true}]}}