{"id":29565,"date":"2021-10-25T16:15:26","date_gmt":"2021-10-25T14:15:28","guid":{"rendered":"https:\/\/maino.it\/?post_type=product&#038;p=29565"},"modified":"2021-10-27T10:32:23","modified_gmt":"2021-10-27T08:32:23","slug":"ix50-d","status":"publish","type":"product","link":"https:\/\/maino.it\/fr\/prodotto\/ix50-d\/","title":{"rendered":"IX50 D"},"content":{"rendered":"<ul>\n<li>Incubateur ou \u00e9closoir pour \u0153ufs de Perroquets, Oiseaux de proie, d&rsquo;Oiseaux rares et Exotiques.<\/li>\n<li>R\u00e9partition dynamique de la chaleur au moyen d&rsquo;un ventilateur.<\/li>\n<li>Cabine thermo-isolante en PVC rigide blanc et porte \u00e0 ba\u00efonnette en plexiglas parfaitement transparent.<\/li>\n<li>Retournement des \u0153ufs automatique, no.1 tiroir avec rotation sur un syst\u00e8me de rouleaux sp\u00e9cial qui permet l&rsquo;insertion de diff\u00e9rents types d&rsquo;\u0153ufs m\u00eame si avec des tailles diff\u00e9rentes.<\/li>\n<li>Fond en maille pour faciliter la rotation des \u0153ufs la phase d\u2019\u00e9closion.<\/li>\n<li>Contr\u00f4leur \u00e0 micro-ordinateur PID (version D) avec capteur num\u00e9rique de temp\u00e9rature et d\u2019humidit\u00e9 unifi\u00e9 et alarmes de minimale et maximale. Il lit et maintient la temp\u00e9rature et en plus lit l\u2019Humidit\u00e9 Relative \u2013 Si vous souhaitez plus de performances, s\u00e9lectionnez simplement les options disponibles.<\/li>\n<li>R\u00e9glage manuel de l&rsquo;humidit\u00e9 gr\u00e2ce \u00e0 des plateaux \u00e0 eau d\u00e9j\u00e0 int\u00e9gr\u00e9s dans la structure de la machine, le remplissage de l&rsquo;eau s\u2019effectue de l\u2019ext\u00e9rieur sans devoir ouvrir la porte.<\/li>\n<li>Pour augmenter la r\u00e9serve d&rsquo;eau, un kit de support est fourni avec un bouchon sp\u00e9cial avec valve, qui s&rsquo;adapte \u00e0 n&rsquo;importe quelle bouteille d&rsquo;eau en plastique (bouteille non incluse).<\/li>\n<li>Puissance de watt 164 et consommation moyenne de 41 watt\/heure.<\/li>\n<li>Conception et construction selon les normes CEE.<\/li>\n<li>Tension Vca 230+10\/-15% HZ. 50\u00b10.5%.<\/li>\n<li>Garantie de 2 ans pour tout d\u00e9faut de fabrication.<\/li>\n<li>Exp\u00e9di\u00e9 assembl\u00e9 et pr\u00eat \u00e0 l\u2019emploi \u2013 Poids Kg. 9.<\/li>\n<li><em><strong>Capacit\u00e9 maximale 20 \u0153ufs diam\u00e8tre 27 mm.<\/strong><\/em><\/li>\n<\/ul>\n<p>&nbsp;<\/p>\n<p><em>\u00ab\u00a0Les photos montrent le mod\u00e8le avec une capacit\u00e9 inf\u00e9rieure IX24 D\u00a0\u00bb.<\/em><\/p>\n<p>&nbsp;<\/p>\n<p>Tutoriel vid\u00e9o charge eau:<\/p>\n<p><iframe loading=\"lazy\" title=\"Installazione kit supporto e valvola piopio\" width=\"500\" height=\"281\" src=\"https:\/\/www.youtube.com\/embed\/dzFFALqLyro?feature=oembed\" frameborder=\"0\" allow=\"accelerometer; autoplay; clipboard-write; encrypted-media; gyroscope; picture-in-picture; web-share\" referrerpolicy=\"strict-origin-when-cross-origin\" allowfullscreen><\/iframe><\/p>\n","protected":false},"excerpt":{"rendered":"<h1>Couveuse pour \u0153ufs de Perroquets, Oiseaux de proie, d&rsquo;Oiseaux rares et Exotiques.<\/h1>\n<p>Version de base du mod\u00e8le IX50, structure themo-isolante en PVC expans\u00e9 et porte en plexiglas transparent, contr\u00f4leur de temp\u00e9rature + lecture hygrom\u00e9trique + affichage num\u00e9rique, retournement des \u0153ufs automatique, rotation sur syst\u00e8me sp\u00e9cial \u00e0 rouleaux.<\/p>\n<p>Le remplissage d&rsquo;eau n\u00e9cessaire au maintien de l&rsquo;humidit\u00e9 s&rsquo;effectue de l&rsquo;ext\u00e9rieur, il n&rsquo;est pas n\u00e9cessaire d&rsquo;ouvrir la machine pour remplir.<\/p>\n<p><strong>Si vous souhaitez plus de performances, vous devez s\u00e9lectionner les champs suivants<\/strong><\/p>\n","protected":false},"featured_media":29543,"comment_status":"closed","ping_status":"closed","template":"","meta":{"_acf_changed":false},"product_brand":[],"product_cat":[150,134],"product_tag":[],"class_list":{"0":"post-29565","1":"product","2":"type-product","3":"status-publish","4":"has-post-thumbnail","6":"product_cat-incubateurs-maino-pour-exotiques","7":"product_cat-incubateurs-et-eclosoirs","9":"first","10":"instock","11":"sale","12":"taxable","13":"shipping-taxable","14":"purchasable","15":"product-type-simple"},"acf":[],"_links":{"self":[{"href":"https:\/\/maino.it\/fr\/wp-json\/wp\/v2\/product\/29565","targetHints":{"allow":["GET"]}}],"collection":[{"href":"https:\/\/maino.it\/fr\/wp-json\/wp\/v2\/product"}],"about":[{"href":"https:\/\/maino.it\/fr\/wp-json\/wp\/v2\/types\/product"}],"replies":[{"embeddable":true,"href":"https:\/\/maino.it\/fr\/wp-json\/wp\/v2\/comments?post=29565"}],"wp:featuredmedia":[{"embeddable":true,"href":"https:\/\/maino.it\/fr\/wp-json\/wp\/v2\/media\/29543"}],"wp:attachment":[{"href":"https:\/\/maino.it\/fr\/wp-json\/wp\/v2\/media?parent=29565"}],"wp:term":[{"taxonomy":"product_brand","embeddable":true,"href":"https:\/\/maino.it\/fr\/wp-json\/wp\/v2\/product_brand?post=29565"},{"taxonomy":"product_cat","embeddable":true,"href":"https:\/\/maino.it\/fr\/wp-json\/wp\/v2\/product_cat?post=29565"},{"taxonomy":"product_tag","embeddable":true,"href":"https:\/\/maino.it\/fr\/wp-json\/wp\/v2\/product_tag?post=29565"}],"curies":[{"name":"wp","href":"https:\/\/api.w.org\/{rel}","templated":true}]}}