{"id":29537,"date":"2021-10-25T10:57:34","date_gmt":"2021-10-25T08:57:36","guid":{"rendered":"https:\/\/maino.it\/?post_type=product&#038;p=29537"},"modified":"2021-10-25T14:40:44","modified_gmt":"2021-10-25T12:40:44","slug":"reptilia-12-d","status":"publish","type":"product","link":"https:\/\/maino.it\/fr\/prodotto\/reptilia-12-d\/","title":{"rendered":"REPTILIA 12 D"},"content":{"rendered":"<ul>\n<li>Incubateur pour \u0153ufs de tortues, d&rsquo;amphibiens et de reptiles et \u00e0 usage g\u00e9n\u00e9ral dans le domaine herp\u00e9tologique.<\/li>\n<li>Distribution dynamique de la chaleur par un ventilateur<\/li>\n<li>Bo\u00eete en plastique moul\u00e9 avec un insert en m\u00e9tal galvanis\u00e9 et recouvert de PVC de couleur blanche<\/li>\n<li>Contr\u00f4leur PID \u00e0 micro-ordinateur pour le contr\u00f4le uniquement de la temp\u00e9rature<\/li>\n<li>Lecture Humidit\u00e9 Relative<\/li>\n<li>Affichage num\u00e9rique<\/li>\n<li>Capteur \u00e0 technologie digitale avec filtre de protection<\/li>\n<li>Alarmes de minimale et maximale<\/li>\n<li>Puissance de watts 105\u00a0et consommation moyenne de 25\u00a0watts \/ heure<\/li>\n<li>Conception et construction selon les normes CEE<\/li>\n<li>Exp\u00e9di\u00e9 assembl\u00e9 et pr\u00eat \u00e0 l&#8217;emploi<\/li>\n<li>Panneau de commande facile \u00e0 utiliser<\/li>\n<li>Vca 230+10\/-15% HZ. 50\u00b10.5%<\/li>\n<li>Garantie de deux ans<\/li>\n<li>Poids Kg. 5<\/li>\n<li><strong><em>Capacit\u00e9 totale jusqu&rsquo;\u00e0 10 \u0153ufs de Testudo Hermanni<\/em><\/strong><\/li>\n<\/ul>\n","protected":false},"excerpt":{"rendered":"<h2>Incubateur pour \u0153ufs de tortues, d&rsquo;amphibiens et de reptiles et \u00e0 usage g\u00e9n\u00e9ral dans le domaine herp\u00e9tologique<\/h2>\n","protected":false},"featured_media":29533,"comment_status":"closed","ping_status":"closed","template":"","meta":{"_acf_changed":false},"product_brand":[],"product_cat":[150],"product_tag":[],"class_list":{"0":"post-29537","1":"product","2":"type-product","3":"status-publish","4":"has-post-thumbnail","6":"product_cat-incubateurs-maino-pour-exotiques","8":"first","9":"instock","10":"sale","11":"taxable","12":"shipping-taxable","13":"purchasable","14":"product-type-simple"},"acf":[],"_links":{"self":[{"href":"https:\/\/maino.it\/fr\/wp-json\/wp\/v2\/product\/29537","targetHints":{"allow":["GET"]}}],"collection":[{"href":"https:\/\/maino.it\/fr\/wp-json\/wp\/v2\/product"}],"about":[{"href":"https:\/\/maino.it\/fr\/wp-json\/wp\/v2\/types\/product"}],"replies":[{"embeddable":true,"href":"https:\/\/maino.it\/fr\/wp-json\/wp\/v2\/comments?post=29537"}],"wp:featuredmedia":[{"embeddable":true,"href":"https:\/\/maino.it\/fr\/wp-json\/wp\/v2\/media\/29533"}],"wp:attachment":[{"href":"https:\/\/maino.it\/fr\/wp-json\/wp\/v2\/media?parent=29537"}],"wp:term":[{"taxonomy":"product_brand","embeddable":true,"href":"https:\/\/maino.it\/fr\/wp-json\/wp\/v2\/product_brand?post=29537"},{"taxonomy":"product_cat","embeddable":true,"href":"https:\/\/maino.it\/fr\/wp-json\/wp\/v2\/product_cat?post=29537"},{"taxonomy":"product_tag","embeddable":true,"href":"https:\/\/maino.it\/fr\/wp-json\/wp\/v2\/product_tag?post=29537"}],"curies":[{"name":"wp","href":"https:\/\/api.w.org\/{rel}","templated":true}]}}