{"id":29325,"date":"2018-10-12T06:52:27","date_gmt":"2018-10-12T04:52:27","guid":{"rendered":"https:\/\/maino.it\/prodotto\/colasangue-cs8s\/"},"modified":"2023-01-23T16:56:17","modified_gmt":"2023-01-23T15:56:17","slug":"colasangue-cs8s","status":"publish","type":"product","link":"https:\/\/maino.it\/fr\/prodotto\/colasangue-cs8s\/","title":{"rendered":"Saignoir CS8.S"},"content":{"rendered":"<p>Saignoir avec structure verticale de support, \u00e9quip\u00e9 de huit c\u00f4nes pour poulets et volaille et canal de collecte de sang inclin\u00e9 pour faciliter la descente vers le seau de collecte.<\/p>\n<p>L&rsquo;op\u00e9ration est extr\u00eamement simple: apr\u00e8s \u00e9tourdissement, les animaux doivent \u00eatre introduits dans les c\u00f4nes en faisant sortir la t\u00eate par le bas, apr\u00e8s quoi ils peuvent \u00eatre abattus et laiss\u00e9s saigner le temps n\u00e9cessaire, avant de passer \u00e0 la cuve de trempage.<\/p>\n<p>Le sang s&rsquo;\u00e9goutte sur le canal inclin\u00e9 en dessous ce qui permet de l&rsquo;\u00e9vacuer vers le bas, pour \u00eatre envoy\u00e9 dans un seau de collecte. Le canal a un des deux c\u00f4t\u00e9s tr\u00e8s allong\u00e9 et fait office de paroi arri\u00e8re.<\/p>\n<p>En haut au-dessus de la structure, il y a une petite \u00e9tag\u00e8re horizontale suppl\u00e9mentaire qui sert de support pour les outils de coupe et de base pour accrocher les c\u00f4nes.<\/p>\n<p>Le saignoir est enti\u00e8rement en acier inoxydable, les c\u00f4nes sont amovibles et tout peut \u00eatre lav\u00e9 simplement avec un jet d&rsquo;eau \u00e0 la fin des op\u00e9rations de saignage.<\/p>\n<p>Caract\u00e9ristiques techniques:<\/p>\n<ul>\n<li>Structure de support constitu\u00e9e de profiles pr\u00e9form\u00e9s<\/li>\n<li>Standard avec no.8 c\u00f4nes pour poulets et volaille<\/li>\n<li>No.2 Canaux pour recueillir le sang inclin\u00e9<\/li>\n<li>No.4 pieds en caoutchouc antid\u00e9rapants<\/li>\n<li>Compl\u00e8tement en acier Inox AISI 304 B2<\/li>\n<li>Dimensions mont\u00e9 cm. 50 x 100 x 147 h<\/li>\n<li>Poids Total Kg. 35<\/li>\n<li>Normes CEE<\/li>\n<li>Enti\u00e8rement con\u00e7u et fabriqu\u00e9 en Italie<\/li>\n<li>Il est exp\u00e9di\u00e9 d\u00e9mont\u00e9, complet avec toutes les vis et \u00e9crous n\u00e9cessaires \u00e0 son assemblage<\/li>\n<li>Assemblage extr\u00eamement simplifi\u00e9 avec des instructions et des images \u00e0 l\u2019appui<\/li>\n<\/ul>\n","protected":false},"excerpt":{"rendered":"<p>Saignoir avec structure verticale de support, \u00e9quip\u00e9 de huit c\u00f4nes pour poulets et volaille et canal de collecte de sang inclin\u00e9 pour faciliter la descente vers le seau de collecte. L&rsquo;op\u00e9ration est extr\u00eamement simple: apr\u00e8s \u00e9tourdissement, les animaux doivent \u00eatre introduits dans les c\u00f4nes en faisant sortir la t\u00eate par le bas, apr\u00e8s quoi ils [&hellip;]<\/p>\n","protected":false},"featured_media":31065,"comment_status":"closed","ping_status":"closed","template":"","meta":{"_acf_changed":false},"product_brand":[],"product_cat":[219,245],"product_tag":[],"class_list":{"0":"post-29325","1":"product","2":"type-product","3":"status-publish","4":"has-post-thumbnail","6":"product_cat-abattage","7":"product_cat-saignoirs","9":"first","10":"instock","11":"sale","12":"taxable","13":"shipping-taxable","14":"purchasable","15":"product-type-simple"},"acf":[],"_links":{"self":[{"href":"https:\/\/maino.it\/fr\/wp-json\/wp\/v2\/product\/29325","targetHints":{"allow":["GET"]}}],"collection":[{"href":"https:\/\/maino.it\/fr\/wp-json\/wp\/v2\/product"}],"about":[{"href":"https:\/\/maino.it\/fr\/wp-json\/wp\/v2\/types\/product"}],"replies":[{"embeddable":true,"href":"https:\/\/maino.it\/fr\/wp-json\/wp\/v2\/comments?post=29325"}],"wp:featuredmedia":[{"embeddable":true,"href":"https:\/\/maino.it\/fr\/wp-json\/wp\/v2\/media\/31065"}],"wp:attachment":[{"href":"https:\/\/maino.it\/fr\/wp-json\/wp\/v2\/media?parent=29325"}],"wp:term":[{"taxonomy":"product_brand","embeddable":true,"href":"https:\/\/maino.it\/fr\/wp-json\/wp\/v2\/product_brand?post=29325"},{"taxonomy":"product_cat","embeddable":true,"href":"https:\/\/maino.it\/fr\/wp-json\/wp\/v2\/product_cat?post=29325"},{"taxonomy":"product_tag","embeddable":true,"href":"https:\/\/maino.it\/fr\/wp-json\/wp\/v2\/product_tag?post=29325"}],"curies":[{"name":"wp","href":"https:\/\/api.w.org\/{rel}","templated":true}]}}