{"id":29319,"date":"2021-03-29T13:34:42","date_gmt":"2021-03-29T11:34:42","guid":{"rendered":"https:\/\/maino.it\/prodotto\/motore-a-velocita-variabile-per-spiumatrice-maino\/"},"modified":"2021-10-15T11:59:53","modified_gmt":"2021-10-15T09:59:53","slug":"motore-a-velocita-variabile-per-spiumatrice-maino","status":"publish","type":"product","link":"https:\/\/maino.it\/fr\/prodotto\/motore-a-velocita-variabile-per-spiumatrice-maino\/","title":{"rendered":"MOTEUR \u00c0 VITESSE VARIABLE POUR PLUMEUSE MAINO"},"content":{"rendered":"<p>Moteur \u00e9lectrique + R\u00e9ducteur \u00e0 engrenages h\u00e9lico\u00efdaux en ligne, sp\u00e9cifique pour les plumeuses rotatives.<\/p>\n<p>Vitesse r\u00e9glable en continu, sp\u00e9cifique pour cailles et perdrix.<\/p>\n<p>Technologie Inverter pour le rendement maximal du couple toujours parfait (probl\u00e8me typique des moteurs \u00e0 r\u00e9gulation de vitesse avec variation de tension qui r\u00e9duit le couple de pouss\u00e9e et accentue la panne du r\u00e9ducteur).<\/p>\n<p>Accessoire de remplacement pour toute plumeuse \u00e0 voie humide avec cuve fixe (paroi) et base rotative, comme notre SPIUMA X18.<\/p>\n<p>Tension de fonctionnement: 230Vca +10\/-15% @ 50 Hz. +\/- 0,5%<\/p>\n<p>Absorption: 1 kW. &#8211;\u00a0\u00a0Force: 1,25 Hp.<\/p>\n<p>Fabriqu\u00e9 en Italie &#8211; Normes CE.<\/p>\n<p>Garantie selon la l\u00e9gislation en vigueur<\/p>\n<p>.<\/p>\n","protected":false},"excerpt":{"rendered":"<p>Moteur \u00e9lectrique + R\u00e9ducteur + Inverter de r\u00e9gulation de vitesse \u00e0 couple fixe.<\/p>\n<p>Accessoire de remplacement pour toute plumeuse avec cuve fixe et base rotative.<\/p>\n<p>Sp\u00e9cifique pour le plumage professionnel de cailles et perdrix.<\/p>\n<p>Fabriqu\u00e9 en Italie.<\/p>\n","protected":false},"featured_media":26204,"comment_status":"closed","ping_status":"closed","template":"","meta":{"_acf_changed":false},"product_brand":[],"product_cat":[219,226,224],"product_tag":[],"class_list":{"0":"post-29319","1":"product","2":"type-product","3":"status-publish","4":"has-post-thumbnail","6":"product_cat-abattage","7":"product_cat-maino-industries-pieces-detachees-abattage","8":"product_cat-plumeuses","10":"first","11":"instock","12":"sale","13":"taxable","14":"shipping-taxable","15":"purchasable","16":"product-type-simple"},"acf":[],"_links":{"self":[{"href":"https:\/\/maino.it\/fr\/wp-json\/wp\/v2\/product\/29319","targetHints":{"allow":["GET"]}}],"collection":[{"href":"https:\/\/maino.it\/fr\/wp-json\/wp\/v2\/product"}],"about":[{"href":"https:\/\/maino.it\/fr\/wp-json\/wp\/v2\/types\/product"}],"replies":[{"embeddable":true,"href":"https:\/\/maino.it\/fr\/wp-json\/wp\/v2\/comments?post=29319"}],"wp:featuredmedia":[{"embeddable":true,"href":"https:\/\/maino.it\/fr\/wp-json\/wp\/v2\/media\/26204"}],"wp:attachment":[{"href":"https:\/\/maino.it\/fr\/wp-json\/wp\/v2\/media?parent=29319"}],"wp:term":[{"taxonomy":"product_brand","embeddable":true,"href":"https:\/\/maino.it\/fr\/wp-json\/wp\/v2\/product_brand?post=29319"},{"taxonomy":"product_cat","embeddable":true,"href":"https:\/\/maino.it\/fr\/wp-json\/wp\/v2\/product_cat?post=29319"},{"taxonomy":"product_tag","embeddable":true,"href":"https:\/\/maino.it\/fr\/wp-json\/wp\/v2\/product_tag?post=29319"}],"curies":[{"name":"wp","href":"https:\/\/api.w.org\/{rel}","templated":true}]}}