{"id":29317,"date":"2021-03-29T09:40:35","date_gmt":"2021-03-29T07:40:35","guid":{"rendered":"https:\/\/maino.it\/prodotto\/motore-a-velocita-fissa-per-spiumatrice-maino\/"},"modified":"2021-10-15T11:52:44","modified_gmt":"2021-10-15T09:52:44","slug":"motore-a-velocita-fissa-per-spiumatrice-maino","status":"publish","type":"product","link":"https:\/\/maino.it\/fr\/prodotto\/motore-a-velocita-fissa-per-spiumatrice-maino\/","title":{"rendered":"MOTEUR \u00c0 VITESSE FIXE POUR PLUMEUSE MAINO"},"content":{"rendered":"<p>Moteur \u00e9lectrique + R\u00e9ducteur \u00e0 engrenages h\u00e9lico\u00efdaux en ligne, sp\u00e9cifique pour les plumeuses rotatives.<\/p>\n<p>Efficacit\u00e9 de transmission de force motrice sup\u00e9rieure \u00e0 97%.<\/p>\n<p>Vitesse fixe non r\u00e9glable.<\/p>\n<p>Accessoire de remplacement pour toute plumeuse \u00e0 voie humide avec cuve fixe (paroi) et base rotative, comme notre SPIUMA X18.<\/p>\n<p>Tension de fonctionnement: 230Vca +10\/-15% @ 50 Hz. +\/- 0,5%<\/p>\n<p>Absorption: 0,75 kW. &#8211;\u00a0\u00a0Force: 1 Hp.<\/p>\n<p>Fabriqu\u00e9 en Italie &#8211; Normes CE.<\/p>\n<p>Garantie selon la l\u00e9gislation en vigueur.<\/p>\n","protected":false},"excerpt":{"rendered":"<p>Moteur \u00e9lectrique + R\u00e9ducteur, mont\u00e9 en ligne.<\/p>\n<p>Accessoire de remplacement pour toute plumeuse avec cuve fixe et base rotative.<\/p>\n<p>&nbsp;<\/p>\n","protected":false},"featured_media":26204,"comment_status":"closed","ping_status":"closed","template":"","meta":{"_acf_changed":false},"product_brand":[],"product_cat":[219,226,224],"product_tag":[],"class_list":{"0":"post-29317","1":"product","2":"type-product","3":"status-publish","4":"has-post-thumbnail","6":"product_cat-abattage","7":"product_cat-maino-industries-pieces-detachees-abattage","8":"product_cat-plumeuses","10":"first","11":"instock","12":"taxable","13":"shipping-taxable","14":"purchasable","15":"product-type-simple"},"acf":[],"_links":{"self":[{"href":"https:\/\/maino.it\/fr\/wp-json\/wp\/v2\/product\/29317","targetHints":{"allow":["GET"]}}],"collection":[{"href":"https:\/\/maino.it\/fr\/wp-json\/wp\/v2\/product"}],"about":[{"href":"https:\/\/maino.it\/fr\/wp-json\/wp\/v2\/types\/product"}],"replies":[{"embeddable":true,"href":"https:\/\/maino.it\/fr\/wp-json\/wp\/v2\/comments?post=29317"}],"wp:featuredmedia":[{"embeddable":true,"href":"https:\/\/maino.it\/fr\/wp-json\/wp\/v2\/media\/26204"}],"wp:attachment":[{"href":"https:\/\/maino.it\/fr\/wp-json\/wp\/v2\/media?parent=29317"}],"wp:term":[{"taxonomy":"product_brand","embeddable":true,"href":"https:\/\/maino.it\/fr\/wp-json\/wp\/v2\/product_brand?post=29317"},{"taxonomy":"product_cat","embeddable":true,"href":"https:\/\/maino.it\/fr\/wp-json\/wp\/v2\/product_cat?post=29317"},{"taxonomy":"product_tag","embeddable":true,"href":"https:\/\/maino.it\/fr\/wp-json\/wp\/v2\/product_tag?post=29317"}],"curies":[{"name":"wp","href":"https:\/\/api.w.org\/{rel}","templated":true}]}}