{"id":29315,"date":"2021-03-29T12:23:23","date_gmt":"2021-03-29T10:23:23","guid":{"rendered":"https:\/\/maino.it\/prodotto\/interruttore-ip66-per-spiumatrice-sicurezza\/"},"modified":"2021-10-15T11:41:53","modified_gmt":"2021-10-15T09:41:53","slug":"interruttore-ip66-per-spiumatrice-sicurezza","status":"publish","type":"product","link":"https:\/\/maino.it\/fr\/prodotto\/interruttore-ip66-per-spiumatrice-sicurezza\/","title":{"rendered":"INTERRUPTEUR IP66 POUR PLUMEUSE + S\u00c9CURIT\u00c9"},"content":{"rendered":"<p>Interrupteur magn\u00e9to-thermique avec bobine de d\u00e9clenchement et protection IP66<\/p>\n<p>Accessoire pour allumer, \u00e9teindre et pour la gestion du fonctionnement de la plumeuse.<\/p>\n<p>Bouton d&rsquo;alimentation prot\u00e9g\u00e9.<\/p>\n<p>Bouton d&rsquo;arr\u00eat en relief \u00e9galement pour la fonction d&rsquo;urgence facilit\u00e9e.<\/p>\n<p>Tension 230Vca.<\/p>\n<p>Courant max : 16A r\u00e9sistif (12A inductif)<\/p>\n","protected":false},"excerpt":{"rendered":"<p>Interrupteur pour allumer et \u00e9teindre la plumeuse.<\/p>\n<p>Boutons prot\u00e9g\u00e9s IP66<\/p>\n<p>Bouton rouge en relief \u00e9galement pour la fonction d&rsquo;Urgence.<\/p>\n","protected":false},"featured_media":26267,"comment_status":"closed","ping_status":"closed","template":"","meta":{"_acf_changed":false},"product_brand":[],"product_cat":[219,226,224],"product_tag":[],"class_list":{"0":"post-29315","1":"product","2":"type-product","3":"status-publish","4":"has-post-thumbnail","6":"product_cat-abattage","7":"product_cat-maino-industries-pieces-detachees-abattage","8":"product_cat-plumeuses","10":"first","11":"instock","12":"sale","13":"taxable","14":"shipping-taxable","15":"purchasable","16":"product-type-simple"},"acf":[],"_links":{"self":[{"href":"https:\/\/maino.it\/fr\/wp-json\/wp\/v2\/product\/29315","targetHints":{"allow":["GET"]}}],"collection":[{"href":"https:\/\/maino.it\/fr\/wp-json\/wp\/v2\/product"}],"about":[{"href":"https:\/\/maino.it\/fr\/wp-json\/wp\/v2\/types\/product"}],"replies":[{"embeddable":true,"href":"https:\/\/maino.it\/fr\/wp-json\/wp\/v2\/comments?post=29315"}],"wp:featuredmedia":[{"embeddable":true,"href":"https:\/\/maino.it\/fr\/wp-json\/wp\/v2\/media\/26267"}],"wp:attachment":[{"href":"https:\/\/maino.it\/fr\/wp-json\/wp\/v2\/media?parent=29315"}],"wp:term":[{"taxonomy":"product_brand","embeddable":true,"href":"https:\/\/maino.it\/fr\/wp-json\/wp\/v2\/product_brand?post=29315"},{"taxonomy":"product_cat","embeddable":true,"href":"https:\/\/maino.it\/fr\/wp-json\/wp\/v2\/product_cat?post=29315"},{"taxonomy":"product_tag","embeddable":true,"href":"https:\/\/maino.it\/fr\/wp-json\/wp\/v2\/product_tag?post=29315"}],"curies":[{"name":"wp","href":"https:\/\/api.w.org\/{rel}","templated":true}]}}