{"id":29312,"date":"2021-03-29T10:07:18","date_gmt":"2021-03-29T08:07:18","guid":{"rendered":"https:\/\/maino.it\/prodotto\/10-dita-per-spiumatrice-quaglie\/"},"modified":"2021-10-15T11:08:34","modified_gmt":"2021-10-15T09:08:34","slug":"10-dita-per-spiumatrice-quaglie","status":"publish","type":"product","link":"https:\/\/maino.it\/fr\/prodotto\/10-dita-per-spiumatrice-quaglie\/","title":{"rendered":"10 DOIGTS POUR PLUMEUSE CAILLE"},"content":{"rendered":"<p>Kit compos\u00e9 de 10 doigts pour caille pour plumeuse rotative<\/p>\n<p>accessoire pour SPIUMA MKQ-F et MKQ-V.<\/p>\n<p>\u00c9galement pour tout autre type de plumeuse.<\/p>\n<p>Certifi\u00e9 selon la r\u00e9glementation pour un usage alimentaire.<\/p>\n<p>Produit de haute qualit\u00e9 pour une utilisation dans l\u2019industrie alimentaire.<\/p>\n<p>Duret\u00e9 60SH.<\/p>\n<p>La flexibilit\u00e9 particuli\u00e8re et la forme avec bobines qui se chevauchent r\u00e9duisent consid\u00e9rablement les dommages \u00e0 la peau.<\/p>\n<p><em>Ces doigts ne conviennent que aux <strong>cailles et perdrix<\/strong>, alors qu&rsquo;ils ne sont pas recommand\u00e9s pour les poulets et le gibier pour lesquelles un autre type de doigts sont disponibles en accessoire.<\/em><\/p>\n","protected":false},"excerpt":{"rendered":"<p>Kit compos\u00e9 de 10 doigts pour plumeuse MKQ-F ou MKQ-V.<\/p>\n<p>Kit de 10 doigts pour CAILLE ou PERDRIX.<\/p>\n<p>\u00c9galement pour tout autre type de plumeuse.<\/p>\n<p>Produit de haute qualit\u00e9 pour une utilisation dans l\u2019industrie alimentaire.<\/p>\n<p>Produit Italien.<\/p>\n","protected":false},"featured_media":26263,"comment_status":"closed","ping_status":"closed","template":"","meta":{"_acf_changed":false},"product_brand":[],"product_cat":[219,226,224],"product_tag":[],"class_list":{"0":"post-29312","1":"product","2":"type-product","3":"status-publish","4":"has-post-thumbnail","6":"product_cat-abattage","7":"product_cat-maino-industries-pieces-detachees-abattage","8":"product_cat-plumeuses","10":"first","11":"instock","12":"sale","13":"taxable","14":"shipping-taxable","15":"purchasable","16":"product-type-simple"},"acf":[],"_links":{"self":[{"href":"https:\/\/maino.it\/fr\/wp-json\/wp\/v2\/product\/29312","targetHints":{"allow":["GET"]}}],"collection":[{"href":"https:\/\/maino.it\/fr\/wp-json\/wp\/v2\/product"}],"about":[{"href":"https:\/\/maino.it\/fr\/wp-json\/wp\/v2\/types\/product"}],"replies":[{"embeddable":true,"href":"https:\/\/maino.it\/fr\/wp-json\/wp\/v2\/comments?post=29312"}],"wp:featuredmedia":[{"embeddable":true,"href":"https:\/\/maino.it\/fr\/wp-json\/wp\/v2\/media\/26263"}],"wp:attachment":[{"href":"https:\/\/maino.it\/fr\/wp-json\/wp\/v2\/media?parent=29312"}],"wp:term":[{"taxonomy":"product_brand","embeddable":true,"href":"https:\/\/maino.it\/fr\/wp-json\/wp\/v2\/product_brand?post=29312"},{"taxonomy":"product_cat","embeddable":true,"href":"https:\/\/maino.it\/fr\/wp-json\/wp\/v2\/product_cat?post=29312"},{"taxonomy":"product_tag","embeddable":true,"href":"https:\/\/maino.it\/fr\/wp-json\/wp\/v2\/product_tag?post=29312"}],"curies":[{"name":"wp","href":"https:\/\/api.w.org\/{rel}","templated":true}]}}