{"id":29310,"date":"2021-03-29T12:26:52","date_gmt":"2021-03-29T10:26:52","guid":{"rendered":"https:\/\/maino.it\/prodotto\/130-dita-per-spiumatrice-avicoli\/"},"modified":"2021-10-15T11:12:01","modified_gmt":"2021-10-15T09:12:01","slug":"130-dita-per-spiumatrice-avicoli","status":"publish","type":"product","link":"https:\/\/maino.it\/fr\/prodotto\/130-dita-per-spiumatrice-avicoli\/","title":{"rendered":"140 DOIGTS POUR PLUMEUSE POULETS ET VOLAILLE"},"content":{"rendered":"<p>140 doigts<\/p>\n<p>Kit compos\u00e9 d&rsquo;un jeu complet de doigts (plus certains comme accessoires) pour plumeuse SPIUMA X18.<\/p>\n<p>Pour toute plumeuse \u00e0 cuve fixe \u00e0 fond rotative.<\/p>\n<p>Certifi\u00e9 selon la r\u00e9glementation pour un usage alimentaire.<\/p>\n<p>Produit de haute qualit\u00e9 pour une utilisation dans l\u2019industrie alimentaire.<\/p>\n<p>Duret\u00e9 45SH.<\/p>\n<p>La flexibilit\u00e9 particuli\u00e8re et la forme avec bobines qui se chevauchent r\u00e9duisent consid\u00e9rablement les dommages \u00e0 la peau.<\/p>\n<p><em>Ces doigts ne conviennent que aux poulets et au gibier \u00e0 l\u2019exception des cailles et perdrix pour lesquelles un autre type de doigts sont disponibles en accessoire.<\/em><\/p>\n","protected":false},"excerpt":{"rendered":"<p>Kit compos\u00e9 de 140 doigts.<\/p>\n<p>Pour toute plumeuse \u00e0 cuve fixe \u00e0 fond rotative.<\/p>\n<p>Produit de haute qualit\u00e9 pour une utilisation dans l\u2019industrie alimentaire.<\/p>\n<p><em>Pour poulets et gibier \u00e0 l\u2019exception des cailles et perdrix.<\/em><\/p>\n<p>Produit Italien.<\/p>\n","protected":false},"featured_media":26197,"comment_status":"closed","ping_status":"closed","template":"","meta":{"_acf_changed":false},"product_brand":[],"product_cat":[219,226,224],"product_tag":[],"class_list":{"0":"post-29310","1":"product","2":"type-product","3":"status-publish","4":"has-post-thumbnail","6":"product_cat-abattage","7":"product_cat-maino-industries-pieces-detachees-abattage","8":"product_cat-plumeuses","10":"first","11":"instock","12":"sale","13":"taxable","14":"shipping-taxable","15":"purchasable","16":"product-type-simple"},"acf":[],"_links":{"self":[{"href":"https:\/\/maino.it\/fr\/wp-json\/wp\/v2\/product\/29310","targetHints":{"allow":["GET"]}}],"collection":[{"href":"https:\/\/maino.it\/fr\/wp-json\/wp\/v2\/product"}],"about":[{"href":"https:\/\/maino.it\/fr\/wp-json\/wp\/v2\/types\/product"}],"replies":[{"embeddable":true,"href":"https:\/\/maino.it\/fr\/wp-json\/wp\/v2\/comments?post=29310"}],"wp:featuredmedia":[{"embeddable":true,"href":"https:\/\/maino.it\/fr\/wp-json\/wp\/v2\/media\/26197"}],"wp:attachment":[{"href":"https:\/\/maino.it\/fr\/wp-json\/wp\/v2\/media?parent=29310"}],"wp:term":[{"taxonomy":"product_brand","embeddable":true,"href":"https:\/\/maino.it\/fr\/wp-json\/wp\/v2\/product_brand?post=29310"},{"taxonomy":"product_cat","embeddable":true,"href":"https:\/\/maino.it\/fr\/wp-json\/wp\/v2\/product_cat?post=29310"},{"taxonomy":"product_tag","embeddable":true,"href":"https:\/\/maino.it\/fr\/wp-json\/wp\/v2\/product_tag?post=29310"}],"curies":[{"name":"wp","href":"https:\/\/api.w.org\/{rel}","templated":true}]}}