{"id":29306,"date":"2021-02-26T11:17:54","date_gmt":"2021-02-26T10:17:54","guid":{"rendered":"https:\/\/maino.it\/prodotto\/cono-colasangue-csq\/"},"modified":"2021-12-15T17:23:12","modified_gmt":"2021-12-15T16:23:12","slug":"cono-colasangue-csq","status":"publish","type":"product","link":"https:\/\/maino.it\/fr\/prodotto\/cono-colasangue-csq\/","title":{"rendered":"C\u00f4ne de saignage CSQ"},"content":{"rendered":"<p>C\u00f4ne seul de saignage pr\u00e9form\u00e9 et complet avec trous pour une facile installation murale.<\/p>\n<p>Le c\u00f4ne est enti\u00e8rement en acier inoxydable et peut \u00eatre lav\u00e9 simplement avec un jet d&rsquo;eau \u00e0 la fin des op\u00e9rations de saignage.<\/p>\n<p>Caract\u00e9ristiques techniques:<\/p>\n<ul>\n<li>no.1 C\u00f4ne pour cailles, perdrix, grives et petits oiseaux<\/li>\n<li>Enti\u00e8rement en Acier Inox AISI 304 B2<\/li>\n<li>Dimensions mont\u00e9 cm. 15 x 15 x 19,5 h<\/li>\n<li>Poids Total Kg. 0,8<\/li>\n<li>Normes CEE<\/li>\n<li>Enti\u00e8rement con\u00e7u et fabriqu\u00e9 en Italie<\/li>\n<li>Il est exp\u00e9di\u00e9 d\u00e9j\u00e0 assembl\u00e9<\/li>\n<\/ul>\n","protected":false},"excerpt":{"rendered":"<p>C\u00f4ne seul de saignage pr\u00e9form\u00e9 et complet avec trous pour une facile installation murale. Le c\u00f4ne est enti\u00e8rement en acier inoxydable et peut \u00eatre lav\u00e9 simplement avec un jet d&rsquo;eau \u00e0 la fin des op\u00e9rations de saignage. Caract\u00e9ristiques techniques: no.1 C\u00f4ne pour cailles, perdrix, grives et petits oiseaux Enti\u00e8rement en Acier Inox AISI 304 B2 [&hellip;]<\/p>\n","protected":false},"featured_media":28401,"comment_status":"closed","ping_status":"closed","template":"","meta":{"_acf_changed":false},"product_brand":[],"product_cat":[245],"product_tag":[],"class_list":{"0":"post-29306","1":"product","2":"type-product","3":"status-publish","4":"has-post-thumbnail","6":"product_cat-saignoirs","8":"first","9":"instock","10":"sale","11":"taxable","12":"shipping-taxable","13":"purchasable","14":"product-type-simple"},"acf":[],"_links":{"self":[{"href":"https:\/\/maino.it\/fr\/wp-json\/wp\/v2\/product\/29306","targetHints":{"allow":["GET"]}}],"collection":[{"href":"https:\/\/maino.it\/fr\/wp-json\/wp\/v2\/product"}],"about":[{"href":"https:\/\/maino.it\/fr\/wp-json\/wp\/v2\/types\/product"}],"replies":[{"embeddable":true,"href":"https:\/\/maino.it\/fr\/wp-json\/wp\/v2\/comments?post=29306"}],"wp:featuredmedia":[{"embeddable":true,"href":"https:\/\/maino.it\/fr\/wp-json\/wp\/v2\/media\/28401"}],"wp:attachment":[{"href":"https:\/\/maino.it\/fr\/wp-json\/wp\/v2\/media?parent=29306"}],"wp:term":[{"taxonomy":"product_brand","embeddable":true,"href":"https:\/\/maino.it\/fr\/wp-json\/wp\/v2\/product_brand?post=29306"},{"taxonomy":"product_cat","embeddable":true,"href":"https:\/\/maino.it\/fr\/wp-json\/wp\/v2\/product_cat?post=29306"},{"taxonomy":"product_tag","embeddable":true,"href":"https:\/\/maino.it\/fr\/wp-json\/wp\/v2\/product_tag?post=29306"}],"curies":[{"name":"wp","href":"https:\/\/api.w.org\/{rel}","templated":true}]}}