{"id":29175,"date":"2016-05-02T10:42:20","date_gmt":"2016-05-02T08:42:20","guid":{"rendered":"https:\/\/maino.it\/prodotto\/vasca-bagnatura-sk1\/"},"modified":"2023-02-23T08:45:42","modified_gmt":"2023-02-23T07:45:42","slug":"vasca-bagnatura-sk1","status":"publish","type":"product","link":"https:\/\/maino.it\/fr\/prodotto\/vasca-bagnatura-sk1\/","title":{"rendered":"Cuve de Trempage SK2"},"content":{"rendered":"<p>La cuve de trempage \u00e0 chaud pour poulets et volaille SK2 est absolument n\u00e9cessaire pour permettre la phase de plumaison suivante, l&rsquo;animal mort et saign\u00e9 est immerg\u00e9 pendant des secondes pr\u00e9d\u00e9termin\u00e9es, qui varient selon l&rsquo;animal, afin de pouvoir ensuite retirer facilement les plumes \u00e0 l&rsquo;aide de la plumeuse automatique SPIUMA X18.<\/p>\n<p>La cuve de trempage est soutenue et maintenue \u00e0 l&rsquo;\u00e9cart du sol par un support en t\u00f4le galvanis\u00e9e pr\u00e9mont\u00e9 \u00e0 trois pieds.<\/p>\n<p>Caract\u00e9ristiques techniques:<\/p>\n<ul>\n<li>Capacit\u00e9 cuve 80 litres<\/li>\n<li>No.2 R\u00e9sistances blind\u00e9es 1500 Watt chaque<\/li>\n<li>Panneau de commande \u00e9lectrique<\/li>\n<li>Interrupteur ON\/OFF avec fonction de s\u00e9curit\u00e9<\/li>\n<li>T\u00e9moin lumineux de pr\u00e9sence tension<\/li>\n<li>No.2 Thermostats ind\u00e9pendants avec boutons de r\u00e9glage (un thermostat pour chaque r\u00e9sistance)<\/li>\n<li>No.1 Thermom\u00e8tre \u00e0 immersion facile \u00e0 lire<\/li>\n<li>C\u00e2ble d&rsquo;alimentation avec fiche Schuko<\/li>\n<li>Structure cuve et couvercle en acier inox alimentaire<\/li>\n<li>Dimensions cm. 52 x 52 x 100 h<\/li>\n<li>Poids Kg.15<\/li>\n<li>Normes CEE<\/li>\n<li>Enti\u00e8rement con\u00e7u et fabriqu\u00e9 en Italie.<\/li>\n<\/ul>\n","protected":false},"excerpt":{"rendered":"<p>La cuve de trempage \u00e0 chaud pour poulets et volaille SK2 est absolument n\u00e9cessaire pour permettre la phase de plumaison suivante, l&rsquo;animal mort et saign\u00e9 est immerg\u00e9 pendant des secondes pr\u00e9d\u00e9termin\u00e9es, qui varient selon l&rsquo;animal, afin de pouvoir ensuite retirer facilement les plumes \u00e0 l&rsquo;aide de la plumeuse automatique SPIUMA X18. La cuve de trempage [&hellip;]<\/p>\n","protected":false},"featured_media":32103,"comment_status":"closed","ping_status":"closed","template":"","meta":{"_acf_changed":false},"product_brand":[],"product_cat":[219,221],"product_tag":[],"class_list":{"0":"post-29175","1":"product","2":"type-product","3":"status-publish","4":"has-post-thumbnail","6":"product_cat-abattage","7":"product_cat-trempage","9":"first","10":"instock","11":"sale","12":"taxable","13":"shipping-taxable","14":"purchasable","15":"product-type-simple"},"acf":[],"_links":{"self":[{"href":"https:\/\/maino.it\/fr\/wp-json\/wp\/v2\/product\/29175","targetHints":{"allow":["GET"]}}],"collection":[{"href":"https:\/\/maino.it\/fr\/wp-json\/wp\/v2\/product"}],"about":[{"href":"https:\/\/maino.it\/fr\/wp-json\/wp\/v2\/types\/product"}],"replies":[{"embeddable":true,"href":"https:\/\/maino.it\/fr\/wp-json\/wp\/v2\/comments?post=29175"}],"wp:featuredmedia":[{"embeddable":true,"href":"https:\/\/maino.it\/fr\/wp-json\/wp\/v2\/media\/32103"}],"wp:attachment":[{"href":"https:\/\/maino.it\/fr\/wp-json\/wp\/v2\/media?parent=29175"}],"wp:term":[{"taxonomy":"product_brand","embeddable":true,"href":"https:\/\/maino.it\/fr\/wp-json\/wp\/v2\/product_brand?post=29175"},{"taxonomy":"product_cat","embeddable":true,"href":"https:\/\/maino.it\/fr\/wp-json\/wp\/v2\/product_cat?post=29175"},{"taxonomy":"product_tag","embeddable":true,"href":"https:\/\/maino.it\/fr\/wp-json\/wp\/v2\/product_tag?post=29175"}],"curies":[{"name":"wp","href":"https:\/\/api.w.org\/{rel}","templated":true}]}}