{"id":29173,"date":"2017-07-04T06:19:14","date_gmt":"2017-07-04T04:19:14","guid":{"rendered":"https:\/\/maino.it\/prodotto\/spiumatrice-mkq-v\/"},"modified":"2021-09-29T10:12:39","modified_gmt":"2021-09-29T08:12:39","slug":"spiumatrice-mkq-v","status":"publish","type":"product","link":"https:\/\/maino.it\/fr\/prodotto\/spiumatrice-mkq-v\/","title":{"rendered":"Plumeuse MKQ-V"},"content":{"rendered":"<h3>MKQ-V Plumeuse automatique rotative pour pour cailles, perdrix, grives et petits oiseaux.<\/h3>\n<p>MKQ-V permet d\u2019effectuer le plumage de mani\u00e8re autonome, sans aucun contact de l\u2019op\u00e9rateur avec les parties mobiles de la machine.<\/p>\n<p>Apr\u00e8s avoir effectu\u00e9 la phase de trempage pr\u00e9c\u00e9dente dans l\u2019eau chaude pendant quelques secondes, il suffit d\u2019ins\u00e9rer le animaux dans la cuve (un ou plusieurs \u00e0 la fois jusqu\u2019\u00e0 un maximum de 4 sujets) pendant quelques instants \u00ab\u00a0g\u00e9n\u00e9ralement 30 secondes sont suffisantes\u00a0\u00bb, toutes les op\u00e9rations de plumage se d\u00e9roulent de mani\u00e8re s\u00fbre, tr\u00e8s silencieuse et propre.<\/p>\n<p>A la fin de chaque plumage il est possible de rincer le cylindre en branchant le pulv\u00e9risateur d\u00e9j\u00e0 pr\u00e9sent sur la plumeuse \u00e0 un robinet d\u2019eau.<\/p>\n<p>Les plumes enlev\u00e9es sortent par le bas par la bouche de d\u00e9charge sp\u00e9ciale.<\/p>\n<ul>\n<li>La Plumeuse MKQ-V est compl\u00e8tement d\u00e9montable.<\/li>\n<li>La partie cylindrique est facilement d\u00e9montable.<\/li>\n<li>Toutes les op\u00e9rations de nettoyage sont tr\u00e8s simples et rapides.<\/li>\n<\/ul>\n<p>Caract\u00e9ristique techniques:<\/p>\n<ul>\n<li>Plumage jusqu\u2019a 250\/300 sujets\/heure.<\/li>\n<li>Cuve avec n.202 doigts en caoutchouc flexible.<\/li>\n<li>Couvercle de protection en plexiglas transparent.<\/li>\n<li>Moteur 3 Hp.,kW.0,75 + Reducteur, avec vitesse variable pour mieux s&rsquo;adapter aux besoins sp\u00e9cifiques (mod\u00e8le professionnel).<\/li>\n<li>Interrupteur de s\u00e9curit\u00e9.<\/li>\n<li>Pulv\u00e9risateur d\u2019eau int\u00e9gr\u00e9.<\/li>\n<li>Corps compl\u00e8tement en acier inox AISI 304.2B.<\/li>\n<li>No.4 pieds r\u00e9glables.<\/li>\n<li>Compl\u00e8tement d\u00e9montable.<\/li>\n<li>Dimensions mont\u00e9e cm. 55 x 60 x 95 hauteur.<\/li>\n<li>Poids Kg. 47<\/li>\n<li>Normes CEE.<\/li>\n<li>Enti\u00e8rement con\u00e7u et fabriqu\u00e9 en Italie.<\/li>\n<\/ul>\n<p>Notes: sur la photo avec deux plumeuses, vous pouvez voir la diff\u00e9rence de taille du MKQ-V \u00e0 gauche par rapport au plus grand mod\u00e8le MK1 \u00e0 droite.<\/p>\n<p>\u00c9galement sur la photo le premier prototype de notre MK1 enti\u00e8rement construit en t\u00f4le d&rsquo;acier avec un rev\u00eatement sp\u00e9cial zinc-magn\u00e9sium dix fois plus r\u00e9sistant qu&rsquo;une galvanisation normale.<\/p>\n","protected":false},"excerpt":{"rendered":"<p>MKQ-V Plumeuse automatique rotative pour pour cailles, perdrix, grives et petits oiseaux. MKQ-V permet d\u2019effectuer le plumage de mani\u00e8re autonome, sans aucun contact de l\u2019op\u00e9rateur avec les parties mobiles de la machine. Apr\u00e8s avoir effectu\u00e9 la phase de trempage pr\u00e9c\u00e9dente dans l\u2019eau chaude pendant quelques secondes, il suffit d\u2019ins\u00e9rer le animaux dans la cuve (un [&hellip;]<\/p>\n","protected":false},"featured_media":28162,"comment_status":"closed","ping_status":"closed","template":"","meta":{"_acf_changed":false},"product_brand":[],"product_cat":[219,224],"product_tag":[],"class_list":{"0":"post-29173","1":"product","2":"type-product","3":"status-publish","4":"has-post-thumbnail","6":"product_cat-abattage","7":"product_cat-plumeuses","9":"first","10":"instock","11":"sale","12":"taxable","13":"shipping-taxable","14":"purchasable","15":"product-type-simple"},"acf":[],"_links":{"self":[{"href":"https:\/\/maino.it\/fr\/wp-json\/wp\/v2\/product\/29173","targetHints":{"allow":["GET"]}}],"collection":[{"href":"https:\/\/maino.it\/fr\/wp-json\/wp\/v2\/product"}],"about":[{"href":"https:\/\/maino.it\/fr\/wp-json\/wp\/v2\/types\/product"}],"replies":[{"embeddable":true,"href":"https:\/\/maino.it\/fr\/wp-json\/wp\/v2\/comments?post=29173"}],"wp:featuredmedia":[{"embeddable":true,"href":"https:\/\/maino.it\/fr\/wp-json\/wp\/v2\/media\/28162"}],"wp:attachment":[{"href":"https:\/\/maino.it\/fr\/wp-json\/wp\/v2\/media?parent=29173"}],"wp:term":[{"taxonomy":"product_brand","embeddable":true,"href":"https:\/\/maino.it\/fr\/wp-json\/wp\/v2\/product_brand?post=29173"},{"taxonomy":"product_cat","embeddable":true,"href":"https:\/\/maino.it\/fr\/wp-json\/wp\/v2\/product_cat?post=29173"},{"taxonomy":"product_tag","embeddable":true,"href":"https:\/\/maino.it\/fr\/wp-json\/wp\/v2\/product_tag?post=29173"}],"curies":[{"name":"wp","href":"https:\/\/api.w.org\/{rel}","templated":true}]}}