{"id":29153,"date":"2018-10-12T07:01:41","date_gmt":"2018-10-12T05:01:41","guid":{"rendered":"https:\/\/maino.it\/prodotto\/spiumatrice-spiumax18\/"},"modified":"2021-09-27T17:06:35","modified_gmt":"2021-09-27T15:06:35","slug":"spiumatrice-spiumax18","status":"publish","type":"product","link":"https:\/\/maino.it\/fr\/prodotto\/spiumatrice-spiumax18\/","title":{"rendered":"Plumeuse SPIUMA X18"},"content":{"rendered":"<h3>SPIUMA X18 Plumeuse automatique rotative pour Poulets et Volaille.<\/h3>\n<p>SPIUMA X18 la plumeuse permet d&rsquo;effectuer le plumage de mani\u00e8re autonome, sans aucun contact de l&rsquo;op\u00e9rateur avec les parties mobiles de la machine.<\/p>\n<p>Apr\u00e8s avoir effectu\u00e9 la phase de trempage pr\u00e9c\u00e9dente dans l&rsquo;eau chaude pendant quelques secondes, il suffit d&rsquo;ins\u00e9rer le animaux dans la cuve (un ou plusieurs \u00e0 la fois jusqu&rsquo;\u00e0 un maximum de 10 kg au total) pendant quelques instants \u00ab\u00a0g\u00e9n\u00e9ralement 30 secondes sont suffisantes\u00a0\u00bb, toutes les op\u00e9rations de plumage se d\u00e9roulent de mani\u00e8re s\u00fbre, tr\u00e8s silencieuse et propre.<\/p>\n<p>A la fin de chaque plumage il est possible de rincer le cylindre en branchant le pulv\u00e9risateur d\u00e9j\u00e0 pr\u00e9sent sur la plumeuse \u00e0 un robinet d&rsquo;eau.<\/p>\n<p>Les plumes enlev\u00e9es sortent par le bas par la bouche de d\u00e9charge sp\u00e9ciale.<\/p>\n<ul>\n<li>La partie cylindrique est facilement d\u00e9montable.<\/li>\n<li>Toutes les op\u00e9rations de nettoyage sont tr\u00e8s simples et rapides.<\/li>\n<\/ul>\n<p>Caract\u00e9ristiques techniques:<\/p>\n<ul>\n<li>Plumage jusqu\u2019a 120\/140 sujets\/heure.<\/li>\n<li>Cuve avec n.130 doigts en caoutchouc flexible.<\/li>\n<li>Diam\u00e8tre interne utilisable cm. 47.<\/li>\n<li>Couvercle de protection en plexiglas transparent.<\/li>\n<li>Moteur 1 Hp.,kW.0,75 avec vitesse fixe + Reducteur.<\/li>\n<li>Interrupteur de s\u00e9curit\u00e9.<\/li>\n<li>Pulv\u00e9risateur d\u2019eau int\u00e9gr\u00e9.<\/li>\n<li>Corps compl\u00e8tement en acier inox AISI 304.2B.<\/li>\n<li>No. 3 pieds.<\/li>\n<li>Dimensions mont\u00e9e cm. 66 x 65 x 94 hauteur.<\/li>\n<li>Poids net Kg.44.<\/li>\n<li>Normes CEE.<\/li>\n<li>Enti\u00e8rement con\u00e7u et fabriqu\u00e9 en Italie.<\/li>\n<\/ul>\n<p>Vid\u00e9o fonctionnement:<\/p>\n<p><iframe loading=\"lazy\" title=\"MK1 02\" width=\"500\" height=\"281\" src=\"https:\/\/www.youtube.com\/embed\/nO2RcWenNuI?feature=oembed\" frameborder=\"0\" allow=\"accelerometer; autoplay; clipboard-write; encrypted-media; gyroscope; picture-in-picture; web-share\" referrerpolicy=\"strict-origin-when-cross-origin\" allowfullscreen><\/iframe><\/p>\n","protected":false},"excerpt":{"rendered":"<ul>\n<li>SPIUMA X18\u00a0 Plumeuse automatique rotative pour Poulets et Volaille (plumage par voie humide) compl\u00e8te avec tous les accessoires<strong>.<\/strong><\/li>\n<li>Enti\u00e8rement en acier inoxydable AISI 304 2B poli \u00e0 haute \u00e9paisseur.<\/li>\n<li>Capacit\u00e9 de plumage jusqu&rsquo;\u00e0 140 sujets\/heure.<\/li>\n<li>Produit dans notre si\u00e8ge \u00e0 C\u00f4me &#8211; Italie<\/li>\n<li>Garantie et marquage CE<\/li>\n<li>Tension 230 Volt<\/li>\n<\/ul>\n","protected":false},"featured_media":32058,"comment_status":"closed","ping_status":"closed","template":"","meta":{"_acf_changed":false},"product_brand":[],"product_cat":[219,224],"product_tag":[],"class_list":{"0":"post-29153","1":"product","2":"type-product","3":"status-publish","4":"has-post-thumbnail","6":"product_cat-abattage","7":"product_cat-plumeuses","9":"first","10":"instock","11":"sale","12":"taxable","13":"shipping-taxable","14":"purchasable","15":"product-type-simple"},"acf":[],"_links":{"self":[{"href":"https:\/\/maino.it\/fr\/wp-json\/wp\/v2\/product\/29153","targetHints":{"allow":["GET"]}}],"collection":[{"href":"https:\/\/maino.it\/fr\/wp-json\/wp\/v2\/product"}],"about":[{"href":"https:\/\/maino.it\/fr\/wp-json\/wp\/v2\/types\/product"}],"replies":[{"embeddable":true,"href":"https:\/\/maino.it\/fr\/wp-json\/wp\/v2\/comments?post=29153"}],"wp:featuredmedia":[{"embeddable":true,"href":"https:\/\/maino.it\/fr\/wp-json\/wp\/v2\/media\/32058"}],"wp:attachment":[{"href":"https:\/\/maino.it\/fr\/wp-json\/wp\/v2\/media?parent=29153"}],"wp:term":[{"taxonomy":"product_brand","embeddable":true,"href":"https:\/\/maino.it\/fr\/wp-json\/wp\/v2\/product_brand?post=29153"},{"taxonomy":"product_cat","embeddable":true,"href":"https:\/\/maino.it\/fr\/wp-json\/wp\/v2\/product_cat?post=29153"},{"taxonomy":"product_tag","embeddable":true,"href":"https:\/\/maino.it\/fr\/wp-json\/wp\/v2\/product_tag?post=29153"}],"curies":[{"name":"wp","href":"https:\/\/api.w.org\/{rel}","templated":true}]}}