{"id":29145,"date":"2021-03-30T16:39:12","date_gmt":"2021-03-30T14:39:12","guid":{"rendered":"https:\/\/maino.it\/prodotto\/rullo-di-spiumatura-a-mano-quaglie-pernici-e-starne\/"},"modified":"2021-09-27T17:01:52","modified_gmt":"2021-09-27T15:01:52","slug":"rullo-di-spiumatura-a-mano-quaglie-pernici-e-starne","status":"publish","type":"product","link":"https:\/\/maino.it\/fr\/prodotto\/rullo-di-spiumatura-a-mano-quaglie-pernici-e-starne\/","title":{"rendered":"Rouleau pour plumer \u00e0 la main cailles et perdrix"},"content":{"rendered":"<p>Rouleau pour plumer \u00e0 la main cailles et perdrix, pr\u00eat \u00e0 \u00eatre install\u00e9 sur n&rsquo;importe quel outil \u00e9lectrique \u00e0 mouvement rotatif g\u00e9n\u00e9rique (perceuse, tournevis, etc.), complet avec 15 doigts en caoutchouc.<\/p>\n<p>Caract\u00e9ristiques:<\/p>\n<ul>\n<li>Longueur 22cm.<\/li>\n<li>Diam\u00e8tre total 24 cm (avec les doigts d\u00e9j\u00e0 install\u00e9s).<\/li>\n<li>Arbre \u00e0 serrer dans la broche de l&rsquo;outil \u00e9lectrique, diam\u00e8tre 10 mm.<\/li>\n<li>Doigts certifi\u00e9s, conformes \u00e0 la r\u00e9glementation et de haute qualit\u00e9 pour une utilisation dans l&rsquo;industrie alimentaire.<\/li>\n<li>Duret\u00e9 60SH.<\/li>\n<li>La forme particuli\u00e8re du doigt, la souplesse et la disposition des spires superpos\u00e9es r\u00e9duisent drastiquement les dommages cutan\u00e9s.<\/li>\n<li>Normes CEE<\/li>\n<\/ul>\n<p>PS: plumaison par voie humide &#8211; Avant la plumaison, il est n\u00e9cessaire de plonger l&rsquo;animaux dans l&rsquo;eau chaude.<\/p>\n<p><em>Ces doigts ne conviennent qu&rsquo;\u00e0 la <strong>caille<\/strong> et \u00e0 la <strong>perdrix<\/strong>, alors qu&rsquo;ils ne sont pas recommand\u00e9s pour la volaille et le gibier pour lesquels un autre type de rouleau avec doigts est disponible en accessoire.<\/em><\/p>\n","protected":false},"excerpt":{"rendered":"<p>Rouleau pour plumer \u00e0 la main cailles et perdrix, pr\u00eat \u00e0 \u00eatre install\u00e9.<\/p>\n","protected":false},"featured_media":26304,"comment_status":"closed","ping_status":"closed","template":"","meta":{"_acf_changed":false},"product_brand":[],"product_cat":[224],"product_tag":[],"class_list":{"0":"post-29145","1":"product","2":"type-product","3":"status-publish","4":"has-post-thumbnail","6":"product_cat-plumeuses","8":"first","9":"instock","10":"sale","11":"taxable","12":"shipping-taxable","13":"purchasable","14":"product-type-simple"},"acf":[],"_links":{"self":[{"href":"https:\/\/maino.it\/fr\/wp-json\/wp\/v2\/product\/29145","targetHints":{"allow":["GET"]}}],"collection":[{"href":"https:\/\/maino.it\/fr\/wp-json\/wp\/v2\/product"}],"about":[{"href":"https:\/\/maino.it\/fr\/wp-json\/wp\/v2\/types\/product"}],"replies":[{"embeddable":true,"href":"https:\/\/maino.it\/fr\/wp-json\/wp\/v2\/comments?post=29145"}],"wp:featuredmedia":[{"embeddable":true,"href":"https:\/\/maino.it\/fr\/wp-json\/wp\/v2\/media\/26304"}],"wp:attachment":[{"href":"https:\/\/maino.it\/fr\/wp-json\/wp\/v2\/media?parent=29145"}],"wp:term":[{"taxonomy":"product_brand","embeddable":true,"href":"https:\/\/maino.it\/fr\/wp-json\/wp\/v2\/product_brand?post=29145"},{"taxonomy":"product_cat","embeddable":true,"href":"https:\/\/maino.it\/fr\/wp-json\/wp\/v2\/product_cat?post=29145"},{"taxonomy":"product_tag","embeddable":true,"href":"https:\/\/maino.it\/fr\/wp-json\/wp\/v2\/product_tag?post=29145"}],"curies":[{"name":"wp","href":"https:\/\/api.w.org\/{rel}","templated":true}]}}