{"id":29129,"date":"2021-04-08T10:44:55","date_gmt":"2021-04-08T08:44:55","guid":{"rendered":"https:\/\/maino.it\/prodotto\/tagliabecchi-maino-industries\/"},"modified":"2023-11-21T14:11:40","modified_gmt":"2023-11-21T13:11:40","slug":"tagliabecchi-maino-industries","status":"publish","type":"product","link":"https:\/\/maino.it\/fr\/prodotto\/tagliabecchi-maino-industries\/","title":{"rendered":"D\u00e9bequeur Maino Industries"},"content":{"rendered":"<h3 style=\"text-align: center;\">D\u00e9b\u00e9queur<\/h3>\n<p><em>Le D\u00e9b\u00e9queur Maino Industries est un appareil \u00e9lectrique sp\u00e9cifique pour toute personne pratiquant un \u00e9levage intensif de volailles, simple d&rsquo;utilisation et n\u00e9cessaire \u00e0 une bonne gestion du cannibalisme, il permet \u00e0 la fois la suppression de la pointe du bec des poussins, et la caut\u00e9risation imm\u00e9diate du coupure\/blessure.<\/em><\/p>\n<p><strong>Pourquoi on coupe le bec:<\/strong><\/p>\n<p><em>Pendant la phase de d\u00e9veloppement et de croissance, les poulets, stress\u00e9s par une chaleur corporelle excessive induite par le climat et les saisons, par une alimentation tr\u00e8s \u00e9nerg\u00e9tique, le manque de grands espaces de mouvement et par des instincts sexuels grandissants, deviennent extr\u00eamement agressifs et se d\u00e9foulent avec les autres poulets, leurs voisins d&rsquo;\u00e9levage.<\/em><\/p>\n<p><em>L&rsquo;exutoire commence \u00e0 partir de simples coups de bec, atteignant l&rsquo;extirpation de la plupart des plumes du dos et du bas du dos et se poursuit m\u00eame jusqu&rsquo;\u00e0 l&rsquo;\u00e9limination de plus ou moins gros lambeaux de peau et de chair (la forme est appel\u00e9e <span style=\"text-decoration: underline;\">cannibalisme<\/span>).<\/em><\/p>\n<p><em>La suppression de la pointe du bec se pratique d\u00e9j\u00e0 quelques jours apr\u00e8s la naissance, l&rsquo;op\u00e9ration est manuelle et l&rsquo;animal est maintenu dans la bonne position par l&rsquo;op\u00e9rateur.<\/em><\/p>\n<p><strong>Fonctionnement du D\u00e9b\u00e9queur:<\/strong><\/p>\n<p><em>Une lame tranchante et tr\u00e8s r\u00e9sistante en alliage <span style=\"text-decoration: underline;\">acier-nickel-cromo<\/span> noble est install\u00e9e sur un m\u00e9canisme \u00e0 guillotine. La lame est rendue presque incandescente par un flux \u00e9lectrique contr\u00f4l\u00e9 \u00e0 tr\u00e8s basse tension puis activ\u00e9e en appuyant sur une p\u00e9dale, elle est abaiss\u00e9e jusqu&rsquo;\u00e0 atteindre le support arqu\u00e9 fixe, o\u00f9 se trouve le bec d&rsquo;un poussin.<\/em><\/p>\n<p><em>\u00ab\u00a0Si la lame est accidentellement touch\u00e9e par l&rsquo;op\u00e9rateur, il n&rsquo;y a aucun risque d&rsquo;\u00e9lectrocution, seulement de br\u00fblures\u00a0\u00bb.<\/em><\/p>\n<p><em>La lame enl\u00e8ve instantan\u00e9ment une partie du bec \u00ab\u00a0la seule pointe\u00a0\u00bb et au m\u00eame instant la forte chaleur caut\u00e9rise parfaitement la coupure, \u00e9vitant que la partie affect\u00e9e ne s&rsquo;infecte.<\/em><\/p>\n<p><em>La partie enlev\u00e9e du bec n&rsquo;est pas reli\u00e9e aux terminaisons nerveuses, l&rsquo;ablation prend quelques instants et la douleur caus\u00e9e \u00e0 l&rsquo;animal est quasi inexistante.<\/em><\/p>\n<p><em>Le bec est bien caut\u00e9ris\u00e9 et ne perd pas sa fonctionnalit\u00e9, le poussin continue \u00e0 manger et \u00e0 boire sans aucun probl\u00e8me \u00ab\u00a0la pointe du bec dans la ferme n&rsquo;est pas n\u00e9cessaire, car la nourriture est d\u00e9j\u00e0 pr\u00e9sente dans la mangeoire sans avoir besoin de creuser ou casser le sol\u00a0\u00bb.<\/em><\/p>\n<p><strong>Donn\u00e9es techniques:<\/strong><\/p>\n<p>Tension d&rsquo;alimentation: 230 Volt +10\/-15% @ 50 Hz. \u00b1 0,5%<\/p>\n<p>Interrupteur principal<\/p>\n<p>Temp\u00e9rature de la lame r\u00e9glable sur 3 niveaux<\/p>\n<p>Consommation \u00e9lectrique: 250 Watt<\/p>\n<p>Normes et Garantie CE<\/p>\n<p><strong>Installation:\u00a0<\/strong><\/p>\n<p><em>Le D\u00e9b\u00e9queur doit \u00eatre install\u00e9 sur une table ou une surface plane \u00e0 une hauteur suffisamment confortable pour l&rsquo;op\u00e9rateur. L&rsquo;\u00e9tag\u00e8re supportant le bec doit \u00eatre en porte-\u00e0-faux vers l&rsquo;ext\u00e9rieur de la surface plane, tandis qu&rsquo;en dessous la tige avec la p\u00e9dale d&rsquo;activation doit \u00eatre connect\u00e9e. <\/em><em>Le retour de la lame \u00e0 son si\u00e8ge est garanti par un \u00e9l\u00e9ment \u00e9lastique sp\u00e9cial.<\/em><\/p>\n<p><strong>Notes importantes:<\/strong><\/p>\n<p><em>Sur le march\u00e9 on trouve des d\u00e9b\u00e9queurs \u00e0 descente de lame automatis\u00e9e, ce sont de v\u00e9ritables dispositifs hors-la-loi, extr\u00eamement dangereux aussi bien pour l&rsquo;op\u00e9rateur que pour le poussin \u00ab\u00a0c&rsquo;est vrai qu&rsquo;il n&rsquo;y a pas de risque d&rsquo;\u00e9lectrocution, mais la lame bouge toute seule et elle est tranchante et tr\u00e8s chaude\u00a0\u00bb se tromper n&rsquo;est pas si difficile et vous n&rsquo;aurez m\u00eame pas le temps d&rsquo;appuyer sur le bouton d&rsquo;urgence ! (s&rsquo;il existe).<\/em><\/p>\n<p><em><strong>Le D\u00e9b\u00e9queur Maino Industries n&rsquo;a que des manipulations manuelles<\/strong> \u00ab\u00a0mises en \u0153uvre avec la pression du pied uniquement au bon moment\u00a0\u00bb non pas parce que ce traitement serait trop difficile \u00e0 ajouter pour nous (nous avons toujours cr\u00e9\u00e9 des automatisations). <\/em><\/p>\n<p><strong><em>L&rsquo;absence d&rsquo;automatisation de la descente de la lame est <span style=\"text-decoration: underline;\">souhait\u00e9e par nos soins<\/span>, pour permettre \u00e0 l&rsquo;op\u00e9rateur un contr\u00f4le total de la phase d&rsquo;ablation de la pointe du bec.<\/em><\/strong><\/p>\n<p><em><strong><span style=\"text-decoration: underline;\">L&rsquo;actionnement manuel est beaucoup plus s\u00fbr pour l&rsquo;op\u00e9rateur<\/span><\/strong>, il n&rsquo;y a aucun risque de provoquer une suppression de la pointe insuffisante ou trop \u00e9lev\u00e9 aux poussins, d&rsquo;endommager le bec, de produire des amputations et\/ou une caut\u00e9risation insuffisante ou des br\u00fblures excessives qui conduisent alors toutes \u00e0 de graves infirmit\u00e9s chez les animaux qui malheureusement ne survivent pas longtemps \u00ab\u00a0mais en attendant, ils mangent comme ils peuvent, causant d&rsquo;autres dommages \u00e9conomiques\u00a0\u00bb.<\/em><\/p>\n","protected":false},"excerpt":{"rendered":"<p>D\u00e9b\u00e9queur Le D\u00e9b\u00e9queur Maino Industries est un appareil \u00e9lectrique sp\u00e9cifique pour toute personne pratiquant un \u00e9levage intensif de volailles, simple d&rsquo;utilisation et n\u00e9cessaire \u00e0 une bonne gestion du cannibalisme, il permet \u00e0 la fois la suppression de la pointe du bec des poussins, et la caut\u00e9risation imm\u00e9diate du coupure\/blessure. Pourquoi on coupe le bec: Pendant [&hellip;]<\/p>\n","protected":false},"featured_media":26435,"comment_status":"closed","ping_status":"closed","template":"","meta":{"_acf_changed":false},"product_brand":[],"product_cat":[144,142],"product_tag":[],"class_list":{"0":"post-29129","1":"product","2":"type-product","3":"status-publish","4":"has-post-thumbnail","6":"product_cat-accessoires-avicoles","7":"product_cat-elevage","9":"first","10":"instock","11":"sale","12":"taxable","13":"shipping-taxable","14":"purchasable","15":"product-type-simple"},"acf":[],"_links":{"self":[{"href":"https:\/\/maino.it\/fr\/wp-json\/wp\/v2\/product\/29129","targetHints":{"allow":["GET"]}}],"collection":[{"href":"https:\/\/maino.it\/fr\/wp-json\/wp\/v2\/product"}],"about":[{"href":"https:\/\/maino.it\/fr\/wp-json\/wp\/v2\/types\/product"}],"replies":[{"embeddable":true,"href":"https:\/\/maino.it\/fr\/wp-json\/wp\/v2\/comments?post=29129"}],"wp:featuredmedia":[{"embeddable":true,"href":"https:\/\/maino.it\/fr\/wp-json\/wp\/v2\/media\/26435"}],"wp:attachment":[{"href":"https:\/\/maino.it\/fr\/wp-json\/wp\/v2\/media?parent=29129"}],"wp:term":[{"taxonomy":"product_brand","embeddable":true,"href":"https:\/\/maino.it\/fr\/wp-json\/wp\/v2\/product_brand?post=29129"},{"taxonomy":"product_cat","embeddable":true,"href":"https:\/\/maino.it\/fr\/wp-json\/wp\/v2\/product_cat?post=29129"},{"taxonomy":"product_tag","embeddable":true,"href":"https:\/\/maino.it\/fr\/wp-json\/wp\/v2\/product_tag?post=29129"}],"curies":[{"name":"wp","href":"https:\/\/api.w.org\/{rel}","templated":true}]}}