{"id":29128,"date":"2019-02-25T13:32:29","date_gmt":"2019-02-25T12:32:29","guid":{"rendered":"https:\/\/maino.it\/prodotto\/kit-pannelli-espansione-poner\/"},"modified":"2021-09-24T17:09:17","modified_gmt":"2021-09-24T15:09:17","slug":"kit-pannelli-espansione-poner","status":"publish","type":"product","link":"https:\/\/maino.it\/fr\/prodotto\/kit-pannelli-espansione-poner\/","title":{"rendered":"Kit de panneaux d&rsquo;extension PONER"},"content":{"rendered":"<p align=\"justify\">Kit de panneaux pour agrandir et augmenter la taille de <strong>PONER<\/strong><\/p>\n<p align=\"justify\">ce kit compos\u00e9 par no.2 panneaux permet d&rsquo;augmenter le diam\u00e8tre et par cons\u00e9quent la taille de l&rsquo;espace disponible pour les poussins.<\/p>\n","protected":false},"excerpt":{"rendered":"<p>Kit de panneaux pour agrandir et augmenter la taille de PONER ce kit compos\u00e9 par no.2 panneaux permet d&rsquo;augmenter le diam\u00e8tre et par cons\u00e9quent la taille de l&rsquo;espace disponible pour les poussins.<\/p>\n","protected":false},"featured_media":0,"comment_status":"closed","ping_status":"closed","template":"","meta":{"_acf_changed":false},"product_brand":[],"product_cat":[171,173],"product_tag":[],"class_list":{"0":"post-29128","1":"product","2":"type-product","3":"status-publish","5":"product_cat-lampes-et-eleveuses","6":"product_cat-poner-fr","8":"first","9":"instock","10":"taxable","11":"shipping-taxable","12":"purchasable","13":"product-type-simple"},"acf":[],"_links":{"self":[{"href":"https:\/\/maino.it\/fr\/wp-json\/wp\/v2\/product\/29128","targetHints":{"allow":["GET"]}}],"collection":[{"href":"https:\/\/maino.it\/fr\/wp-json\/wp\/v2\/product"}],"about":[{"href":"https:\/\/maino.it\/fr\/wp-json\/wp\/v2\/types\/product"}],"replies":[{"embeddable":true,"href":"https:\/\/maino.it\/fr\/wp-json\/wp\/v2\/comments?post=29128"}],"wp:attachment":[{"href":"https:\/\/maino.it\/fr\/wp-json\/wp\/v2\/media?parent=29128"}],"wp:term":[{"taxonomy":"product_brand","embeddable":true,"href":"https:\/\/maino.it\/fr\/wp-json\/wp\/v2\/product_brand?post=29128"},{"taxonomy":"product_cat","embeddable":true,"href":"https:\/\/maino.it\/fr\/wp-json\/wp\/v2\/product_cat?post=29128"},{"taxonomy":"product_tag","embeddable":true,"href":"https:\/\/maino.it\/fr\/wp-json\/wp\/v2\/product_tag?post=29128"}],"curies":[{"name":"wp","href":"https:\/\/api.w.org\/{rel}","templated":true}]}}