{"id":29119,"date":"2019-02-25T11:38:07","date_gmt":"2019-02-25T10:38:07","guid":{"rendered":"https:\/\/maino.it\/prodotto\/kit-poner-box-di-svezzamento-a-terra\/"},"modified":"2023-09-13T14:20:20","modified_gmt":"2023-09-13T12:20:20","slug":"kit-poner-box-di-svezzamento-a-terra","status":"publish","type":"product","link":"https:\/\/maino.it\/fr\/prodotto\/kit-poner-box-di-svezzamento-a-terra\/","title":{"rendered":"KIT PONER &#8211; \u00c9L\u00c9MENT DE SEVRAGE SUR LE SOL"},"content":{"rendered":"<p align=\"justify\"><strong>PONER <\/strong>est l&rsquo;\u00e9l\u00e9ment de sevrage des poussins le plus appr\u00e9ci\u00e9 par les clients professionnels de MAINO, d\u00e9sormais \u00e9galement disponible pour tous nos clients particuliers.<\/p>\n<p align=\"justify\">Le <strong>KIT PONER<\/strong> a \u00e9t\u00e9 sp\u00e9cialement con\u00e7u pour r\u00e9pondre aux besoins des \u00e9leveurs professionnels, qui recherchaient un \u00e9l\u00e9ment bien fait et pas cher \u00e0 poser directement au sol, facile \u00e0 monter et \u00e0 nettoyer, dans lequel sevrer les poussins nouveau-n\u00e9s.<\/p>\n<p align=\"justify\">Nous avons donc cr\u00e9\u00e9 <strong>PONER<\/strong> un espace limit\u00e9 avec assemblage \u00e0 embo\u00eetement et n&rsquo;a pas de coins, o\u00f9 les poussins peuvent s&rsquo;entasser cr\u00e9ant des conditions de mort par suffocation (les poussins les plus proches des zones aigu\u00ebs sont \u00e9cras\u00e9s par les autres).<\/p>\n<p align=\"justify\">Le <strong>KIT PONER<\/strong> permet d&rsquo;obtenir la bo\u00eete compl\u00e8te qui se compose de quatre panneaux, obtenus \u00e0 partir de feuilles plates de PVC expans\u00e9 travaill\u00e9es avec des machines CNC, et une fois r\u00e9unis, ils forment un seul \u00e9l\u00e9ment cylindrique ouvert \u00e0 la fois en haut et en bas; en posant un c\u00f4t\u00e9 directement sur le sol (voir photo) il permet de contenir les poussins les emp\u00eachant de s&rsquo;\u00e9chapper. Pour maintenir le radiant <strong>CALDO BELLO<\/strong> dans la bonne position, nous avons ajout\u00e9 au projet trois profil\u00e9s en m\u00e9tal galvanis\u00e9 qui s&rsquo;accrochent \u00e0 la structure du <strong>PONER<\/strong>.<\/p>\n<p align=\"justify\">Le chauffage est toujours confi\u00e9 \u00e0 notre plusieurs fois r\u00e9compens\u00e9 <strong>CALDO BELLO<\/strong> qui par saturation hypodermique chauffe les poussins. Le corps qui entre en contact avec la lumi\u00e8re \u00e9mise par l\u2019ampoule sp\u00e9ciale RA est satur\u00e9 de chaleur et la circulation naturelle du sang permet \u00e0 la chaleur de se propager \u00e0 toutes les parties du corps. <strong>CALDO BELLO chauffe uniquement les animaux!<\/strong> L\u2019eau, les aliments et donc aussi le sol, les murs, les cages, et tout le reste inerte, reste froid! Ce facteur important \u00e9vite l\u2019\u00e9vaporation de l\u2019eau, la fermentation des aliments et de nombreux probl\u00e8mes de sant\u00e9 et de sant\u00e9 animale.<\/p>\n<p><strong>Caract\u00e9ristiques techniques:<\/strong><\/p>\n<ul>\n<li>no.4 Panneaux en PVC expans\u00e9 de couleur verte ou rouge selon la disponibilit\u00e9 de production.<\/li>\n<li>no.4 Supports de connexion en PVC expans\u00e9 blanc avec crochets pr\u00e9-install\u00e9s.<\/li>\n<li>no.3 Profil\u00e9s m\u00e9talliques galvanis\u00e9s pour supporter le radiant CALDO BELLO.<\/li>\n<li>No.1 radiant de type CALDO BELLO CB1 de 250 watts avec thermostat pour le r\u00e9glage du fonctionnement.<\/li>\n<li>No.1 abreuvoir.<\/li>\n<li>Enti\u00e8rement demontable et lavable.<\/li>\n<li>Dimensions ext\u00e9rieures mont\u00e9 diam\u00e8tre cm. 90 x 48,5 hauteur.<\/li>\n<li>La structure en profil\u00e9s m\u00e9talliques galvanis\u00e9s supporte le radiant CALDO BELLO \u00e0 environ 50 cm. \u00e0 partir du sol.<\/li>\n<li>Poids Total Kg. 12.<\/li>\n<li>Puissance Watt 250 &#8211; Vac 230+10\/-15% HZ. 50\u00b10.5%.<\/li>\n<li>Garantie de 2 ans.<\/li>\n<li>Produit conforme aux normes CEE \u2013 Enti\u00e8rement con\u00e7u et fabriqu\u00e9 en Italie.<\/li>\n<li>Notice d\u2019installation et d\u2019utilisation.<\/li>\n<li>Il est exp\u00e9di\u00e9 d\u00e9mont\u00e9, complet avec toutes les vis et \u00e9crous n\u00e9cessaires \u00e0 son assemblage.<\/li>\n<li>Assemblage extr\u00eamement simplifi\u00e9 avec des instructions et des images \u00e0 l\u2019appui.<\/li>\n<li>Capacit\u00e9 pour certains types de poussins:\n<ul>\n<li>Poussins de poule, canard et dinde du pays = 60 &#8211; 70<\/li>\n<li>Poussins de faisan, pintade et bantam = 70 &#8211; 80<\/li>\n<li>Poussins de perdrix rouge = 150 &#8211; 170<\/li>\n<li>Poussins de caille, perdrix grise = 180 &#8211; 200<\/li>\n<li>Poussins de dinde g\u00e9ante, oie, paon = 30 &#8211; 40<\/li>\n<\/ul>\n<\/li>\n<\/ul>\n<p align=\"justify\"><span style=\"text-decoration: underline;\"><span style=\"color: #0000ff; text-decoration: underline;\"><strong><span style=\"font-size: 20px;\">KIT DE PANNEAUX D&rsquo;EXTENSION<\/span><\/strong><\/span><\/span>: Achat \u00e0 consid\u00e9rer ! La structure du <strong>KIT PONER<\/strong> peut \u00eatre \u00e9tendue par deux autres panneaux optionnels.<\/p>\n","protected":false},"excerpt":{"rendered":"<p>PONER est l&rsquo;\u00e9l\u00e9ment de sevrage des poussins le plus appr\u00e9ci\u00e9 par les clients professionnels de MAINO, d\u00e9sormais \u00e9galement disponible pour tous nos clients particuliers. Le KIT PONER a \u00e9t\u00e9 sp\u00e9cialement con\u00e7u pour r\u00e9pondre aux besoins des \u00e9leveurs professionnels, qui recherchaient un \u00e9l\u00e9ment bien fait et pas cher \u00e0 poser directement au sol, facile \u00e0 monter [&hellip;]<\/p>\n","protected":false},"featured_media":28292,"comment_status":"closed","ping_status":"closed","template":"","meta":{"_acf_changed":false},"product_brand":[],"product_cat":[171,173],"product_tag":[],"class_list":{"0":"post-29119","1":"product","2":"type-product","3":"status-publish","4":"has-post-thumbnail","6":"product_cat-lampes-et-eleveuses","7":"product_cat-poner-fr","9":"first","10":"instock","11":"taxable","12":"shipping-taxable","13":"purchasable","14":"product-type-simple"},"acf":[],"_links":{"self":[{"href":"https:\/\/maino.it\/fr\/wp-json\/wp\/v2\/product\/29119","targetHints":{"allow":["GET"]}}],"collection":[{"href":"https:\/\/maino.it\/fr\/wp-json\/wp\/v2\/product"}],"about":[{"href":"https:\/\/maino.it\/fr\/wp-json\/wp\/v2\/types\/product"}],"replies":[{"embeddable":true,"href":"https:\/\/maino.it\/fr\/wp-json\/wp\/v2\/comments?post=29119"}],"wp:featuredmedia":[{"embeddable":true,"href":"https:\/\/maino.it\/fr\/wp-json\/wp\/v2\/media\/28292"}],"wp:attachment":[{"href":"https:\/\/maino.it\/fr\/wp-json\/wp\/v2\/media?parent=29119"}],"wp:term":[{"taxonomy":"product_brand","embeddable":true,"href":"https:\/\/maino.it\/fr\/wp-json\/wp\/v2\/product_brand?post=29119"},{"taxonomy":"product_cat","embeddable":true,"href":"https:\/\/maino.it\/fr\/wp-json\/wp\/v2\/product_cat?post=29119"},{"taxonomy":"product_tag","embeddable":true,"href":"https:\/\/maino.it\/fr\/wp-json\/wp\/v2\/product_tag?post=29119"}],"curies":[{"name":"wp","href":"https:\/\/api.w.org\/{rel}","templated":true}]}}