{"id":29109,"date":"2021-05-31T11:50:29","date_gmt":"2021-05-31T09:50:29","guid":{"rendered":"https:\/\/maino.it\/prodotto\/amazonas_camera_calda_pappagalli_uccelli_esotici\/"},"modified":"2021-12-07T11:48:14","modified_gmt":"2021-12-07T10:48:14","slug":"amazonas_camera_calda_pappagalli_uccelli_esotici","status":"publish","type":"product","link":"https:\/\/maino.it\/fr\/prodotto\/amazonas_camera_calda_pappagalli_uccelli_esotici\/","title":{"rendered":"AMAZONAS 3"},"content":{"rendered":"<ul>\n<li>Chambre chaude pour oiseaux et animaux exotiques, avec r\u00e9partition dynamique de la chaleur au moyen d&rsquo;un ventilateur.<\/li>\n<li>Cabine en mousse PVC rigide thermo-isol\u00e9 blanche classe A, obtenue \u00e0 partir d\u2019un panneau plat usin\u00e9 avec des machines CNC et profil\u00e9e en aluminium et acier galvanis\u00e9 lamin\u00e9 avec du pvc blanc.<\/li>\n<li>Porte travaill\u00e9e avec le m\u00eame mat\u00e9riau d\u00e9crit ci-dessus, elle a une grande fen\u00eatre d&rsquo;inspection en plexiglas transparent.<\/li>\n<li>Dimensions utiles internes en cm. 50 x 50 x hauteur 60<\/li>\n<li>Il peut abriter une cage standard de cm. 45 x 45 x 50<\/li>\n<li>\u00c9change d&rsquo;air avec rideau r\u00e9glable.<\/li>\n<li>Humidification par \u00e9vaporation avec valve pour r\u00e9serve d&rsquo;eau \u00e0 installer sur n&rsquo;importe quelle bouteille en PET (bouteille non incluse).<\/li>\n<li>Protection int\u00e9grale des parties \u00e9lectriques et m\u00e9caniques.<\/li>\n<li>Puissance de watts 163 et consommation moyenne de 41 watts \/ heure.<\/li>\n<li>Conception et construction selon les normes CEE.<\/li>\n<li>Tension Vca 230+10\/-15% HZ. 50\u00b10.5%.<\/li>\n<li>Garantie de 2 ans pour tout d\u00e9faut de fabrication.<\/li>\n<li>Exp\u00e9di\u00e9 assembl\u00e9 et pr\u00eat \u00e0 l&#8217;emploi \u2013 Poids \u00e0 partir de 19 Kg.<\/li>\n<li>Notice d\u2019utilisation et d\u2019entretien avec des images pour simplifier l\u2019apprentissage.<\/li>\n<\/ul>\n","protected":false},"excerpt":{"rendered":"<h3><strong><span style=\"line-height: 1.5;\">Chambre chaude configurabel et sp\u00e9cifique pour oiseaux et animaux exotiques.<\/span><\/strong><\/h3>\n<p>Structure en PVC expans\u00e9 thermo-isolant, r\u00e9gulateur de temp\u00e9rature + fonction hygrom\u00e8tre + affichage digital et bien plus.<\/p>\n<p><strong>Garantie 2 ANS<\/strong><\/p>\n<p><strong>Con\u00e7ue et fabriqu\u00e9e \u00e0 Como &#8211; Italie<\/strong><\/p>\n","protected":false},"featured_media":27216,"comment_status":"closed","ping_status":"closed","template":"","meta":{"_acf_changed":false},"product_brand":[],"product_cat":[283,150,171],"product_tag":[],"class_list":{"0":"post-29109","1":"product","2":"type-product","3":"status-publish","4":"has-post-thumbnail","6":"product_cat-eleveuses-exotiques","7":"product_cat-incubateurs-maino-pour-exotiques","8":"product_cat-lampes-et-eleveuses","10":"first","11":"instock","12":"sale","13":"taxable","14":"shipping-taxable","15":"purchasable","16":"product-type-simple"},"acf":[],"_links":{"self":[{"href":"https:\/\/maino.it\/fr\/wp-json\/wp\/v2\/product\/29109","targetHints":{"allow":["GET"]}}],"collection":[{"href":"https:\/\/maino.it\/fr\/wp-json\/wp\/v2\/product"}],"about":[{"href":"https:\/\/maino.it\/fr\/wp-json\/wp\/v2\/types\/product"}],"replies":[{"embeddable":true,"href":"https:\/\/maino.it\/fr\/wp-json\/wp\/v2\/comments?post=29109"}],"wp:featuredmedia":[{"embeddable":true,"href":"https:\/\/maino.it\/fr\/wp-json\/wp\/v2\/media\/27216"}],"wp:attachment":[{"href":"https:\/\/maino.it\/fr\/wp-json\/wp\/v2\/media?parent=29109"}],"wp:term":[{"taxonomy":"product_brand","embeddable":true,"href":"https:\/\/maino.it\/fr\/wp-json\/wp\/v2\/product_brand?post=29109"},{"taxonomy":"product_cat","embeddable":true,"href":"https:\/\/maino.it\/fr\/wp-json\/wp\/v2\/product_cat?post=29109"},{"taxonomy":"product_tag","embeddable":true,"href":"https:\/\/maino.it\/fr\/wp-json\/wp\/v2\/product_tag?post=29109"}],"curies":[{"name":"wp","href":"https:\/\/api.w.org\/{rel}","templated":true}]}}