{"id":29107,"date":"2019-02-25T10:54:39","date_gmt":"2019-02-25T09:54:39","guid":{"rendered":"https:\/\/maino.it\/prodotto\/allevatrice-happy-chicks-iii\/"},"modified":"2021-09-21T10:35:26","modified_gmt":"2021-09-21T08:35:26","slug":"allevatrice-happy-chicks-iii","status":"publish","type":"product","link":"https:\/\/maino.it\/fr\/prodotto\/allevatrice-happy-chicks-iii\/","title":{"rendered":"Eleveuse HAPPY CHICKS III"},"content":{"rendered":"<p align=\"justify\"><strong>Happy Chicks III<\/strong> c&rsquo;est l\u2019\u00e9leveuse la plus grande de la s\u00e9rie <em>Happy Chicks<\/em>, n\u00e9e de la n\u00e9cessit\u00e9 de disposer d&rsquo;un \u00e9l\u00e9ment de confinement pour le sevrage des poussins afin de les aider \u00e0 grandir en toute s\u00e9curit\u00e9 dans leurs premi\u00e8res semaines de vie, mais en m\u00eame temps esth\u00e9tiquement belle, facile \u00e0 monter\/d\u00e9monter et \u00e0 nettoyer.<\/p>\n<p align=\"justify\">Les parois de la cabine sont obtenues \u00e0 partir de feuilles plates de plexiglas transparent travaill\u00e9es avec des machines CNC, la transparence offre une vue parfaite \u00e0 360 degr\u00e9s de l&rsquo;int\u00e9rieur et pour assurer des niveaux \u00e9lev\u00e9s d&rsquo;hygi\u00e8ne, la cabine peut \u00eatre compl\u00e8tement d\u00e9mont\u00e9e sans utiliser d&rsquo;outils et c&rsquo;est parfaitement lavable.<\/p>\n<p align=\"justify\">Le chauffage est confi\u00e9 \u00e0 notre CALDO BELLO qui par saturation hypodermique chauffe l&rsquo;animal. Le corps qui entre en contact avec la lumi\u00e8re \u00e9mise par l&rsquo;ampoule sp\u00e9ciale RA est satur\u00e9 de chaleur et la circulation naturelle du sang permet \u00e0 la chaleur de se propager \u00e0 toutes les parties du corps<\/p>\n<p align=\"justify\">CALDO BELLO <strong>chauffe uniquement les animaux<\/strong><strong>!<\/strong> L&rsquo;eau, les aliments et donc aussi le sol, les murs, les cages, et tout le reste inerte, reste froid! Ce facteur important \u00e9vite l&rsquo;\u00e9vaporation de l&rsquo;eau, la fermentation des aliments et de nombreux probl\u00e8mes de sant\u00e9 et de sant\u00e9 animale.<\/p>\n<p><strong>Caract\u00e9ristiques techniques:<\/strong><\/p>\n<ul>\n<li>Parois cabine en plexiglas transparent.<\/li>\n<li>Toit compos\u00e9 d&rsquo;un panneau en treillis profil\u00e9 coulissant \u00e0 l&rsquo;int\u00e9rieur de guides en aluminium.<\/li>\n<li>Base o\u00f9 reposent les poussins en maille de m\u00e9tal \u00e9troite pour \u00e9viter que les pattes ne se cassent.<\/li>\n<li>Double tiroir de collecte de fumier amovible aussi grand que toute la taille de la cage<\/li>\n<li>No.1 radiant de type CALDO BELLO CB1 de 250 watts avec thermostat pour le r\u00e9glage du fonctionnement.<\/li>\n<li>No.1 abreuvoir et no.1 mangeoire.<\/li>\n<li>Pi\u00e9destal avec jambes.<\/li>\n<li>Enti\u00e8rement demontable et lavable.<\/li>\n<li>Dimensions ext\u00e9rieures mont\u00e9 cm. 99 x 99 x 32 hauteur &#8211; hauteur cm. 103 avec pi\u00e9destal.<\/li>\n<li>Poids Total Kg. 22.<\/li>\n<li>Puissance Watt 250 &#8211; Vca 230+10\/-15% HZ. 50\u00b10.5%.<\/li>\n<li>Garantie de 2 ans.<\/li>\n<li>Produit conforme aux normes CEE &#8211; Enti\u00e8rement con\u00e7u et fabriqu\u00e9 en Italie.<\/li>\n<li>Notice d\u2019installation et d\u2019utilisation.<\/li>\n<li>Il est exp\u00e9di\u00e9 d\u00e9mont\u00e9, complet avec toutes les vis et \u00e9crous n\u00e9cessaires \u00e0 son assemblage.<\/li>\n<li>Il est exp\u00e9di\u00e9 d\u00e9mont\u00e9, assemblage extr\u00eamement simplifi\u00e9 avec des instructions et des images \u00e0 l&rsquo;appui.<\/li>\n<li>Capacit\u00e9 pour certains types de poussins:\n<ul>\n<li>Poussins de poule, canard et dinde du pays = 150<\/li>\n<li>Poussins de faisan, pintade et bantam = 160<\/li>\n<li>Poussins de perdrix rouge= 340<\/li>\n<li>Poussins de caille, perdrix grise = 400<\/li>\n<li>Poussins de dinde g\u00e9ante, oie, paon = 80<\/li>\n<\/ul>\n<\/li>\n<\/ul>\n","protected":false},"excerpt":{"rendered":"<p>Happy Chicks III c&rsquo;est l\u2019\u00e9leveuse la plus grande de la s\u00e9rie Happy Chicks, n\u00e9e de la n\u00e9cessit\u00e9 de disposer d&rsquo;un \u00e9l\u00e9ment de confinement pour le sevrage des poussins afin de les aider \u00e0 grandir en toute s\u00e9curit\u00e9 dans leurs premi\u00e8res semaines de vie, mais en m\u00eame temps esth\u00e9tiquement belle, facile \u00e0 monter\/d\u00e9monter et \u00e0 nettoyer. [&hellip;]<\/p>\n","protected":false},"featured_media":28289,"comment_status":"closed","ping_status":"closed","template":"","meta":{"_acf_changed":false},"product_brand":[],"product_cat":[168,171],"product_tag":[],"class_list":{"0":"post-29107","1":"product","2":"type-product","3":"status-publish","4":"has-post-thumbnail","6":"product_cat-happy-chicks-fr","7":"product_cat-lampes-et-eleveuses","9":"first","10":"instock","11":"sale","12":"taxable","13":"shipping-taxable","14":"purchasable","15":"product-type-simple"},"acf":[],"_links":{"self":[{"href":"https:\/\/maino.it\/fr\/wp-json\/wp\/v2\/product\/29107","targetHints":{"allow":["GET"]}}],"collection":[{"href":"https:\/\/maino.it\/fr\/wp-json\/wp\/v2\/product"}],"about":[{"href":"https:\/\/maino.it\/fr\/wp-json\/wp\/v2\/types\/product"}],"replies":[{"embeddable":true,"href":"https:\/\/maino.it\/fr\/wp-json\/wp\/v2\/comments?post=29107"}],"wp:featuredmedia":[{"embeddable":true,"href":"https:\/\/maino.it\/fr\/wp-json\/wp\/v2\/media\/28289"}],"wp:attachment":[{"href":"https:\/\/maino.it\/fr\/wp-json\/wp\/v2\/media?parent=29107"}],"wp:term":[{"taxonomy":"product_brand","embeddable":true,"href":"https:\/\/maino.it\/fr\/wp-json\/wp\/v2\/product_brand?post=29107"},{"taxonomy":"product_cat","embeddable":true,"href":"https:\/\/maino.it\/fr\/wp-json\/wp\/v2\/product_cat?post=29107"},{"taxonomy":"product_tag","embeddable":true,"href":"https:\/\/maino.it\/fr\/wp-json\/wp\/v2\/product_tag?post=29107"}],"curies":[{"name":"wp","href":"https:\/\/api.w.org\/{rel}","templated":true}]}}