{"id":29104,"date":"2018-10-25T08:13:52","date_gmt":"2018-10-25T06:13:52","guid":{"rendered":"https:\/\/maino.it\/prodotto\/happy-chicks-i\/"},"modified":"2021-09-20T17:09:16","modified_gmt":"2021-09-20T15:09:16","slug":"happy-chicks-i","status":"publish","type":"product","link":"https:\/\/maino.it\/fr\/prodotto\/happy-chicks-i\/","title":{"rendered":"Eleveuse HAPPY CHICKS I"},"content":{"rendered":"<p align=\"justify\">Happy Chicks I l\u2019\u00e9leveuse n\u00e9e de la n\u00e9cessit\u00e9 de disposer d&rsquo;un \u00e9l\u00e9ment de confinement pour le sevrage des poussins afin de les aider \u00e0 grandir en toute s\u00e9curit\u00e9 dans leurs premi\u00e8res semaines de vie, mais en m\u00eame temps esth\u00e9tiquement belle, facile \u00e0 monter\/d\u00e9monter et \u00e0 nettoyer.<\/p>\n<p align=\"justify\">Les parois de la cabine en plexiglas transparent permettent une vue parfaite \u00e0 360\u00b0 de l&rsquo;int\u00e9rieur sans obstacles et sont enti\u00e8rement amovibles (sans l&rsquo;utilisation d&rsquo;outils), lavables \u00e0 l&rsquo;eau et au d\u00e9tergent, permettant ainsi avantages importants pour la sant\u00e9.<\/p>\n<p align=\"justify\">Le syst\u00e8me de chauffage exploite la saturation hypodermique. Le corps qui entre en contact avec la lumi\u00e8re \u00e9mise par l&rsquo;ampoule sp\u00e9ciale RA est satur\u00e9 de chaleur et la circulation naturelle du sang permet \u00e0 la chaleur de se propager \u00e0 toutes les parties du corps. Il chauffe UNIQUEMENT LES ANIMAUX ! L&rsquo;eau, les aliments et donc aussi le sol, les murs, les cages, et tout le reste inerte, reste froid ! Ce facteur important \u00e9vite l&rsquo;\u00e9vaporation de l&rsquo;eau, la fermentation des aliments et de nombreux probl\u00e8mes de sant\u00e9 et de sant\u00e9 animale.<\/p>\n<p><strong>Caract\u00e9ristiques techniques:<\/strong><\/p>\n<ul>\n<li>Parois cabine en plexiglas transparent<\/li>\n<li>Toit compos\u00e9 d&rsquo;un panneau en treillis profil\u00e9 coulissant \u00e0 l&rsquo;int\u00e9rieur de guides en aluminium<\/li>\n<li>Base o\u00f9 reposent les poussins en maille de m\u00e9tal \u00e9troite pour \u00e9viter que les pattes ne se cassent<\/li>\n<li>Tiroir de collecte de fumier amovible aussi grand que toute la taille de la cage<\/li>\n<li>Radiant de type CALDO BELLO de 250 watts avec thermostat pour le r\u00e9glage du fonctionnement<\/li>\n<li>No.1 abreuvoir et no.1 mangeoire<\/li>\n<li>Enti\u00e8rement demontable et lavable<\/li>\n<li>Dimensions ext\u00e9rieures mont\u00e9 cm. 67 x 41 x 32 hauteur<\/li>\n<li>Poids Total Kg. 12,5<\/li>\n<li>Puissance Watt 250 \u2013 Vca 230+10\/-15% HZ. 50\u00b10.5%<\/li>\n<li>Garantie de 2 ans<\/li>\n<li>Produit conforme aux normes CEE &#8211; Enti\u00e8rement con\u00e7u et fabriqu\u00e9 en Italie<\/li>\n<li>Notice d\u2019installation et d\u2019utilisation<\/li>\n<li>Il est exp\u00e9di\u00e9 d\u00e9mont\u00e9, assemblage extr\u00eamement simplifi\u00e9 avec des instructions et des images \u00e0 l&rsquo;appui<\/li>\n<li>Capacit\u00e9 pour certains types de poussins:\n<ul>\n<li>Poussins de poule, canard et dinde du pays = 30-35<\/li>\n<li>Poussins de faisan, pintade et bantam = 40-45<\/li>\n<li>Poussins de perdrix rouge = 90-100<\/li>\n<li>Poussins de caille, perdrix grise = 100-120<\/li>\n<li>Poussins de dinde g\u00e9ante, oie, paon = 12-15<\/li>\n<\/ul>\n<\/li>\n<\/ul>\n","protected":false},"excerpt":{"rendered":"<p>Happy Chicks I l\u2019\u00e9leveuse n\u00e9e de la n\u00e9cessit\u00e9 de disposer d&rsquo;un \u00e9l\u00e9ment de confinement pour le sevrage des poussins afin de les aider \u00e0 grandir en toute s\u00e9curit\u00e9 dans leurs premi\u00e8res semaines de vie, mais en m\u00eame temps esth\u00e9tiquement belle, facile \u00e0 monter\/d\u00e9monter et \u00e0 nettoyer. Les parois de la cabine en plexiglas transparent permettent [&hellip;]<\/p>\n","protected":false},"featured_media":28239,"comment_status":"closed","ping_status":"closed","template":"","meta":{"_acf_changed":false},"product_brand":[],"product_cat":[168,171],"product_tag":[],"class_list":{"0":"post-29104","1":"product","2":"type-product","3":"status-publish","4":"has-post-thumbnail","6":"product_cat-happy-chicks-fr","7":"product_cat-lampes-et-eleveuses","9":"first","10":"instock","11":"sale","12":"taxable","13":"shipping-taxable","14":"purchasable","15":"product-type-simple"},"acf":[],"_links":{"self":[{"href":"https:\/\/maino.it\/fr\/wp-json\/wp\/v2\/product\/29104","targetHints":{"allow":["GET"]}}],"collection":[{"href":"https:\/\/maino.it\/fr\/wp-json\/wp\/v2\/product"}],"about":[{"href":"https:\/\/maino.it\/fr\/wp-json\/wp\/v2\/types\/product"}],"replies":[{"embeddable":true,"href":"https:\/\/maino.it\/fr\/wp-json\/wp\/v2\/comments?post=29104"}],"wp:featuredmedia":[{"embeddable":true,"href":"https:\/\/maino.it\/fr\/wp-json\/wp\/v2\/media\/28239"}],"wp:attachment":[{"href":"https:\/\/maino.it\/fr\/wp-json\/wp\/v2\/media?parent=29104"}],"wp:term":[{"taxonomy":"product_brand","embeddable":true,"href":"https:\/\/maino.it\/fr\/wp-json\/wp\/v2\/product_brand?post=29104"},{"taxonomy":"product_cat","embeddable":true,"href":"https:\/\/maino.it\/fr\/wp-json\/wp\/v2\/product_cat?post=29104"},{"taxonomy":"product_tag","embeddable":true,"href":"https:\/\/maino.it\/fr\/wp-json\/wp\/v2\/product_tag?post=29104"}],"curies":[{"name":"wp","href":"https:\/\/api.w.org\/{rel}","templated":true}]}}