{"id":28875,"date":"2021-03-15T18:42:22","date_gmt":"2021-03-15T17:42:22","guid":{"rendered":"https:\/\/maino.it\/prodotto\/pro-630\/"},"modified":"2023-09-13T13:38:51","modified_gmt":"2023-09-13T11:38:51","slug":"pro-630","status":"publish","type":"product","link":"https:\/\/maino.it\/fr\/prodotto\/pro-630\/","title":{"rendered":"PRO 630"},"content":{"rendered":"<ul>\n<li>Incubateur ou \u00e9closoir \/ ou les deux, avec r\u00e9partition dynamique de la chaleur au moyen d&rsquo;un ventilateur.<\/li>\n<li>Cabine \u00e0 armoire et porte en mousse PVC rigide thermo-isol\u00e9 blanche classe A, obtenue \u00e0 partir d&rsquo;un panneau plat usin\u00e9 avec des machines CNC.<\/li>\n<li>Panneau de commande avant et profilage de la structure en m\u00e9tal plastifi\u00e9 \u00e0 haute r\u00e9sistance \u00e0 la corrosion\n<ul>\n<li>(la couleur du panneau et du profilage change selon la disponibilit\u00e9 des stocks entre rouge, jaune, vert et blanc &#8211;<em> la couleur ne peut pas \u00eatre s\u00e9lectionn\u00e9e<\/em>).<\/li>\n<\/ul>\n<\/li>\n<li>Grande fen\u00eatre d&rsquo;inspection en plexiglas transparent r\u00e9alis\u00e9e dans la porte.<\/li>\n<li>Syst\u00e8me basculante automatis\u00e9 avec servomoteur pour retournement des oeufs automatique.<\/li>\n<\/ul>\n<ul>\n<li>No.7 tiroirs incubation \u0153ufs en m\u00e9tal, standard pour tous les \u0153ufs allant de la caille \u00e0 la poule.\n<ul>\n<li><em>Vous pouvez configurer le type de tiroirs en les s\u00e9lectionnant (les standards sont de la caille \u00e0 la poule), la s\u00e9lection les remplace par<br \/>\nceux pour oie-paon-dinde g\u00e9ante dans la quantit\u00e9 de votre choix<\/em><em>;<\/em><\/p>\n<ul>\n<li>Des tiroirs suppl\u00e9mentaires peuvent \u00eatre achet\u00e9s comme accessoires extra.<\/li>\n<\/ul>\n<\/li>\n<li><em>Ou avec un seul tiroir pour Emeu\/ Nandou (il modifie \u00e9galement le syst\u00e8me de retournement des \u0153ufs et supprime le panier d&rsquo;\u00e9closion);<\/em><\/li>\n<li><em>Ou avec un seul tiroir pour Autruche (il modifie \u00e9galement le syst\u00e8me de retournement des \u0153ufs et supprime le panier d&rsquo;\u00e9closion).<\/em><\/li>\n<\/ul>\n<\/li>\n<\/ul>\n<ul>\n<li>N.1 panier d&rsquo;\u00e9closion enti\u00e8rement amovible en maillage m\u00e9tallique, pour faire \u00e9clore les \u0153ufs (90 \u0153ufs);\n<ul>\n<li><em>Si la machine est utilis\u00e9e pour charger tous les \u0153ufs dans une seule solution, vous devez s\u00e9lectionner les paniers suppl\u00e9mentaires en option.<\/em><\/li>\n<li><em>Si la machine est utilis\u00e9e pour les \u0153ufs Emeu-Nandou-Autruche, vous devez s\u00e9lectionner le panier optionnel appropri\u00e9.<\/em><\/li>\n<\/ul>\n<\/li>\n<\/ul>\n<ul>\n<li>Contr\u00f4leur \u00e0 micro-ordinateur PID (version D) + capteur \u00e0 technologie num\u00e9rique avec filtre de protection unifi\u00e9 pour temp\u00e9rature\/humidit\u00e9 + gestion de la temp\u00e9rature + lecture hygrom\u00e9trique + affichage num\u00e9rique + alarmes de minimale et maximale.\n<ul>\n<li><strong><em>Si vous souhaitez \u00e9galement l&rsquo;humidification automatique, vous devez s\u00e9lectionner l&rsquo;option dans le module Augmentation des performances PRO.<\/em><\/strong><\/li>\n<\/ul>\n<\/li>\n<\/ul>\n<ul>\n<li>R\u00e9glage manuel de l&rsquo;humidit\u00e9.<\/li>\n<li>Protection int\u00e9grale des parties \u00e9lectriques et m\u00e9caniques.<\/li>\n<li>Puissance de watt 646 et consommation moyenne de 162 watt\/heure.<\/li>\n<li>Conception et construction selon les normes CEE.<\/li>\n<li>Tension Vca 230+10\/-15% HZ. 50\u00b10.5%.<\/li>\n<li><strong>Garantie de 2 ans pour tout d\u00e9faut de fabrication.<\/strong><\/li>\n<li>Exp\u00e9di\u00e9 assembl\u00e9 et pr\u00eat \u00e0 l&#8217;emploi &#8211; Poids 59 Kg.<\/li>\n<li>Notice d&rsquo;utilisation et d&rsquo;entretien avec des images pour simplifier l&rsquo;apprentissage et avec un tableau de temp\u00e9rature et d&rsquo;humidit\u00e9 selon le type d&rsquo;oeuf.<\/li>\n<li><strong><em>\u00a0Capacit\u00e9 totale \u0153ufs:<\/em><\/strong>\n<ul>\n<li>Poule \u2013 Canard \u2013 Dinde du pays: 630<\/li>\n<li>Faisan \u2013 Bantam: 819<\/li>\n<li>Pintade: 756<\/li>\n<li>Alectoris Rufa \u2013 Perdrix rouge: 854<\/li>\n<li>Caille: 1008 \/ 2772*<\/li>\n<li>Oie \u2013 Dinde g\u00e9ante \u2013 Paon: 343 (tiroir en option non inclus)<\/li>\n<li>Emeu &#8211; Nandou: 60<\/li>\n<li>Autruche: 36<\/li>\n<\/ul>\n<\/li>\n<\/ul>\n<p><em>* Capacit\u00e9 minimale et maximale pour les \u0153ufs de caille, selon la m\u00e9thode d&rsquo;insertion des \u0153ufs.<\/em><\/p>\n<p><em>La photo montre le mod\u00e8le avec une capacit\u00e9 inf\u00e9rieure PRO 450.<\/em><\/p>\n","protected":false},"excerpt":{"rendered":"<p>Mod\u00e8le PRO 630 version D, structure et porte en mousse PVC rigide thermo-isol\u00e9 et fen\u00eatre en plexiglas transparent, contr\u00f4leur de temp\u00e9rature + lecture hygrom\u00e9trique + affichage num\u00e9rique, retournement des \u0153ufs automatique, no.7 tiroirs basculants pour \u0153ufs de caille \u00e0 poule + no.1 panier \u00e9closion 90 \u0153ufs. Le remplissage d\u2019eau n\u00e9cessaire au maintien de l\u2019humidit\u00e9 s\u2019effectue de l\u2019ext\u00e9rieur avec raccordement direct au r\u00e9seau d&rsquo;eau et niveau g\u00e9r\u00e9 par flotteur, il n\u2019est pas n\u00e9cessaire d\u2019ouvrir la machine pour remplir.<\/p>\n<p><em>La photo montre le mod\u00e8le avec une capacit\u00e9 inf\u00e9rieure PRO 450.<\/em><\/p>\n<p><strong>Si vous souhaitez des modifications, des accessoires suppl\u00e9mentaires ou plus de performances, vous devez s\u00e9lectionner les champs suivants :<\/strong><\/p>\n","protected":false},"featured_media":27896,"comment_status":"closed","ping_status":"closed","template":"","meta":{"_acf_changed":false},"product_brand":[],"product_cat":[134,157],"product_tag":[],"class_list":{"0":"post-28875","1":"product","2":"type-product","3":"status-publish","4":"has-post-thumbnail","6":"product_cat-incubateurs-et-eclosoirs","7":"product_cat-pro-incubateurs-et-eclosoirs","9":"first","10":"instock","11":"sale","12":"featured","13":"taxable","14":"shipping-taxable","15":"purchasable","16":"product-type-simple"},"acf":[],"_links":{"self":[{"href":"https:\/\/maino.it\/fr\/wp-json\/wp\/v2\/product\/28875","targetHints":{"allow":["GET"]}}],"collection":[{"href":"https:\/\/maino.it\/fr\/wp-json\/wp\/v2\/product"}],"about":[{"href":"https:\/\/maino.it\/fr\/wp-json\/wp\/v2\/types\/product"}],"replies":[{"embeddable":true,"href":"https:\/\/maino.it\/fr\/wp-json\/wp\/v2\/comments?post=28875"}],"wp:featuredmedia":[{"embeddable":true,"href":"https:\/\/maino.it\/fr\/wp-json\/wp\/v2\/media\/27896"}],"wp:attachment":[{"href":"https:\/\/maino.it\/fr\/wp-json\/wp\/v2\/media?parent=28875"}],"wp:term":[{"taxonomy":"product_brand","embeddable":true,"href":"https:\/\/maino.it\/fr\/wp-json\/wp\/v2\/product_brand?post=28875"},{"taxonomy":"product_cat","embeddable":true,"href":"https:\/\/maino.it\/fr\/wp-json\/wp\/v2\/product_cat?post=28875"},{"taxonomy":"product_tag","embeddable":true,"href":"https:\/\/maino.it\/fr\/wp-json\/wp\/v2\/product_tag?post=28875"}],"curies":[{"name":"wp","href":"https:\/\/api.w.org\/{rel}","templated":true}]}}