{"id":28864,"date":"2016-07-01T13:25:50","date_gmt":"2016-07-01T11:25:50","guid":{"rendered":"https:\/\/maino.it\/prodotto\/r009010cc-sperauova-manuale-universale-elettrico\/"},"modified":"2021-07-27T11:15:19","modified_gmt":"2021-07-27T09:15:19","slug":"r009010cc-sperauova-manuale-universale-elettrico","status":"publish","type":"product","link":"https:\/\/maino.it\/fr\/prodotto\/r009010cc-sperauova-manuale-universale-elettrico\/","title":{"rendered":"R009010CC Mire \u0153ufs manuel \u00e9lectrique universel"},"content":{"rendered":"<p>R009010CC est le mire \u0153ufs sans compromis, fabriqu\u00e9 directement par nous, <em>ce n&rsquo;est pas le produit m\u00e9diocre habituel qui n&rsquo;est m\u00eame pas aux normes.<\/em><\/p>\n<p>Le mire \u0153ufs R009010CC par MAINO fonctionne \u00e0 l&rsquo;\u00e9lectricit\u00e9, est enti\u00e8rement r\u00e9alis\u00e9 en plastique moul\u00e9 co-extrud\u00e9 et a un \u00e9l\u00e9ment d&rsquo;\u00e9clairage \u00e0 lumi\u00e8re froide \u00e0 tr\u00e8s faible consommation d&rsquo;\u00e9nergie.<\/p>\n<p>Outil de base du technicien de salle de couvoir, mais aussi de tout \u00e9leveur qui souhaite augmenter les \u00e9closions dans son incubateur. Il peut rester allum\u00e9 longtemps, est de forme ergonomique, tient parfaitement dans la main, ne chauffe pas et projette un faisceau de lumi\u00e8re concentr\u00e9 suffisant pour contr\u00f4ler m\u00eame un \u0153uf d&rsquo;autruche. Livr\u00e9 complet avec c\u00e2ble d&rsquo;alimentation, interrupteur int\u00e9gr\u00e9 dans le support de lampe et le c\u00f4ne qui entre en contact avec les \u0153ufs est \u00e9quip\u00e9 d&rsquo;un anneau en caoutchouc souple.<\/p>\n<p>La lampe \u00e0 faible consommation est facilement rempla\u00e7able sans avoir besoin d&rsquo;outils.<\/p>\n<p>Caract\u00e9ristiques techniques:<\/p>\n<ul>\n<li>no.1 mire \u0153ufs complet et d\u00e9j\u00e0 assemb\u00e9<\/li>\n<li>notice d&rsquo;utilisation et d&rsquo;entretien<\/li>\n<li>Tension 230 Vac<\/li>\n<li>Normes CEE<\/li>\n<li>Watt 12<\/li>\n<li>Enti\u00e8rement fabriqu\u00e9 en ITALIE<\/li>\n<\/ul>\n<p>Vid\u00e9o fonctionnement:<\/p>\n<p><iframe loading=\"lazy\" title=\"SPERAUOVA R009010CC\" width=\"500\" height=\"281\" src=\"https:\/\/www.youtube.com\/embed\/orMt6-lay7Q?feature=oembed\" frameborder=\"0\" allow=\"accelerometer; autoplay; clipboard-write; encrypted-media; gyroscope; picture-in-picture; web-share\" referrerpolicy=\"strict-origin-when-cross-origin\" allowfullscreen><\/iframe><\/p>\n","protected":false},"excerpt":{"rendered":"<p>Mire \u0153ufs pour tous les types d&rsquo;\u0153ufs<\/p>\n","protected":false},"featured_media":28141,"comment_status":"closed","ping_status":"closed","template":"","meta":{"_acf_changed":false},"product_brand":[],"product_cat":[144],"product_tag":[],"class_list":{"0":"post-28864","1":"product","2":"type-product","3":"status-publish","4":"has-post-thumbnail","6":"product_cat-accessoires-avicoles","8":"first","9":"instock","10":"sale","11":"taxable","12":"shipping-taxable","13":"purchasable","14":"product-type-simple"},"acf":[],"_links":{"self":[{"href":"https:\/\/maino.it\/fr\/wp-json\/wp\/v2\/product\/28864","targetHints":{"allow":["GET"]}}],"collection":[{"href":"https:\/\/maino.it\/fr\/wp-json\/wp\/v2\/product"}],"about":[{"href":"https:\/\/maino.it\/fr\/wp-json\/wp\/v2\/types\/product"}],"replies":[{"embeddable":true,"href":"https:\/\/maino.it\/fr\/wp-json\/wp\/v2\/comments?post=28864"}],"wp:featuredmedia":[{"embeddable":true,"href":"https:\/\/maino.it\/fr\/wp-json\/wp\/v2\/media\/28141"}],"wp:attachment":[{"href":"https:\/\/maino.it\/fr\/wp-json\/wp\/v2\/media?parent=28864"}],"wp:term":[{"taxonomy":"product_brand","embeddable":true,"href":"https:\/\/maino.it\/fr\/wp-json\/wp\/v2\/product_brand?post=28864"},{"taxonomy":"product_cat","embeddable":true,"href":"https:\/\/maino.it\/fr\/wp-json\/wp\/v2\/product_cat?post=28864"},{"taxonomy":"product_tag","embeddable":true,"href":"https:\/\/maino.it\/fr\/wp-json\/wp\/v2\/product_tag?post=28864"}],"curies":[{"name":"wp","href":"https:\/\/api.w.org\/{rel}","templated":true}]}}