{"id":28857,"date":"2021-03-08T18:13:23","date_gmt":"2021-03-08T17:13:23","guid":{"rendered":"https:\/\/maino.it\/prodotto\/mini-pro-98\/"},"modified":"2023-09-13T11:31:48","modified_gmt":"2023-09-13T09:31:48","slug":"mini-pro-98","status":"publish","type":"product","link":"https:\/\/maino.it\/fr\/prodotto\/mini-pro-98\/","title":{"rendered":"Mini PRO 98"},"content":{"rendered":"<ul>\n<li>Incubateur ou \u00e9closoir \/ ou les deux, avec r\u00e9partition dynamique de la chaleur au moyen d&rsquo;un ventilateur.<\/li>\n<li>Cabine et porte en mousse PVC rigide thermo-isol\u00e9 blanche classe A, obtenue \u00e0 partir d&rsquo;un panneau plat usin\u00e9 avec des machines CNC et profil\u00e9e en aluminium et acier.<\/li>\n<li>Grande fen\u00eatre d&rsquo;inspection en plexiglas transparent r\u00e9alis\u00e9e dans la porte.<\/li>\n<li>Syst\u00e8me basculante automatis\u00e9 avec servomoteur pour retournement des oeufs automatique.<\/li>\n<\/ul>\n<ul>\n<li>No.2 tiroirs incubation \u0153ufs en m\u00e9tal, standard pour tous les \u0153ufs allant de la caille \u00e0 la poule.\n<ul>\n<li><em>Vous pouvez configurer le type de tiroirs en les s\u00e9lectionnant (les standards sont de caille \u00e0 poule), la s\u00e9lection les remplace par ceux pour oie-paon-dinde g\u00e9ante.<\/em><\/li>\n<li><em>Ou vous pouvez \u00e9galement en ajouter un ou deux en plus en option.<\/em><\/li>\n<\/ul>\n<\/li>\n<\/ul>\n<ul>\n<li>N.1 panier d&rsquo;\u00e9closion enti\u00e8rement amovible en maillage m\u00e9tallique, pour faire \u00e9clore les \u0153ufs.\n<ul>\n<li><em>Si la machine est utilis\u00e9e avec tous les \u0153ufs charg\u00e9s dans une seule solution, vous devez s\u00e9lectionner un panier suppl\u00e9mentaire en option.<\/em><\/li>\n<\/ul>\n<\/li>\n<\/ul>\n<ul>\n<li>Contr\u00f4leur \u00e0 micro-ordinateur PID (version D) avec capteur num\u00e9rique de temp\u00e9rature et d&rsquo;humidit\u00e9 unifi\u00e9 et alarmes de minimale et maximale. Il lit et maintient la temp\u00e9rature et en plus lit l&rsquo;Humidit\u00e9 Relative.\n<ul>\n<li><em>Si vous voulez plus de performances, s\u00e9lectionnez simplement l&rsquo;option disponible.<\/em><\/li>\n<\/ul>\n<\/li>\n<\/ul>\n<ul>\n<li>R\u00e9glage manuel de l&rsquo;humidit\u00e9 gr\u00e2ce \u00e0 des bacs \u00e0 eau amovibles sans ouvrir la porte.<\/li>\n<li>Le remplissage d&rsquo;eau se fait \u00e9galement toujours de l&rsquo;ext\u00e9rieur sans qu&rsquo;il soit n\u00e9cessaire d&rsquo;ouvrir la porte de la machine.\n<ul>\n<li>Pour augmenter la r\u00e9serve d&rsquo;eau, un kit de support est fourni avec un bouchon sp\u00e9cial avec valve, qui s&rsquo;adapte \u00e0 toute bouteille d&rsquo;eau en plastique (bouteille non incluse).<\/li>\n<\/ul>\n<\/li>\n<li>Protection int\u00e9grale des parties \u00e9lectriques et m\u00e9caniques.<\/li>\n<li>Puissance de watt 163 et consommation moyenne de 41 watt\/heure.<\/li>\n<li>Conception et construction selon les normes CEE.<\/li>\n<li>Tensione Vca 230+10\/-15% HZ. 50\u00b10.5%.<\/li>\n<li><strong>Garantie de 3 ans pour tout d\u00e9faut de fabrication.<\/strong><\/li>\n<li>Exp\u00e9di\u00e9 assembl\u00e9 et pr\u00eat \u00e0 l&#8217;emploi &#8211; Poids 19 Kg.<\/li>\n<li>Notice d&rsquo;utilisation et d&rsquo;entretien avec des images pour simplifier l&rsquo;apprentissage et avec un tableau de temp\u00e9rature et d&rsquo;humidit\u00e9 selon le type d&rsquo;oeuf.<\/li>\n<li><strong><em>\u00a0Capacit\u00e9 totale \u0153ufs:<\/em><\/strong>\n<ul>\n<li>Poule \u2013 Canard \u2013 Dinde du pays: 98<\/li>\n<li>Faisan: 126<\/li>\n<li>Pintade: 112<\/li>\n<li>Alectoris Rufa \u2013 Perdrix rouge: 144<\/li>\n<li>Caille: 154 \/ 406*<\/li>\n<li>Oie \u2013 Dinde g\u00e9ante \u2013 Paon: 50 (tiroir en option non inclus)<\/li>\n<\/ul>\n<\/li>\n<\/ul>\n<p style=\"text-align: center;\"><em>* Capacit\u00e9 minimale et maximale pour les \u0153ufs de caille, selon la m\u00e9thode d&rsquo;insertion des \u0153ufs .<\/em><\/p>\n<p>Tutoriel vid\u00e9o mise en service:<\/p>\n<p><iframe loading=\"lazy\" title=\"INCUBATRICE MINIPRO VIDEO TUTORIAL\" width=\"500\" height=\"281\" src=\"https:\/\/www.youtube.com\/embed\/-A-f_5oPAMY?feature=oembed\" frameborder=\"0\" allow=\"accelerometer; autoplay; clipboard-write; encrypted-media; gyroscope; picture-in-picture; web-share\" referrerpolicy=\"strict-origin-when-cross-origin\" allowfullscreen><\/iframe><\/p>\n<p>Tutoriel vid\u00e9o charge eau:<\/p>\n<p><iframe loading=\"lazy\" title=\"Installazione kit supporto e valvola minipro\" width=\"500\" height=\"281\" src=\"https:\/\/www.youtube.com\/embed\/L5ZU2LE4MRY?feature=oembed\" frameborder=\"0\" allow=\"accelerometer; autoplay; clipboard-write; encrypted-media; gyroscope; picture-in-picture; web-share\" referrerpolicy=\"strict-origin-when-cross-origin\" allowfullscreen><\/iframe><\/p>\n","protected":false},"excerpt":{"rendered":"<p>Version de base du mod\u00e8le Mini PRO 98, structure et porte en mousse PVC rigide thermo-isol\u00e9 et fen\u00eatre en plexiglas transparent, contr\u00f4leur de temp\u00e9rature + lecture hygrom\u00e9trique + affichage num\u00e9rique, retournement des \u0153ufs automatique, no.2 tiroirs basculants pour \u0153ufs de caille \u00e0 poule + no.1 panier \u00e9closion 53 \u0153ufs. Le remplissage d\u2019eau n\u00e9cessaire au maintien de l\u2019humidit\u00e9 s\u2019effectue de l\u2019ext\u00e9rieur, il n\u2019est pas n\u00e9cessaire d\u2019ouvrir la machine pour remplir.<\/p>\n<p><strong>Si vous souhaitez plus de performances, vous devez s\u00e9lectionner les champs suivants<\/strong><\/p>\n","protected":false},"featured_media":28177,"comment_status":"closed","ping_status":"closed","template":"","meta":{"_acf_changed":false},"product_brand":[],"product_cat":[134,158],"product_tag":[],"class_list":{"0":"post-28857","1":"product","2":"type-product","3":"status-publish","4":"has-post-thumbnail","6":"product_cat-incubateurs-et-eclosoirs","7":"product_cat-mini-pro-incubateurs-et-eclosoirs","9":"first","10":"instock","11":"taxable","12":"shipping-taxable","13":"purchasable","14":"product-type-simple"},"acf":[],"_links":{"self":[{"href":"https:\/\/maino.it\/fr\/wp-json\/wp\/v2\/product\/28857","targetHints":{"allow":["GET"]}}],"collection":[{"href":"https:\/\/maino.it\/fr\/wp-json\/wp\/v2\/product"}],"about":[{"href":"https:\/\/maino.it\/fr\/wp-json\/wp\/v2\/types\/product"}],"replies":[{"embeddable":true,"href":"https:\/\/maino.it\/fr\/wp-json\/wp\/v2\/comments?post=28857"}],"wp:featuredmedia":[{"embeddable":true,"href":"https:\/\/maino.it\/fr\/wp-json\/wp\/v2\/media\/28177"}],"wp:attachment":[{"href":"https:\/\/maino.it\/fr\/wp-json\/wp\/v2\/media?parent=28857"}],"wp:term":[{"taxonomy":"product_brand","embeddable":true,"href":"https:\/\/maino.it\/fr\/wp-json\/wp\/v2\/product_brand?post=28857"},{"taxonomy":"product_cat","embeddable":true,"href":"https:\/\/maino.it\/fr\/wp-json\/wp\/v2\/product_cat?post=28857"},{"taxonomy":"product_tag","embeddable":true,"href":"https:\/\/maino.it\/fr\/wp-json\/wp\/v2\/product_tag?post=28857"}],"curies":[{"name":"wp","href":"https:\/\/api.w.org\/{rel}","templated":true}]}}