{"id":28828,"date":"2021-03-08T16:52:19","date_gmt":"2021-03-08T15:52:19","guid":{"rendered":"https:\/\/maino.it\/prodotto\/piopio-36\/"},"modified":"2021-07-22T11:16:33","modified_gmt":"2021-07-22T09:16:33","slug":"piopio-36","status":"publish","type":"product","link":"https:\/\/maino.it\/fr\/prodotto\/piopio-36\/","title":{"rendered":"PIOPIO 36"},"content":{"rendered":"<ul>\n<li>Incubateur ou \u00e9closoir \/ ou tous les deux, avec distribution dynamique de la chaleur par un ventilateur.<\/li>\n<li>Cabine thermo-isolante en PVC rigide blanc et porte \u00e0 ba\u00efonnette en plexiglas parfaitement transparent.<\/li>\n<li>Retournement des \u0153ufs automatique, avec un tiroir universel r\u00e9glable pour tout type d\u2019\u0153uf avec fond en maille pour faciliter la rotation des \u0153ufs la phase d\u2019\u00e9closion.<\/li>\n<li>Contr\u00f4leur PID \u00e0 micro-ordinateur (version de base T) pour le contr\u00f4le de seule Temp\u00e9rature avec alarmes de minimale et maximale \u2013 Si vous souhaitez plus de performances, s\u00e9lectionnez simplement les options disponibles.<\/li>\n<li>R\u00e9glage manuel de l&rsquo;humidit\u00e9 gr\u00e2ce \u00e0 des plateaux \u00e0 eau d\u00e9j\u00e0 int\u00e9gr\u00e9s dans la structure de la machine, le remplissage de l&rsquo;eau s\u2019effectue de l\u2019ext\u00e9rieur sans devoir ouvrir la porte.<\/li>\n<li>Pour augmenter la r\u00e9serve d&rsquo;eau, un kit de support est fourni avec un bouchon sp\u00e9cial avec valve, qui s&rsquo;adapte \u00e0 n&rsquo;importe quelle bouteille d&rsquo;eau en plastique (bouteille non incluse).<\/li>\n<li>Puissance de watt 164 et consommation moyenne de 41 watt\/heure.<\/li>\n<li>Conception et construction selon les normes CEE.<\/li>\n<li>Tension Vca 230+10\/-15% HZ. 50\u00b10.5%.<\/li>\n<li>Garantie de 2 ans pour tout d\u00e9faut de fabrication.<\/li>\n<li>Exp\u00e9di\u00e9 assembl\u00e9 et pr\u00eat \u00e0 l\u2019emploi \u2013 Poids Kg. 7.<\/li>\n<li><em><strong>\u00a0Capacit\u00e9 totale \u0153ufs:<\/strong><\/em>\n<ul>\n<li>36 Poule \u2013 Canard \u2013 Dinde du pays<\/li>\n<li>43 Faisan \u2013 Pintade \u2013 Bantam<\/li>\n<li>93 Caille \u2013 Perdrix Grise<\/li>\n<li>70 Alectoris Rufa \u2013 Perdrix rouge<\/li>\n<li>19 Oie \u2013 Dinde g\u00e9ante \u2013 Paon<\/li>\n<\/ul>\n<\/li>\n<\/ul>\n<p>Tutoriel vid\u00e9o mise en service:<\/p>\n<p><iframe loading=\"lazy\" title=\"INCUBATRICE  PIOPIO VIDEO TUTORIAL\" width=\"500\" height=\"281\" src=\"https:\/\/www.youtube.com\/embed\/nviB4JV3kr0?feature=oembed\" frameborder=\"0\" allow=\"accelerometer; autoplay; clipboard-write; encrypted-media; gyroscope; picture-in-picture; web-share\" referrerpolicy=\"strict-origin-when-cross-origin\" allowfullscreen><\/iframe><\/p>\n<p style=\"text-align: center;\">\n<p style=\"text-align: center;\">\n<p>Tutoriel vid\u00e9o charge eau:<\/p>\n<p><iframe loading=\"lazy\" title=\"Installazione kit supporto e valvola piopio\" width=\"500\" height=\"281\" src=\"https:\/\/www.youtube.com\/embed\/dzFFALqLyro?feature=oembed\" frameborder=\"0\" allow=\"accelerometer; autoplay; clipboard-write; encrypted-media; gyroscope; picture-in-picture; web-share\" referrerpolicy=\"strict-origin-when-cross-origin\" allowfullscreen><\/iframe><\/p>\n","protected":false},"excerpt":{"rendered":"<p>Version de base du mod\u00e8le PIOPIO 36, structure themo-isolante en PVC expans\u00e9 et porte en plexiglas transparent, contr\u00f4leur de seule temp\u00e9rature avec affichage num\u00e9rique, retournement des \u0153ufs automatique et tiroir r\u00e9glable pour tout type d\u2019\u0153uf.<\/p>\n<p>Le remplissage d&rsquo;eau n\u00e9cessaire au maintien de l&rsquo;humidit\u00e9 s&rsquo;effectue de l&rsquo;ext\u00e9rieur, il n&rsquo;est pas n\u00e9cessaire d&rsquo;ouvrir la machine pour remplir.<\/p>\n<p><strong>Si vous souhaitez plus de performances, vous devez s\u00e9lectionner les champs suivants<\/strong><\/p>\n","protected":false},"featured_media":28055,"comment_status":"closed","ping_status":"closed","template":"","meta":{"_acf_changed":false},"product_brand":[],"product_cat":[134,135],"product_tag":[],"class_list":{"0":"post-28828","1":"product","2":"type-product","3":"status-publish","4":"has-post-thumbnail","6":"product_cat-incubateurs-et-eclosoirs","7":"product_cat-piopio-incubatrici-e-schiuse-fr","9":"first","10":"instock","11":"sale","12":"taxable","13":"shipping-taxable","14":"purchasable","15":"product-type-simple"},"acf":[],"_links":{"self":[{"href":"https:\/\/maino.it\/fr\/wp-json\/wp\/v2\/product\/28828","targetHints":{"allow":["GET"]}}],"collection":[{"href":"https:\/\/maino.it\/fr\/wp-json\/wp\/v2\/product"}],"about":[{"href":"https:\/\/maino.it\/fr\/wp-json\/wp\/v2\/types\/product"}],"replies":[{"embeddable":true,"href":"https:\/\/maino.it\/fr\/wp-json\/wp\/v2\/comments?post=28828"}],"wp:featuredmedia":[{"embeddable":true,"href":"https:\/\/maino.it\/fr\/wp-json\/wp\/v2\/media\/28055"}],"wp:attachment":[{"href":"https:\/\/maino.it\/fr\/wp-json\/wp\/v2\/media?parent=28828"}],"wp:term":[{"taxonomy":"product_brand","embeddable":true,"href":"https:\/\/maino.it\/fr\/wp-json\/wp\/v2\/product_brand?post=28828"},{"taxonomy":"product_cat","embeddable":true,"href":"https:\/\/maino.it\/fr\/wp-json\/wp\/v2\/product_cat?post=28828"},{"taxonomy":"product_tag","embeddable":true,"href":"https:\/\/maino.it\/fr\/wp-json\/wp\/v2\/product_tag?post=28828"}],"curies":[{"name":"wp","href":"https:\/\/api.w.org\/{rel}","templated":true}]}}