{"id":28664,"date":"2016-05-10T15:39:53","date_gmt":"2016-05-10T13:39:53","guid":{"rendered":"https:\/\/maino.it\/prodotto\/caldo-bello-cb3\/"},"modified":"2023-09-13T14:25:48","modified_gmt":"2023-09-13T12:25:48","slug":"caldo-bello-cb3","status":"publish","type":"product","link":"https:\/\/maino.it\/fr\/prodotto\/caldo-bello-cb3\/","title":{"rendered":"Syst\u00e8me da chauffage CALDO BELLO CB3"},"content":{"rendered":"<p>CALDO BELLO est un syst\u00e8me de chauffage lumineux pour animaux \u00e0 haute technologie RA qui \u00e9met des rayons infrarouges \u00e0 ondes courtes, CHALEUR qui p\u00e9n\u00e8tre directement dans le corps irradi\u00e9!<\/p>\n<p>L&rsquo;\u00e9l\u00e9ment sp\u00e9cial \u00e0 rayons infrarouges RA install\u00e9 dans le syst\u00e8me de chauffage CALDO BELLO a la capacit\u00e9 de saturer de fa\u00e7on hypodermique avec la chaleur les corps organiques, ceci diffuse la chaleur dans tout le corps \u00e0 travers la normale circulation du sang!<\/p>\n<p>Le syst\u00e8me CALDO BELLO ne chauffe pas seulement la peau, mais tout le corps.<\/p>\n<p>Le syst\u00e8me CALDO BELLO ne chauffe pas seulement la peau, mais tout le corps. L&rsquo;\u00e9l\u00e9ment lumineux RA est particuli\u00e8rement r\u00e9sistant aux \u00e9claboussures d&rsquo;eau et, s&rsquo;il entre en contact avec lui, il n&rsquo;explose ni ne se casse! (ce qui se passe habituellement pour les lampes infrarouges normales).<\/p>\n<p>Longue dur\u00e9e de vie test\u00e9e; CALDO BELLO a pass\u00e9 plusieurs tests de dur\u00e9e dans diff\u00e9rents \u00e9levages de nos clients dans de nombreux pays. Les tests ont montr\u00e9 une dur\u00e9e de plus de 8.000 heures de fonctionnement continu, sans d\u00e9fauts ni ruptures.<\/p>\n<p>Les appareils de chauffage CALDO BELLO chauffent les animaux m\u00eame s\u2019ils sont install\u00e9s \u00e0 2 m\u00e8tres du sol, parce que ce n\u2019est pas la lumi\u00e8re qui chauffe, mais les particuliers rayons infrarouges \u00e9mis!<\/p>\n<p>CALDO BELLO diff\u00e8re des autres types de radiateurs \u00e9lectriques et \u00e0 gaz sur le march\u00e9 qui chauffent tout, sa caract\u00e9ristique la meilleure est que<strong> CALDO BELLO chauffe UNIQUEMENT les ANIMAUX<\/strong>! L&rsquo;eau, la nourriture et aussi le pavement, les murs, les cages et tout ce qui est inerte, reste froid! Ce facteur important \u00e9vite l&rsquo;\u00e9vaporation de l&rsquo;eau, la fermentation des aliments et de nombreux probl\u00e8mes de sant\u00e9 et de sant\u00e9 animale.<\/p>\n<p>CALDO BELLO a le thermostat r\u00e9glable qui permet la r\u00e9duction des co\u00fbts \u00e9nerg\u00e9tiques.<\/p>\n<p><strong>Caract\u00e9ristiques techniques CALDO BELLO CB3:<\/strong><\/p>\n<ul>\n<li>No.1 Radiant CALDO BELLO en acier galvanis\u00e9<\/li>\n<li>No.2 \u00c9l\u00e9ments lumineux RA (d\u00e9j\u00e0 install\u00e9 dans le radiant)<\/li>\n<li>No.1 Thermostat r\u00e9glable (d\u00e9j\u00e0 install\u00e9 dans le radiant)<\/li>\n<li>No.2 Anneaux pour l&rsquo;accrocher (d\u00e9j\u00e0 install\u00e9 dans le radiant)<\/li>\n<li>Cordon d&rsquo;alimentation avec fiche Schuko<\/li>\n<li>Tension 230Vca<\/li>\n<li>Puissance totale 500 Watt<\/li>\n<li>Notice d&rsquo;installation et utilisation<\/li>\n<li>Capacit\u00e9 chauffante:\n<ul>\n<li>Poussins de poule, canard et dinde du pays = 220<\/li>\n<li>Poussins de faisan, pintade et bantam = 264<\/li>\n<li>Poussins de perdrix rouge = 396<\/li>\n<li>Poussins de caille = 484<\/li>\n<li>Poussins de oie, dinde g\u00e9ante, paon = 88<\/li>\n<li>Grands chiens = 2<\/li>\n<li>Chiens de petite et moyenne taille = 4<\/li>\n<li>Veau \u2013 \u00e2ge maximum deux mois = 2<\/li>\n<li>Porc \u2013 \u00e2ge maximum deux mois = 2<\/li>\n<\/ul>\n<\/li>\n<\/ul>\n","protected":false},"excerpt":{"rendered":"<p>CALDO BELLO est un syst\u00e8me de chauffage lumineux pour animaux \u00e0 haute technologie RA qui \u00e9met des rayons infrarouges \u00e0 ondes courtes, CHALEUR qui p\u00e9n\u00e8tre directement dans le corps irradi\u00e9! L&rsquo;\u00e9l\u00e9ment sp\u00e9cial \u00e0 rayons infrarouges RA install\u00e9 dans le syst\u00e8me de chauffage CALDO BELLO a la capacit\u00e9 de saturer de fa\u00e7on hypodermique avec la chaleur [&hellip;]<\/p>\n","protected":false},"featured_media":28111,"comment_status":"closed","ping_status":"closed","template":"","meta":{"_acf_changed":false},"product_brand":[],"product_cat":[165,171],"product_tag":[],"class_list":{"0":"post-28664","1":"product","2":"type-product","3":"status-publish","4":"has-post-thumbnail","6":"product_cat-caldo-bello-fr","7":"product_cat-lampes-et-eleveuses","9":"first","10":"instock","11":"sale","12":"taxable","13":"shipping-taxable","14":"purchasable","15":"product-type-simple"},"acf":[],"_links":{"self":[{"href":"https:\/\/maino.it\/fr\/wp-json\/wp\/v2\/product\/28664","targetHints":{"allow":["GET"]}}],"collection":[{"href":"https:\/\/maino.it\/fr\/wp-json\/wp\/v2\/product"}],"about":[{"href":"https:\/\/maino.it\/fr\/wp-json\/wp\/v2\/types\/product"}],"replies":[{"embeddable":true,"href":"https:\/\/maino.it\/fr\/wp-json\/wp\/v2\/comments?post=28664"}],"wp:featuredmedia":[{"embeddable":true,"href":"https:\/\/maino.it\/fr\/wp-json\/wp\/v2\/media\/28111"}],"wp:attachment":[{"href":"https:\/\/maino.it\/fr\/wp-json\/wp\/v2\/media?parent=28664"}],"wp:term":[{"taxonomy":"product_brand","embeddable":true,"href":"https:\/\/maino.it\/fr\/wp-json\/wp\/v2\/product_brand?post=28664"},{"taxonomy":"product_cat","embeddable":true,"href":"https:\/\/maino.it\/fr\/wp-json\/wp\/v2\/product_cat?post=28664"},{"taxonomy":"product_tag","embeddable":true,"href":"https:\/\/maino.it\/fr\/wp-json\/wp\/v2\/product_tag?post=28664"}],"curies":[{"name":"wp","href":"https:\/\/api.w.org\/{rel}","templated":true}]}}