{"id":28661,"date":"2016-06-07T11:49:31","date_gmt":"2016-06-07T09:49:31","guid":{"rendered":"https:\/\/maino.it\/prodotto\/hc011-lampadina-ricambio-per-caldobello\/"},"modified":"2021-07-09T16:33:52","modified_gmt":"2021-07-09T14:33:52","slug":"hc011-lampadina-ricambio-per-caldobello","status":"publish","type":"product","link":"https:\/\/maino.it\/fr\/prodotto\/hc011-lampadina-ricambio-per-caldobello\/","title":{"rendered":"HC011 ampoule de rechange pour CALDOBELLO"},"content":{"rendered":"<p>L&rsquo;\u00e9l\u00e9ment lumineux RA est particuli\u00e8rement r\u00e9sistant aux \u00e9claboussures d&rsquo;eau et, s&rsquo;il entre en contact avec lui, il n&rsquo;explose ni ne se casse! (ce qui se passe habituellement pour les lampes infrarouges normales). Longue dur\u00e9e de vie test\u00e9e; cette sp\u00e9ciale ampoule a pass\u00e9 plusieurs tests de dur\u00e9e dans diff\u00e9rents \u00e9levages de nos clients dans de nombreux pays. Les tests ont montr\u00e9 une dur\u00e9e de plus de 8.000 heures de fonctionnement continu, sans d\u00e9fauts ni ruptures.<\/p>\n<p><strong>Caract\u00e9ristiques techniques HC011:<\/strong><\/p>\n<ul>\n<li>No.1 \u00c9l\u00e9ment lumineux RA<\/li>\n<li>Tension 230Vca<\/li>\n<li>Puissance totale 250 Watt<\/li>\n<\/ul>\n","protected":false},"excerpt":{"rendered":"<p>L&rsquo;\u00e9l\u00e9ment lumineux RA est particuli\u00e8rement r\u00e9sistant aux \u00e9claboussures d&rsquo;eau et, s&rsquo;il entre en contact avec lui, il n&rsquo;explose ni ne se casse! (ce qui se passe habituellement pour les lampes infrarouges normales). Longue dur\u00e9e de vie test\u00e9e; cette sp\u00e9ciale ampoule a pass\u00e9 plusieurs tests de dur\u00e9e dans diff\u00e9rents \u00e9levages de nos clients dans de nombreux [&hellip;]<\/p>\n","protected":false},"featured_media":28123,"comment_status":"closed","ping_status":"closed","template":"","meta":{"_acf_changed":false},"product_brand":[],"product_cat":[165,171],"product_tag":[],"class_list":{"0":"post-28661","1":"product","2":"type-product","3":"status-publish","4":"has-post-thumbnail","6":"product_cat-caldo-bello-fr","7":"product_cat-lampes-et-eleveuses","9":"first","10":"instock","11":"sold-individually","12":"taxable","13":"shipping-taxable","14":"purchasable","15":"product-type-simple"},"acf":[],"_links":{"self":[{"href":"https:\/\/maino.it\/fr\/wp-json\/wp\/v2\/product\/28661","targetHints":{"allow":["GET"]}}],"collection":[{"href":"https:\/\/maino.it\/fr\/wp-json\/wp\/v2\/product"}],"about":[{"href":"https:\/\/maino.it\/fr\/wp-json\/wp\/v2\/types\/product"}],"replies":[{"embeddable":true,"href":"https:\/\/maino.it\/fr\/wp-json\/wp\/v2\/comments?post=28661"}],"wp:featuredmedia":[{"embeddable":true,"href":"https:\/\/maino.it\/fr\/wp-json\/wp\/v2\/media\/28123"}],"wp:attachment":[{"href":"https:\/\/maino.it\/fr\/wp-json\/wp\/v2\/media?parent=28661"}],"wp:term":[{"taxonomy":"product_brand","embeddable":true,"href":"https:\/\/maino.it\/fr\/wp-json\/wp\/v2\/product_brand?post=28661"},{"taxonomy":"product_cat","embeddable":true,"href":"https:\/\/maino.it\/fr\/wp-json\/wp\/v2\/product_cat?post=28661"},{"taxonomy":"product_tag","embeddable":true,"href":"https:\/\/maino.it\/fr\/wp-json\/wp\/v2\/product_tag?post=28661"}],"curies":[{"name":"wp","href":"https:\/\/api.w.org\/{rel}","templated":true}]}}