{"id":28652,"date":"2017-07-05T10:04:11","date_gmt":"2017-07-05T08:04:11","guid":{"rendered":"https:\/\/maino.it\/prodotto\/storditore-elettrico\/"},"modified":"2022-04-01T10:23:19","modified_gmt":"2022-04-01T08:23:19","slug":"storditore-elettrico","status":"publish","type":"product","link":"https:\/\/maino.it\/fr\/prodotto\/storditore-elettrico\/","title":{"rendered":"Assommoir Electrique"},"content":{"rendered":"<h3>Assommoir \u00e9lectrique avec r\u00e9gulation automatique de la d\u00e9charge \u00e9lectrique<\/h3>\n<p align=\"justify\">Assommoir \u00e9lectrique pour volailles, palmip\u00e8des et gibiers (poules, poulets, canards, faisans, perdrix, cailles, oies &#8230;) de masse maigre ou grasse.<\/p>\n<p align=\"justify\">Appareil avec r\u00e9gulation automatique de la d\u00e9charge \u00e9lectrique, il permet d&rsquo;\u00e9tourdir l&rsquo;animal instantan\u00e9ment.<\/p>\n<p align=\"justify\">M\u00e9thode d&rsquo;utilisation; toute l&rsquo;op\u00e9ration compl\u00e8te ne prend que quelques instants:<\/p>\n<ul>\n<li>Allumer l\u2019appareil.<\/li>\n<li>Portez des gants en caoutchouc.<\/li>\n<li>Prenez l&rsquo;animal que vous voulez assommer.<\/li>\n<li>Avec un vaporisateur contenant de l&rsquo;eau ti\u00e8de, vaporisez la t\u00eate de l&rsquo;animal (cette op\u00e9ration facilite le passage du courant).<\/li>\n<li>Ins\u00e9rez la t\u00eate uniquement entre les deux \u00e9lectrodes plac\u00e9es en forme de V en la faisant glisser vers le bas &#8211; vers la partie la plus tranchante (voir photo), le poids de l&rsquo;animal lui-m\u00eame le maintiendra en position, nous recommandons de le tenir pour \u00e9viter qu&rsquo;il ne cogne.<\/li>\n<li>Peu de temps apr\u00e8s, le voyant indiquera le flux de courant correct qui sera appliqu\u00e9 pour l&rsquo;\u00e9lectronarcose.<\/li>\n<li>Appuyez sur le bouton START pour effectuer l&rsquo;\u00e9lectronarcose \u00e9galement appel\u00e9e \u00e9tourdissement \u00e9lectrique ou \u00e9lectrochoc.<\/li>\n<li>En m\u00eame temps que le bouton START est enfonc\u00e9, l&rsquo;animal re\u00e7oit le choc qui le paralyse imm\u00e9diatement.<\/li>\n<li>Une fois cela fait, il suffira de saisir le corps de l&rsquo;animal et de le soulever verticalement pour lib\u00e9rer la t\u00eate des \u00e9lectrodes.<\/li>\n<\/ul>\n<p>La fonction est g\u00e9r\u00e9e automatiquement par un microprocesseur.<\/p>\n<p>L&rsquo;appareil enregistre les donn\u00e9es relatives au flux de courant dans une cl\u00e9 m\u00e9moire USB qui peut \u00eatre retir\u00e9e pour obtenir une documentation \u00e9crite concernant le processus d&rsquo;\u00e9lectronarcose avec la date d&rsquo;application et la quantit\u00e9 de courant \u00e9mis.<\/p>\n<p><strong>L&rsquo;appareil est \u00e9galement fonctionnel pour l&rsquo;\u00e9lectronarcose des lapins.<\/strong><\/p>\n<p>Donn\u00e9es Techniques:<\/p>\n<ul>\n<li>Corps monobloc en ABS blanc<\/li>\n<li>Electrodes en m\u00e9tal<\/li>\n<li>Visserie en acier inox<\/li>\n<li>Il doit \u00eatre fix\u00e9 au mur \u00e0 une hauteur de 100 cm du sol<\/li>\n<li>Tension d\u2019alimentation: 230 Vca @ 50 Hz.<\/li>\n<li>Puissance totale absorb\u00e9e: 55 Watt<\/li>\n<li>Fiche: Schuko Type E normes CEE 7\/7<\/li>\n<li>Courant d&rsquo;\u00e9lectronarcose: de 30mA \u00e0 500mA<\/li>\n<li>Tension d\u2019\u00e9lectronarcose: 86 Volt<\/li>\n<li>Temps du cycle \u00e9lectronarcose: 10 secondes<\/li>\n<li>Poids: 2,6 kg<\/li>\n<li>Dimensions en cm: 40,5 x 31,5 x 12,6<\/li>\n<li>Classe de protection: IP68<\/li>\n<li>Normes CEE<\/li>\n<\/ul>\n<p>Notes:\u00a0L&rsquo;appareil est conforme au r\u00e8glement europ\u00e9en no.1099\/2009 du 24 septembre 2009 relatif au bien-\u00eatre des animaux, notamment avant leur abattage.<br \/>\nNe convient pas \u00e0 l&rsquo;\u00e9tourdissement des dindes, car le courant minimum requis est le maximum pouvant \u00eatre obtenu par l&rsquo;appareil.<\/p>\n<p><strong>Attention TR\u00c8S IMPORTANT!<\/strong><br \/>\n1. Pendant toute la phase d&rsquo;\u00e9tourdissement l&rsquo;animal doit \u00eatre maintenu entre les \u00e9lectrodes en forme de V afin qu&rsquo;il ne puisse pas se tortiller, car par contre une d\u00e9charge de surintensit\u00e9 pourrait se produire vers le circuit de commande ce qui pourrait entra\u00eener la panne de certains composants et le blocage du fonctionnement , d\u00e9faut qui ne peut \u00eatre r\u00e9solu qu&rsquo;en renvoyant l&rsquo;appareil au centre de service pour r\u00e9paration.<br \/>\n2. Une attention particuli\u00e8re doit \u00eatre port\u00e9e lors du t\u00e9l\u00e9chargement des informations enregistr\u00e9es sur la cl\u00e9 USB. Le fichier d&rsquo;enregistrement NE DOIT PAS \u00eatre d\u00e9plac\u00e9, \u00e9cras\u00e9 ou renomm\u00e9, il DOIT UNIQUEMENT \u00eatre copi\u00e9 sur votre PC puis utilis\u00e9. Le d\u00e9placement du fichier ou sa modification peut entra\u00eener la r\u00e9\u00e9criture d&rsquo;informations incorrectes pour le firmware, des actions qui conduisent \u00e0 des dysfonctionnements qui ne peuvent plus \u00eatre r\u00e9par\u00e9s, sauf avec le remplacement sous payement de l&rsquo;ensemble de la carte m\u00e8re (la partie la plus ch\u00e8re de l&rsquo;appareil).<\/p>\n","protected":false},"excerpt":{"rendered":"<h3>Assommoir \u00e9lectrique avec r\u00e9gulation automatique de la d\u00e9charge \u00e9lectrique<\/h3>\n<p align=\"justify\">Assommoir \u00e9lectrique pour volailles, palmip\u00e8des et gibiers (poules, poulets, canards, faisans, perdrix, cailles, oies &#8230;) de masse maigre ou grasse, <span style=\"text-decoration: underline;\">il fonctionne \u00e9galement pour l&rsquo;\u00e9lectronarcose des lapins.<\/span> L&rsquo;appareil est \u00e9quip\u00e9 d&rsquo;une r\u00e9gulation automatique de la d\u00e9charge \u00e9lectrique qui est calcul\u00e9e \u00e0 l&rsquo;instant o\u00f9 l&rsquo;animal est ins\u00e9r\u00e9 entre les \u00e9lectrodes. Le fonctionnement est tr\u00e8s simple, il permet d&rsquo;\u00e9tourdir l&rsquo;animal instantan\u00e9ment et d&rsquo;enregistrer toutes les donn\u00e9es sur une cl\u00e9 USB, conforme au R\u00e8glement Europ\u00e9en n\u00b01099\/2009.<\/p>\n","protected":false},"featured_media":28174,"comment_status":"closed","ping_status":"closed","template":"","meta":{"_acf_changed":false},"product_brand":[],"product_cat":[219,233],"product_tag":[],"class_list":{"0":"post-28652","1":"product","2":"type-product","3":"status-publish","4":"has-post-thumbnail","6":"product_cat-abattage","7":"product_cat-assommoirs","9":"first","10":"instock","11":"sale","12":"taxable","13":"shipping-taxable","14":"purchasable","15":"product-type-simple"},"acf":[],"_links":{"self":[{"href":"https:\/\/maino.it\/fr\/wp-json\/wp\/v2\/product\/28652","targetHints":{"allow":["GET"]}}],"collection":[{"href":"https:\/\/maino.it\/fr\/wp-json\/wp\/v2\/product"}],"about":[{"href":"https:\/\/maino.it\/fr\/wp-json\/wp\/v2\/types\/product"}],"replies":[{"embeddable":true,"href":"https:\/\/maino.it\/fr\/wp-json\/wp\/v2\/comments?post=28652"}],"wp:featuredmedia":[{"embeddable":true,"href":"https:\/\/maino.it\/fr\/wp-json\/wp\/v2\/media\/28174"}],"wp:attachment":[{"href":"https:\/\/maino.it\/fr\/wp-json\/wp\/v2\/media?parent=28652"}],"wp:term":[{"taxonomy":"product_brand","embeddable":true,"href":"https:\/\/maino.it\/fr\/wp-json\/wp\/v2\/product_brand?post=28652"},{"taxonomy":"product_cat","embeddable":true,"href":"https:\/\/maino.it\/fr\/wp-json\/wp\/v2\/product_cat?post=28652"},{"taxonomy":"product_tag","embeddable":true,"href":"https:\/\/maino.it\/fr\/wp-json\/wp\/v2\/product_tag?post=28652"}],"curies":[{"name":"wp","href":"https:\/\/api.w.org\/{rel}","templated":true}]}}