{"id":28615,"date":"2021-03-23T17:30:09","date_gmt":"2021-03-23T16:30:09","guid":{"rendered":"https:\/\/maino.it\/prodotto\/incubatrice-eco-3-du-1053-uova\/"},"modified":"2021-12-17T15:07:33","modified_gmt":"2021-12-17T14:07:33","slug":"incubatrice-eco-3-du-1053-uova","status":"publish","type":"product","link":"https:\/\/maino.it\/fr\/prodotto\/incubatrice-eco-3-du-1053-uova\/","title":{"rendered":"ECO 3 DU"},"content":{"rendered":"<p><strong>\u00c9quipement standard:<\/strong><\/p>\n<ul>\n<li>Configuration de votre choix:\n<ul>\n<li>Standard version uniquement Incubateur.<\/li>\n<li>Option sur demande \u2013 Version uniquement Eclosoir (le syst\u00e8me de retournement des \u0153ufs sera supprim\u00e9).<\/li>\n<\/ul>\n<\/li>\n<\/ul>\n<ul>\n<li>Cabine \u00e0 armoire et porte \u00e0 battante avec hublot d&rsquo;inspection en plexiglas transparent, obtenus par usinage CNC \u00e0 partir de panneaux sandwich \u00e0 haut coefficient d&rsquo;isolation thermique, \u00e9paisseur totale de 40mm (surfaces int\u00e9rieures\/ext\u00e9rieures en PVC massif blanc + \u00e2me en polystyr\u00e8ne expans\u00e9) et classement A de r\u00e9sistance au feu, structure enti\u00e8rement profil\u00e9e en acier usin\u00e9 CNC.<\/li>\n<li>MXPT-DU Contr\u00f4leur de temp\u00e9rature et d&rsquo;humidit\u00e9 \u00e0 microprocesseur avec capteur digitale unifi\u00e9 de temp\u00e9rature et d&rsquo;humidit\u00e9 (prot\u00e9g\u00e9), alarmes de minimale et maximale et affichage des param\u00e8tres sur affichage num\u00e9rique.<\/li>\n<li>Distribution dynamique de la chaleur\/air au moyen de ventilateur pour une plus grande homog\u00e9n\u00e9it\u00e9 climatique.<\/li>\n<li>Chauffage \u00e9lectrique avec batterie de chauffage bien structur\u00e9e et \u00e9quilibr\u00e9e pour \u00e9viter une consommation d&rsquo;\u00e9nergie excessive.<\/li>\n<li>Tiroirs d&rsquo;incubation et\/ou paniers d&rsquo;\u00e9closion enti\u00e8rement amovibles.<\/li>\n<li>Syst\u00e8me de retournement des \u0153ufs basculant avec servomoteur \u00e9lectrique.<\/li>\n<li>R\u00e9servoir d&rsquo;humidification int\u00e9gr\u00e9 con\u00e7u pour un raccordement direct au r\u00e9seau d&rsquo;eau.<\/li>\n<li>Module humidificateur automatique int\u00e9gr\u00e9.<\/li>\n<li>Remplissage du r\u00e9servoir d&rsquo;humidification avec maintien automatique du niveau d&rsquo;eau avec flotteur.<\/li>\n<li>Protection int\u00e9grale des pi\u00e8ces \u00e9lectriques et m\u00e9caniques.<\/li>\n<li>Puissance de watt 850 et consommation moyenne de 225 watt\/heure.<\/li>\n<li>Conception et construction selon les normes CEE.<\/li>\n<li>Tension \u00e9lectrique Vac 230+10\/-15% HZ. 50\u00b10.5% (220\/240 Vca 50\/60 Hz.)<\/li>\n<li><strong>Garantie de 1 an pour tout d\u00e9faut de fabrication.<\/strong><\/li>\n<li>Exp\u00e9di\u00e9 assembl\u00e9 et pr\u00eat \u00e0 l&#8217;emploi &#8211; Poids 150 Kg.<\/li>\n<li>Notice d&rsquo;utilisation et d&rsquo;entretien avec des images pour simplifier l&rsquo;apprentissage et avec un tableau de temp\u00e9rature et d&rsquo;humidit\u00e9 selon le type d&rsquo;oeuf.<\/li>\n<\/ul>\n<ul>\n<li><strong>Configuration des niveaux pour les \u0153ufs pour no.9 tiroirs basculants en m\u00e9tal :<\/strong>\n<ul>\n<li>Niveaux enti\u00e8rement configurables par type de tiroirs et\/ou paniers \u00e0 \u0153ufs, vous pouvez choisir quels tiroirs sp\u00e9cifiques pour un seul type d&rsquo;\u0153uf parmi les types suivants;\n<ul>\n<li>poule, canard, dinde du pays.<\/li>\n<li>caille, perdrix grise.<\/li>\n<li>perdrix rouge.<\/li>\n<li>faisan,\u00a0 pintade, bantam.<\/li>\n<li>oie, dinde g\u00e9ante, paon.<\/li>\n<li>sp\u00e9cial caille &gt;&lt; poule (il accepte des \u0153ufs de diff\u00e9rentes tailles, en diff\u00e9rant par la capacit\u00e9 de charge).<\/li>\n<li>emeu\/nandou (il modifie \u00e9galement le nombre de niveaux et le syst\u00e8me de retournement des \u0153ufs).<\/li>\n<li>autruche (il modifie \u00e9galement le nombre de niveaux et le syst\u00e8me de retournement des \u0153ufs).<\/li>\n<\/ul>\n<\/li>\n<\/ul>\n<\/li>\n<\/ul>\n<ul>\n<li>Configuration <strong>\u00e9galement pour l&rsquo;\u00e9closion<\/strong>, si vous achetez la machine pour charger tous les \u0153ufs en une seule solution et vous n&rsquo;achetez pas une autre machine uniquement comme \u00e9closoir, vous devez s\u00e9lectionner les paniers optionnels suppl\u00e9mentaires;\n<ul>\n<li>Standard pour tous les types d&rsquo;\u0153ufs &#8211; sauf Emeu-Nandou-Autruche.<\/li>\n<li>Sp\u00e9cifiques pour les \u0153ufs de Emeu-Nandou-Autruche.<\/li>\n<\/ul>\n<\/li>\n<\/ul>\n<ul>\n<li>Configuration \u00ab\u00a0seul \u00e9closoir\u00a0\u00bb. Si vous achetez la machine pour \u00eatre utilis\u00e9e uniquement comme \u00e9closoir, vous devez s\u00e9lectionner;\n<ul>\n<li><strong>SEUL ECLOSOIR<\/strong>, le syst\u00e8me de retournement automatique des \u0153ufs est supprim\u00e9 et d\u00e9compt\u00e9 du prix et la machine est fournie uniquement avec des paniers \u00e9closion.<\/li>\n<\/ul>\n<\/li>\n<\/ul>\n<ul>\n<li>Des tiroirs et des paniers suppl\u00e9mentaires peuvent \u00eatre achet\u00e9s comme accessoires suppl\u00e9mentaires.<\/li>\n<\/ul>\n<ul>\n<li><b>Mod\u00e8le ECO 3 DU Capacit\u00e9 totale \u0153ufs:<\/b>\n<ul>\n<li>Poule \u2013 Canard \u2013 Dinde du pays = 1053<\/li>\n<li>Faisan \u2013 Pintade \u2013 Bantam = 1377<\/li>\n<li>Caille \u2013 Perdrix Grise = 2547<\/li>\n<li>Oie \u2013 Dinde g\u00e9ante \u2013 Paon = 567<\/li>\n<li>Alectoris Rufa \u2013 Perdrix rouge = 2340<\/li>\n<li>Emeu\u00a0 -Nandou: 72<\/li>\n<li>Autruche: 48<\/li>\n<\/ul>\n<\/li>\n<\/ul>\n<ul>\n<li style=\"list-style-type: none;\">\n<ul>\n<li>Si la machine est uniquement \u00e9closoir pour toute la capacit\u00e9, la capacit\u00e9 totale est la m\u00eame.<\/li>\n<\/ul>\n<\/li>\n<\/ul>\n<p><em><strong>Attention!<\/strong> Cet appareil n&rsquo;est pas pr\u00e9sent pr\u00eat en stock, il doit \u00eatre fabriqu\u00e9, les d\u00e9lais d&rsquo;attente peuvent \u00eatre compris entre 5 et 15 jours ouvr\u00e9s \u00e0 compter de la confirmation de la commande.<\/em><\/p>\n","protected":false},"excerpt":{"rendered":"<p>Mod\u00e8le ECO 3 version DU.<br \/>\nCabine de 40 mm d&rsquo;\u00e9paisseur pour une meilleure isolation thermique.<br \/>\nProgrammateur avec affichage num\u00e9rique contr\u00f4leur de temp\u00e9rature et d&rsquo;humidit\u00e9.<br \/>\nHumidificateur automatique avec charge d&rsquo;eau autor\u00e9gul\u00e9e.<br \/>\nNo.9 supports soit pour tiroirs basculants que pour paniers \u00e9closion.<\/p>\n<p><em>Sur la photo le mod\u00e8le ECO 3 DU configur\u00e9 en mode 3\/4 + 1\/4 (uniquement sur demande).<\/em><\/p>\n<p><strong>Ci-dessous, vous pouvez configurer la machine selon vos besoins:<\/strong><\/p>\n","protected":false},"featured_media":28534,"comment_status":"closed","ping_status":"closed","template":"","meta":{"_acf_changed":false},"product_brand":[],"product_cat":[139,134],"product_tag":[],"class_list":{"0":"post-28615","1":"product","2":"type-product","3":"status-publish","4":"has-post-thumbnail","6":"product_cat-eco-fr","7":"product_cat-incubateurs-et-eclosoirs","9":"first","10":"instock","11":"featured","12":"taxable","13":"shipping-taxable","14":"product-type-simple"},"acf":[],"_links":{"self":[{"href":"https:\/\/maino.it\/fr\/wp-json\/wp\/v2\/product\/28615","targetHints":{"allow":["GET"]}}],"collection":[{"href":"https:\/\/maino.it\/fr\/wp-json\/wp\/v2\/product"}],"about":[{"href":"https:\/\/maino.it\/fr\/wp-json\/wp\/v2\/types\/product"}],"replies":[{"embeddable":true,"href":"https:\/\/maino.it\/fr\/wp-json\/wp\/v2\/comments?post=28615"}],"wp:featuredmedia":[{"embeddable":true,"href":"https:\/\/maino.it\/fr\/wp-json\/wp\/v2\/media\/28534"}],"wp:attachment":[{"href":"https:\/\/maino.it\/fr\/wp-json\/wp\/v2\/media?parent=28615"}],"wp:term":[{"taxonomy":"product_brand","embeddable":true,"href":"https:\/\/maino.it\/fr\/wp-json\/wp\/v2\/product_brand?post=28615"},{"taxonomy":"product_cat","embeddable":true,"href":"https:\/\/maino.it\/fr\/wp-json\/wp\/v2\/product_cat?post=28615"},{"taxonomy":"product_tag","embeddable":true,"href":"https:\/\/maino.it\/fr\/wp-json\/wp\/v2\/product_tag?post=28615"}],"curies":[{"name":"wp","href":"https:\/\/api.w.org\/{rel}","templated":true}]}}