{"id":28596,"date":"2021-02-26T11:13:56","date_gmt":"2021-02-26T10:13:56","guid":{"rendered":"https:\/\/maino.it\/prodotto\/nido-deposizione\/"},"modified":"2021-07-06T10:36:40","modified_gmt":"2021-07-06T08:36:40","slug":"nido-deposizione","status":"publish","type":"product","link":"https:\/\/maino.it\/fr\/prodotto\/nido-deposizione\/","title":{"rendered":"Pondoir"},"content":{"rendered":"<p align=\"justify\">Pondoir pour poules pondeuses avec 1 trou, montage \u00e0 l&rsquo;int\u00e9rieur avec la possibilit\u00e9 de l&rsquo;accrocher aux murs \u00e0 l&rsquo;aide de fentes sp\u00e9ciales.<\/p>\n<p align=\"justify\">Un pondoir est conseill\u00e9 pour 5 poules pondeuses.<\/p>\n<p><strong>Caract\u00e9ristiques techniques:<\/strong><\/p>\n<ul>\n<li>No.1 trou<\/li>\n<li>Fabriqu\u00e9 en t\u00f4le galvanis\u00e9 anti-coupe<\/li>\n<li>Fentes arri\u00e8res pour montage mural<\/li>\n<li>Fond de nid en maillage m\u00e9tallique<\/li>\n<li>Panier avant pour la collecte des \u0153ufs avec couvercle de protection<\/li>\n<li>Dimension mont\u00e9 cm. 45 profondeur x 30 largeur x 43,5 hauteur<\/li>\n<li>Poids total Kg. 4<\/li>\n<li>Normes CEE<\/li>\n<li>Enti\u00e8rement con\u00e7u et fabriqu\u00e9 en Italie<\/li>\n<li>Exp\u00e9di\u00e9 partiellement assembl\u00e9, assemblage simplifi\u00e9<\/li>\n<\/ul>\n","protected":false},"excerpt":{"rendered":"<p>Pondoir pour poules pondeuses avec 1 trou, montage \u00e0 l&rsquo;int\u00e9rieur avec la possibilit\u00e9 de l&rsquo;accrocher aux murs \u00e0 l&rsquo;aide de fentes sp\u00e9ciales. Un pondoir est conseill\u00e9 pour 5 poules pondeuses. Caract\u00e9ristiques techniques: No.1 trou Fabriqu\u00e9 en t\u00f4le galvanis\u00e9 anti-coupe Fentes arri\u00e8res pour montage mural Fond de nid en maillage m\u00e9tallique Panier avant pour la collecte [&hellip;]<\/p>\n","protected":false},"featured_media":28409,"comment_status":"closed","ping_status":"closed","template":"","meta":{"_acf_changed":false},"product_brand":[],"product_cat":[142,181],"product_tag":[],"class_list":{"0":"post-28596","1":"product","2":"type-product","3":"status-publish","4":"has-post-thumbnail","6":"product_cat-elevage","7":"product_cat-poulaillers","9":"first","10":"instock","11":"sale","12":"taxable","13":"shipping-taxable","14":"purchasable","15":"product-type-simple"},"acf":[],"_links":{"self":[{"href":"https:\/\/maino.it\/fr\/wp-json\/wp\/v2\/product\/28596","targetHints":{"allow":["GET"]}}],"collection":[{"href":"https:\/\/maino.it\/fr\/wp-json\/wp\/v2\/product"}],"about":[{"href":"https:\/\/maino.it\/fr\/wp-json\/wp\/v2\/types\/product"}],"replies":[{"embeddable":true,"href":"https:\/\/maino.it\/fr\/wp-json\/wp\/v2\/comments?post=28596"}],"wp:featuredmedia":[{"embeddable":true,"href":"https:\/\/maino.it\/fr\/wp-json\/wp\/v2\/media\/28409"}],"wp:attachment":[{"href":"https:\/\/maino.it\/fr\/wp-json\/wp\/v2\/media?parent=28596"}],"wp:term":[{"taxonomy":"product_brand","embeddable":true,"href":"https:\/\/maino.it\/fr\/wp-json\/wp\/v2\/product_brand?post=28596"},{"taxonomy":"product_cat","embeddable":true,"href":"https:\/\/maino.it\/fr\/wp-json\/wp\/v2\/product_cat?post=28596"},{"taxonomy":"product_tag","embeddable":true,"href":"https:\/\/maino.it\/fr\/wp-json\/wp\/v2\/product_tag?post=28596"}],"curies":[{"name":"wp","href":"https:\/\/api.w.org\/{rel}","templated":true}]}}