{"id":28594,"date":"2018-10-25T13:55:05","date_gmt":"2018-10-25T11:55:05","guid":{"rendered":"https:\/\/maino.it\/prodotto\/mangiatoia-pedale\/"},"modified":"2021-07-06T10:32:41","modified_gmt":"2021-07-06T08:32:41","slug":"mangiatoia-pedale","status":"publish","type":"product","link":"https:\/\/maino.it\/fr\/prodotto\/mangiatoia-pedale\/","title":{"rendered":"Mangeoire automatique"},"content":{"rendered":"<p align=\"justify\">Mangeoire \u00e0 p\u00e9dale \u00e0 ouverture automatique pour volaille; la mangeoire s&rsquo;ouvre lorsque l&rsquo;animal se met sur la plate-forme sp\u00e9ciale et se ferme lorsqu&rsquo;il en descend.<\/p>\n<p align=\"justify\">La plate-forme a des trous pour emp\u00eacher le d\u00e9p\u00f4t de salet\u00e9 et permettre \u00e0 l&rsquo;animal de manger sur une base propre et stable.<\/p>\n<p align=\"justify\">Solution hygi\u00e9nique, anti-gaspillage et anti-pillage; le probl\u00e8me de la consommation et la contamination de l&rsquo;aliment par d&rsquo;autres animaux \u00ab\u00a0nocifs\u00a0\u00bb, tels que les souris, les rongeurs et les oiseaux, est r\u00e9solu.<\/p>\n<p><strong>Caract\u00e9ristiques techniques:<\/strong><\/p>\n<ul>\n<li>Fabriqu\u00e9 en t\u00f4le galvanis\u00e9<\/li>\n<li>Capacit\u00e9 Kg. 15<\/li>\n<li>Remplissage facile par le haut<\/li>\n<li>Ouverture r\u00e9glable en fonction du poids de l&rsquo;animal<\/li>\n<li>Possibilit\u00e9 de nourrir deux animaux en m\u00eame temps<\/li>\n<li>Dimension mont\u00e9 cm. 42 profondeur x 36 largeur x 46,5 hauteur<\/li>\n<li>Poids total Kg. 6<\/li>\n<li>Normes CEE<\/li>\n<li>Enti\u00e8rement con\u00e7u et fabriqu\u00e9 en Italie<\/li>\n<li>Exp\u00e9di\u00e9 partiellement assembl\u00e9, assemblage simplifi\u00e9<\/li>\n<\/ul>\n<p>Video fonctionnement:<\/p>\n<p>[fusion_builder_container hundred_percent=\u00a0\u00bbyes\u00a0\u00bb overflow=\u00a0\u00bbvisible\u00a0\u00bb][fusion_builder_row][fusion_builder_column type=\u00a0\u00bb1_1&Prime; background_position=\u00a0\u00bbleft top\u00a0\u00bb background_color=\u00a0\u00bb\u00a0\u00bb border_size=\u00a0\u00bb\u00a0\u00bb border_color=\u00a0\u00bb\u00a0\u00bb border_style=\u00a0\u00bbsolid\u00a0\u00bb spacing=\u00a0\u00bbyes\u00a0\u00bb background_image=\u00a0\u00bb\u00a0\u00bb background_repeat=\u00a0\u00bbno-repeat\u00a0\u00bb padding=\u00a0\u00bb\u00a0\u00bb margin_top=\u00a0\u00bb0px\u00a0\u00bb margin_bottom=\u00a0\u00bb0px\u00a0\u00bb class=\u00a0\u00bb\u00a0\u00bb id=\u00a0\u00bb\u00a0\u00bb animation_type=\u00a0\u00bb\u00a0\u00bb animation_speed=\u00a0\u00bb0.3&Prime; animation_direction=\u00a0\u00bbleft\u00a0\u00bb hide_on_mobile=\u00a0\u00bbno\u00a0\u00bb center_content=\u00a0\u00bbno\u00a0\u00bb min_height=\u00a0\u00bbnone\u00a0\u00bb][fusion_youtube id=\u00a0\u00bbhttps:\/\/www.youtube.com\/watch?v=Rix8wB1TiL8&Prime; width=\u00a0\u00bb600&Prime; height=\u00a0\u00bb350&Prime; autoplay=\u00a0\u00bbno\u00a0\u00bb api_params=\u00a0\u00bb\u00a0\u00bb class=\u00a0\u00bb\u00a0\u00bb\/][\/fusion_builder_column][\/fusion_builder_row][\/fusion_builder_container]<\/p>\n","protected":false},"excerpt":{"rendered":"<p>Mangeoire \u00e0 p\u00e9dale \u00e0 ouverture automatique pour volaille; la mangeoire s&rsquo;ouvre lorsque l&rsquo;animal se met sur la plate-forme sp\u00e9ciale et se ferme lorsqu&rsquo;il en descend. La plate-forme a des trous pour emp\u00eacher le d\u00e9p\u00f4t de salet\u00e9 et permettre \u00e0 l&rsquo;animal de manger sur une base propre et stable. Solution hygi\u00e9nique, anti-gaspillage et anti-pillage; le probl\u00e8me [&hellip;]<\/p>\n","protected":false},"featured_media":28251,"comment_status":"closed","ping_status":"closed","template":"","meta":{"_acf_changed":false},"product_brand":[],"product_cat":[177],"product_tag":[],"class_list":{"0":"post-28594","1":"product","2":"type-product","3":"status-publish","4":"has-post-thumbnail","6":"product_cat-mangeoires-et-abreuvoirs","8":"first","9":"instock","10":"sale","11":"taxable","12":"shipping-taxable","13":"purchasable","14":"product-type-simple"},"acf":[],"_links":{"self":[{"href":"https:\/\/maino.it\/fr\/wp-json\/wp\/v2\/product\/28594","targetHints":{"allow":["GET"]}}],"collection":[{"href":"https:\/\/maino.it\/fr\/wp-json\/wp\/v2\/product"}],"about":[{"href":"https:\/\/maino.it\/fr\/wp-json\/wp\/v2\/types\/product"}],"replies":[{"embeddable":true,"href":"https:\/\/maino.it\/fr\/wp-json\/wp\/v2\/comments?post=28594"}],"wp:featuredmedia":[{"embeddable":true,"href":"https:\/\/maino.it\/fr\/wp-json\/wp\/v2\/media\/28251"}],"wp:attachment":[{"href":"https:\/\/maino.it\/fr\/wp-json\/wp\/v2\/media?parent=28594"}],"wp:term":[{"taxonomy":"product_brand","embeddable":true,"href":"https:\/\/maino.it\/fr\/wp-json\/wp\/v2\/product_brand?post=28594"},{"taxonomy":"product_cat","embeddable":true,"href":"https:\/\/maino.it\/fr\/wp-json\/wp\/v2\/product_cat?post=28594"},{"taxonomy":"product_tag","embeddable":true,"href":"https:\/\/maino.it\/fr\/wp-json\/wp\/v2\/product_tag?post=28594"}],"curies":[{"name":"wp","href":"https:\/\/api.w.org\/{rel}","templated":true}]}}