{"id":28590,"date":"2018-10-30T14:13:43","date_gmt":"2018-10-30T13:13:43","guid":{"rendered":"https:\/\/maino.it\/prodotto\/mangiatoia-per-pollastrelle-75-cm\/"},"modified":"2021-07-06T10:20:23","modified_gmt":"2021-07-06T08:20:23","slug":"mangiatoia-per-pollastrelle-75-cm","status":"publish","type":"product","link":"https:\/\/maino.it\/fr\/prodotto\/mangiatoia-per-pollastrelle-75-cm\/","title":{"rendered":"Mangeoire pour poulets 75 cm."},"content":{"rendered":"<p>Mangeoire lineaire \u00e0 grille en galva pour poulets, longueur cm. 75.<\/p>\n<p>Normes CEE &#8211; Enti\u00e8rement con\u00e7u et fabriqu\u00e9 en Italie.<\/p>\n","protected":false},"excerpt":{"rendered":"<p>Mangeoire lineaire \u00e0 grille en galva pour poulets, longueur cm. 75. Normes CEE &#8211; Enti\u00e8rement con\u00e7u et fabriqu\u00e9 en Italie.<\/p>\n","protected":false},"featured_media":28260,"comment_status":"closed","ping_status":"closed","template":"","meta":{"_acf_changed":false},"product_brand":[],"product_cat":[177],"product_tag":[],"class_list":{"0":"post-28590","1":"product","2":"type-product","3":"status-publish","4":"has-post-thumbnail","6":"product_cat-mangeoires-et-abreuvoirs","8":"first","9":"instock","10":"sale","11":"taxable","12":"shipping-taxable","13":"purchasable","14":"product-type-simple"},"acf":[],"_links":{"self":[{"href":"https:\/\/maino.it\/fr\/wp-json\/wp\/v2\/product\/28590","targetHints":{"allow":["GET"]}}],"collection":[{"href":"https:\/\/maino.it\/fr\/wp-json\/wp\/v2\/product"}],"about":[{"href":"https:\/\/maino.it\/fr\/wp-json\/wp\/v2\/types\/product"}],"replies":[{"embeddable":true,"href":"https:\/\/maino.it\/fr\/wp-json\/wp\/v2\/comments?post=28590"}],"wp:featuredmedia":[{"embeddable":true,"href":"https:\/\/maino.it\/fr\/wp-json\/wp\/v2\/media\/28260"}],"wp:attachment":[{"href":"https:\/\/maino.it\/fr\/wp-json\/wp\/v2\/media?parent=28590"}],"wp:term":[{"taxonomy":"product_brand","embeddable":true,"href":"https:\/\/maino.it\/fr\/wp-json\/wp\/v2\/product_brand?post=28590"},{"taxonomy":"product_cat","embeddable":true,"href":"https:\/\/maino.it\/fr\/wp-json\/wp\/v2\/product_cat?post=28590"},{"taxonomy":"product_tag","embeddable":true,"href":"https:\/\/maino.it\/fr\/wp-json\/wp\/v2\/product_tag?post=28590"}],"curies":[{"name":"wp","href":"https:\/\/api.w.org\/{rel}","templated":true}]}}