{"id":28542,"date":"2021-02-23T17:04:28","date_gmt":"2021-02-23T16:04:28","guid":{"rendered":"https:\/\/maino.it\/prodotto\/brahma-16-a\/"},"modified":"2021-07-01T11:13:46","modified_gmt":"2021-07-01T09:13:46","slug":"brahma-16-a","status":"publish","type":"product","link":"https:\/\/maino.it\/fr\/prodotto\/brahma-16-a\/","title":{"rendered":"MPS BRAHMA 16 A"},"content":{"rendered":"<ul>\n<li>Incubateur ou \u00e9closoir \/ ou tous les deux.<\/li>\n<li>Distribution dynamique de la chaleur par un ventilateur.<\/li>\n<li>Cabine avec toit et fond en m\u00e9tal plastifi\u00e9 rouge et parois en plexiglas isolant transparent.<\/li>\n<li>Profil\u00e9s d&rsquo;angle en alliage d&rsquo;aluminium.<\/li>\n<li>Porte \u00e0 ba\u00efonnette en plexiglas isolant transparent.<\/li>\n<li>Retournement des \u0153ufs automatique avec 1 tiroir universel r\u00e9glable.<\/li>\n<li>Tout type d&rsquo;\u0153uf (\u0153ufs en position horizontale comme dans le nid de poule).<\/li>\n<li>Tiroir universel avec espaces r\u00e9glables pour incuber tous types d&rsquo;\u0153ufs.<\/li>\n<li>Ventilation avec effet isolant.<\/li>\n<li>Thermostat analogique uniquement contr\u00f4le de la Temp\u00e9rature.<\/li>\n<li>Thermom\u00e8tre en degr\u00e9s centigrades avec \u00e9cran LCD.<\/li>\n<li>R\u00e9glage manuel de l&rsquo;humidit\u00e9 avec des bacs \u00e0 eau dans la partie inf\u00e9rieure.<\/li>\n<li>Puissance de watts 130 et consommation moyenne de 40 watts \/ heure.<\/li>\n<li>Conception et construction en Italie selon les normes CEE.<\/li>\n<li>Exp\u00e9di\u00e9 assembl\u00e9 et pr\u00eat \u00e0 l&#8217;emploi.<\/li>\n<li>Vca 230+10\/-15% HZ. 50\u00b10.5%.<\/li>\n<li>Garantie de deux ans.<\/li>\n<li>Poids Kg. 5.<\/li>\n<li><strong><em>Capacit\u00e9 totale d\u2019\u0153ufs:<\/em><\/strong>\n<ul>\n<li>16 Poule \u2013 Canard \u2013 Dinde du pays.<\/li>\n<li>18 Faisan \u2013 Pintade \u2013 Bantam.<\/li>\n<li>22 Caille \u2013 Perdrix grise.<\/li>\n<li>20 Perdrix rouge.<\/li>\n<li>6 Oie \u2013 Dinde g\u00e9ante \u2013 Paon.<\/li>\n<\/ul>\n<\/li>\n<\/ul>\n<p><em>Contrairement \u00e0 d&rsquo;\u00e9tranges rumeurs sur le web: En 1948 notre fondateur Maino Enrico <span style=\"text-decoration: underline;\">a brevet\u00e9 l&rsquo;id\u00e9e<\/span> du retournement des \u0153ufs en inclinant rang\u00e9e par rang\u00e9e (aujourd&rsquo;hui c&rsquo;est l&rsquo;id\u00e9e la plus copi\u00e9e dans le monde des petites et moyennes capacit\u00e9s); Dans les machines industrielles \u00ab\u00a0que nous fabriquons jusqu&rsquo;\u00e0 127.000 \u0153ufs dans une seule cabine\u00a0\u00bb les \u0153ufs sont ins\u00e9r\u00e9s verticalement car toute la m\u00e9canisation de chargement\/d\u00e9chargement est simplifi\u00e9e, de plus les capacit\u00e9s sont sup\u00e9rieures qu&rsquo;en positionnement horizontal, alors que si les \u0153ufs \u00e9taient dans position horizontale, il y aurait beaucoup \u00ab\u00a0trop\u00a0\u00bb de probl\u00e8mes \u00e0 r\u00e9soudre, \u00ab\u00a0mais &#8230; les \u0153ufs \u00e9closent toujours dans les deux positions\u00a0\u00bb.<\/em><\/p>\n","protected":false},"excerpt":{"rendered":"<p>Petit incubateur\/\u00e9closoir pour utilisation didactique et domestique, capacit\u00e9 16 \u0153ufs de poule et retournement des \u0153ufs automatique. Le miracle de la vie accessible \u00e0 tous, enferm\u00e9 dans un petit espace. Ventilation et r\u00e9partition du chauffage du centre vers le toit et descendant le long des parois jusqu&rsquo;au dessous des \u0153ufs pour cr\u00e9er une barri\u00e8re isolante, les m\u00eames techniques qui distinguent les couveuses MAINO depuis 1945.<br \/>\n<strong>Prix \u200b\u200bpromotionnel jusqu&rsquo;\u00e0 \u00e9puisement des stocks.<\/strong><\/p>\n","protected":false},"featured_media":28382,"comment_status":"closed","ping_status":"closed","template":"","meta":{"_acf_changed":false},"product_brand":[],"product_cat":[152],"product_tag":[],"class_list":{"0":"post-28542","1":"product","2":"type-product","3":"status-publish","4":"has-post-thumbnail","6":"product_cat-mps-incubateurs-et-eclosoirs","8":"first","9":"instock","10":"sale","11":"taxable","12":"shipping-taxable","13":"purchasable","14":"product-type-simple"},"acf":[],"_links":{"self":[{"href":"https:\/\/maino.it\/fr\/wp-json\/wp\/v2\/product\/28542","targetHints":{"allow":["GET"]}}],"collection":[{"href":"https:\/\/maino.it\/fr\/wp-json\/wp\/v2\/product"}],"about":[{"href":"https:\/\/maino.it\/fr\/wp-json\/wp\/v2\/types\/product"}],"replies":[{"embeddable":true,"href":"https:\/\/maino.it\/fr\/wp-json\/wp\/v2\/comments?post=28542"}],"wp:featuredmedia":[{"embeddable":true,"href":"https:\/\/maino.it\/fr\/wp-json\/wp\/v2\/media\/28382"}],"wp:attachment":[{"href":"https:\/\/maino.it\/fr\/wp-json\/wp\/v2\/media?parent=28542"}],"wp:term":[{"taxonomy":"product_brand","embeddable":true,"href":"https:\/\/maino.it\/fr\/wp-json\/wp\/v2\/product_brand?post=28542"},{"taxonomy":"product_cat","embeddable":true,"href":"https:\/\/maino.it\/fr\/wp-json\/wp\/v2\/product_cat?post=28542"},{"taxonomy":"product_tag","embeddable":true,"href":"https:\/\/maino.it\/fr\/wp-json\/wp\/v2\/product_tag?post=28542"}],"curies":[{"name":"wp","href":"https:\/\/api.w.org\/{rel}","templated":true}]}}