{"id":27445,"date":"2016-05-09T10:28:57","date_gmt":"2016-05-09T08:28:57","guid":{"rendered":"https:\/\/maino.it\/prodotto\/mps-12-t\/"},"modified":"2021-06-22T11:35:41","modified_gmt":"2021-06-22T09:35:41","slug":"mps-12-t","status":"publish","type":"product","link":"https:\/\/maino.it\/fr\/prodotto\/mps-12-t\/","title":{"rendered":"MPS 12 T"},"content":{"rendered":"<ul>\n<li>Incubateur ou \u00e9closoir \/ ou tous les deux<\/li>\n<li>Distribution dynamique de la chaleur par un ventilateur<\/li>\n<li>Bo\u00eete en plastique moul\u00e9 avec un insert en m\u00e9tal galvanis\u00e9 et recouvert de PVC de couleur rouge<\/li>\n<li>Retournement des oeufs automatique<\/li>\n<li>N. 1 tiroir universel r\u00e9glable pour tout type d&rsquo;\u0153uf avec fond en maille pour faciliter la rotation et l&rsquo;\u00e9closion<\/li>\n<li>Contr\u00f4leur PID \u00e0 micro-ordinateur pour le contr\u00f4le uniquement de la temp\u00e9rature<\/li>\n<li>R\u00e9glage manuel de l&rsquo;humidit\u00e9 par des bacs \u00e0 eau<\/li>\n<li>Alarmes de minimale et maximale<\/li>\n<li>Puissance de watts 105\u00a0et consommation moyenne de 25\u00a0watts \/ heure<\/li>\n<li>Conception et construction selon les normes CEE<\/li>\n<li>Exp\u00e9di\u00e9 assembl\u00e9 et pr\u00eat \u00e0 l&#8217;emploi<\/li>\n<li>Panneau de commande facile \u00e0 utiliser<\/li>\n<li>Vca 230+10\/-15% HZ. 50\u00b10.5%<\/li>\n<li>Garantie de deux ans<\/li>\n<li>Poids Kg. 5<\/li>\n<li><strong><em>Capacit\u00e9 totale d&rsquo;\u0153ufs:<\/em><\/strong>\n<ul>\n<li>12 Poule &#8211; Canard &#8211; Dinde du pays<\/li>\n<li>15 Faisan &#8211; Pintade &#8211; Bantam<\/li>\n<li>30 Caille &#8211; Perdrix grise<\/li>\n<li>25 Perdrix rouge<\/li>\n<li>6 Oie &#8211; Dinde g\u00e9ante &#8211; Paon<\/li>\n<\/ul>\n<\/li>\n<\/ul>\n<p>&nbsp;<\/p>\n","protected":false},"excerpt":{"rendered":"<p>Incubateur ou \u00e9closoir \/ ou tous les deux Distribution dynamique de la chaleur par un ventilateur Bo\u00eete en plastique moul\u00e9 avec un insert en m\u00e9tal galvanis\u00e9 et recouvert de PVC de couleur rouge Retournement des oeufs automatique N. 1 tiroir universel r\u00e9glable pour tout type d&rsquo;\u0153uf avec fond en maille pour faciliter la rotation et [&hellip;]<\/p>\n","protected":false},"featured_media":27434,"comment_status":"closed","ping_status":"closed","template":"","meta":{"_acf_changed":false},"product_brand":[],"product_cat":[152],"product_tag":[],"class_list":{"0":"post-27445","1":"product","2":"type-product","3":"status-publish","4":"has-post-thumbnail","6":"product_cat-mps-incubateurs-et-eclosoirs","8":"first","9":"instock","10":"taxable","11":"shipping-taxable","12":"purchasable","13":"product-type-simple"},"acf":[],"_links":{"self":[{"href":"https:\/\/maino.it\/fr\/wp-json\/wp\/v2\/product\/27445","targetHints":{"allow":["GET"]}}],"collection":[{"href":"https:\/\/maino.it\/fr\/wp-json\/wp\/v2\/product"}],"about":[{"href":"https:\/\/maino.it\/fr\/wp-json\/wp\/v2\/types\/product"}],"replies":[{"embeddable":true,"href":"https:\/\/maino.it\/fr\/wp-json\/wp\/v2\/comments?post=27445"}],"wp:featuredmedia":[{"embeddable":true,"href":"https:\/\/maino.it\/fr\/wp-json\/wp\/v2\/media\/27434"}],"wp:attachment":[{"href":"https:\/\/maino.it\/fr\/wp-json\/wp\/v2\/media?parent=27445"}],"wp:term":[{"taxonomy":"product_brand","embeddable":true,"href":"https:\/\/maino.it\/fr\/wp-json\/wp\/v2\/product_brand?post=27445"},{"taxonomy":"product_cat","embeddable":true,"href":"https:\/\/maino.it\/fr\/wp-json\/wp\/v2\/product_cat?post=27445"},{"taxonomy":"product_tag","embeddable":true,"href":"https:\/\/maino.it\/fr\/wp-json\/wp\/v2\/product_tag?post=27445"}],"curies":[{"name":"wp","href":"https:\/\/api.w.org\/{rel}","templated":true}]}}