{"id":31580,"date":"2022-10-27T17:34:47","date_gmt":"2022-10-27T15:34:47","guid":{"rendered":"https:\/\/maino.it\/?page_id=31580"},"modified":"2022-10-27T17:36:21","modified_gmt":"2022-10-27T15:36:21","slug":"maino-industries-newsletter","status":"publish","type":"page","link":"https:\/\/maino.it\/fr\/maino-industries-newsletter\/","title":{"rendered":"MAINO INDUSTRIES &#8211; NEWSLETTER"},"content":{"rendered":"\n<p>Faites maintenant partie de la communaut\u00e9 <strong>Maino Industries<\/strong>, pour vous : des nouvelles, des id\u00e9es et des nouvelles exclusives sur tout ce qui concerne notre secteur et <strong>imm\u00e9diatement une remise de bienvenue<\/strong> !<\/p>\n\n\n\n<div class=\"wp-block-contact-form-7-contact-form-selector\">\n<div class=\"wpcf7 no-js\" id=\"wpcf7-f31570-o1\" lang=\"it-IT\" dir=\"ltr\" data-wpcf7-id=\"31570\">\n<div class=\"screen-reader-response\"><p role=\"status\" aria-live=\"polite\" aria-atomic=\"true\"><\/p> <ul><\/ul><\/div>\n<form action=\"\/fr\/wp-json\/wp\/v2\/pages\/31580#wpcf7-f31570-o1\" method=\"post\" class=\"wpcf7-form init dbffb5fc2154 cmatic-conn cmatic-aud-1 cmatic-mapd0-0 cmatic-v097802 cmatic-sent-0 cmatic-total-142\" aria-label=\"Modulo di contatto\" novalidate=\"novalidate\" data-status=\"init\">\n<fieldset class=\"hidden-fields-container\"><input type=\"hidden\" name=\"_wpcf7\" value=\"31570\" \/><input type=\"hidden\" name=\"_wpcf7_version\" value=\"6.1.5\" \/><input type=\"hidden\" name=\"_wpcf7_locale\" value=\"it_IT\" \/><input type=\"hidden\" name=\"_wpcf7_unit_tag\" value=\"wpcf7-f31570-o1\" \/><input type=\"hidden\" name=\"_wpcf7_container_post\" value=\"0\" \/><input type=\"hidden\" name=\"_wpcf7_posted_data_hash\" value=\"\" \/>\n<\/fieldset>\n<h4>Soumettre une demande\n<\/h4>\n<div class=\"row\">\n\t<div class=\"col-12 col-md-6\">\n\t\t<p><label>Nom*<\/label><span class=\"wpcf7-form-control-wrap\" data-name=\"nom\"><input size=\"40\" maxlength=\"400\" class=\"wpcf7-form-control wpcf7-text wpcf7-validates-as-required\" aria-required=\"true\" aria-invalid=\"false\" value=\"\" type=\"text\" name=\"nom\" \/><\/span>\n\t\t<\/p>\n\t<\/div>\n\t<div class=\"col-12 col-md-6\">\n\t\t<p><label>Prenom*<\/label><span class=\"wpcf7-form-control-wrap\" data-name=\"prenom\"><input size=\"40\" maxlength=\"400\" class=\"wpcf7-form-control wpcf7-text wpcf7-validates-as-required\" aria-required=\"true\" aria-invalid=\"false\" value=\"\" type=\"text\" name=\"prenom\" \/><\/span>\n\t\t<\/p>\n\t<\/div>\n\t<div class=\"col-12 col-md-6\">\n\t\t<p><label>E-mail*<\/label><span class=\"wpcf7-form-control-wrap\" data-name=\"email\"><input size=\"40\" maxlength=\"400\" class=\"wpcf7-form-control wpcf7-email wpcf7-validates-as-required wpcf7-text wpcf7-validates-as-email\" aria-required=\"true\" aria-invalid=\"false\" value=\"\" type=\"email\" name=\"email\" \/><\/span>\n\t\t<\/p>\n\t<\/div>\n\t<div class=\"col-12 col-md-6\">\n\t\t<p><label>Telephone*<\/label><span class=\"wpcf7-form-control-wrap\" data-name=\"telephone\"><input class=\"wpcf7-form-control wpcf7-number wpcf7-validates-as-required wpcf7-validates-as-number\" aria-required=\"true\" aria-invalid=\"false\" value=\"\" type=\"number\" name=\"telephone\" \/><\/span>\n\t\t<\/p>\n\t<\/div>\n\t<div class=\"col-12\">\n\t\t<p><label>Comment avez-vous entendu parler de nous? <\/label><span class=\"wpcf7-form-control-wrap\" data-name=\"informazioni\"><select class=\"wpcf7-form-control wpcf7-select\" aria-invalid=\"false\" name=\"informazioni\"><option value=\"\">&#8212;Seleziona un&#039;opzione&#8212;<\/option><option value=\"Rechercher sur le Web\">Rechercher sur le Web<\/option><option value=\"Publicit\u00e9 en ligne\">Publicit\u00e9 en ligne<\/option><option value=\"Vu \u00e0 la foire\">Vu \u00e0 la foire<\/option><option value=\"Recommand\u00e9 par un ami\">Recommand\u00e9 par un ami<\/option><\/select><\/span><span id=\"wpcf7-69ef9b3a8911d-wrapper\" class=\"wpcf7-form-control-wrap email-hp-wrap\" style=\"display:none !important; visibility:hidden !important;\"><label for=\"wpcf7-69ef9b3a8911d-field\" class=\"hp-message\">Si prega di lasciare vuoto questo campo.<\/label><input id=\"wpcf7-69ef9b3a8911d-field\"  class=\"wpcf7-form-control wpcf7-text\" type=\"text\" name=\"email-hp\" value=\"\" size=\"40\" tabindex=\"-1\" autocomplete=\"new-password\" \/><\/span>\n\t\t<\/p>\n\t<\/div>\n\t<div class=\"col-12\">\n\t\t<p><label>Secteur d'int\u00e9r\u00eat?<br \/>\n<\/label><span class=\"wpcf7-form-control-wrap\" data-name=\"informazion\"><select class=\"wpcf7-form-control wpcf7-select\" aria-invalid=\"false\" name=\"informazion\"><option value=\"\">&#8212;Seleziona un&#039;opzione&#8212;<\/option><option value=\"Elevage\">Elevage<\/option><option value=\"Voli\u00e8res et Cages\">Voli\u00e8res et Cages<\/option><option value=\"Abattage\">Abattage<\/option><option value=\"G\u00e9n\u00e9rateurs d&#039;ozone\">G\u00e9n\u00e9rateurs d&#039;ozone<\/option><\/select><\/span><span id=\"wpcf7-69ef9b3a89320-wrapper\" class=\"wpcf7-form-control-wrap email-hp-wrap\" style=\"display:none !important; visibility:hidden !important;\"><label for=\"wpcf7-69ef9b3a89320-field\" class=\"hp-message\">Si prega di lasciare vuoto questo campo.<\/label><input id=\"wpcf7-69ef9b3a89320-field\"  class=\"wpcf7-form-control wpcf7-text\" type=\"text\" name=\"email-hp\" value=\"\" size=\"40\" tabindex=\"-1\" autocomplete=\"new-password\" \/><\/span>\n\t\t<\/p>\n\t<\/div>\n\t<div class=\"form-bottom d-sm-flex justify-content-between w-100 align-items-center\">\n\t\t<div>\n\t\t\t<p><span class=\"wpcf7-form-control-wrap\" data-name=\"acceptance-check\"><span class=\"wpcf7-form-control wpcf7-acceptance\"><span class=\"wpcf7-list-item\"><label><input type=\"checkbox\" name=\"acceptance-check\" value=\"1\" aria-invalid=\"false\" \/><span class=\"wpcf7-list-item-label\">J'accepte que les donn\u00e9es fournies soient utilis\u00e9es pour r\u00e9pondre \u00e0 ma demande.<\/span><\/label><\/span><\/span><\/span><span class=\"wpcf7-form-control-wrap\" data-name=\"checkbox-check\"><span class=\"wpcf7-form-control wpcf7-checkbox wpcf7-validates-as-required\"><span class=\"wpcf7-list-item first last\"><label><input type=\"checkbox\" name=\"checkbox-check[]\" value=\"Je confirme avoir lu la politique de confidentialit\u00e9.\" \/><span class=\"wpcf7-list-item-label\">Je confirme avoir lu la politique de confidentialit\u00e9.<\/span><\/label><\/span><\/span><\/span>\n\t\t\t<\/p>\n\t\t<\/div>\n\t\t<p><input class=\"wpcf7-form-control wpcf7-submit has-spinner btn btn-primary\" type=\"submit\" value=\"Envoyer\" \/>\n\t\t<\/p>\n\t<\/div>\n\t<p style=\"font-size:11px; line-height:1.2em;\">Nous vous rappelons que les donn\u00e9es fournies seront trait\u00e9es au moyen d'outils informatiques afin de donner suite \u00e0 votre demande en pleine conformit\u00e9 avec le r\u00e8glement de l'UE n. 2016\/679 (GDPR). <a href=\"\/privacy-policy\/\">Privacy Policy<\/a>\n\t<\/p>\n<\/div><input type=\"hidden\" id=\"ct_checkjs_cf7_3ef815416f775098fe977004015c6193\" name=\"ct_checkjs_cf7\" value=\"0\" \/><script >setTimeout(function(){var ct_input_name = \"ct_checkjs_cf7_3ef815416f775098fe977004015c6193\";if (document.getElementById(ct_input_name) !== null) {var ct_input_value = document.getElementById(ct_input_name).value;document.getElementById(ct_input_name).value = document.getElementById(ct_input_name).value.replace(ct_input_value, '9f59bc4869bcd37a7b61f5cccb49b6e80aef28027c7ff29f3f0be761dca1e5d2');}}, 1000);<\/script><input\n                    class=\"apbct_special_field apbct_email_id__wp_contact_form_7\"\n                    name=\"apbct__email_id__wp_contact_form_7\"\n                    aria-label=\"apbct__label_id__wp_contact_form_7\"\n                    type=\"text\" size=\"30\" maxlength=\"200\" autocomplete=\"off\"\n                    value=\"\"\n                \/><div class=\"wpcf7-response-output\" aria-hidden=\"true\"><\/div>\n<\/form>\n<\/div>\n<\/div>\n","protected":false},"excerpt":{"rendered":"<p>Faites maintenant partie de la communaut\u00e9 Maino Industries, pour vous : des nouvelles, des id\u00e9es et des nouvelles exclusives sur tout ce qui concerne notre secteur et imm\u00e9diatement une remise de bienvenue !<\/p>\n","protected":false},"author":2,"featured_media":0,"parent":0,"menu_order":0,"comment_status":"closed","ping_status":"closed","template":"template-container.php","meta":{"_acf_changed":false,"footnotes":""},"class_list":["post-31580","page","type-page","status-publish","hentry"],"acf":[],"_links":{"self":[{"href":"https:\/\/maino.it\/fr\/wp-json\/wp\/v2\/pages\/31580","targetHints":{"allow":["GET"]}}],"collection":[{"href":"https:\/\/maino.it\/fr\/wp-json\/wp\/v2\/pages"}],"about":[{"href":"https:\/\/maino.it\/fr\/wp-json\/wp\/v2\/types\/page"}],"author":[{"embeddable":true,"href":"https:\/\/maino.it\/fr\/wp-json\/wp\/v2\/users\/2"}],"replies":[{"embeddable":true,"href":"https:\/\/maino.it\/fr\/wp-json\/wp\/v2\/comments?post=31580"}],"version-history":[{"count":0,"href":"https:\/\/maino.it\/fr\/wp-json\/wp\/v2\/pages\/31580\/revisions"}],"wp:attachment":[{"href":"https:\/\/maino.it\/fr\/wp-json\/wp\/v2\/media?parent=31580"}],"curies":[{"name":"wp","href":"https:\/\/api.w.org\/{rel}","templated":true}]}}