{"id":27480,"date":"2020-12-27T21:35:57","date_gmt":"2021-01-11T21:36:04","guid":{"rendered":"https:\/\/maino.it\/contatti\/"},"modified":"2022-11-16T10:38:54","modified_gmt":"2022-11-16T09:38:54","slug":"nous-contacter","status":"publish","type":"page","link":"https:\/\/maino.it\/fr\/nous-contacter\/","title":{"rendered":"Nous contacter"},"content":{"rendered":"\n<div class=\"wp-block-group\"><div class=\"wp-block-group__inner-container is-layout-flow wp-block-group-is-layout-flow\">\n<h4 class=\"has-light-color has-text-color wp-block-heading\">Nous contacter<\/h4>\n\n\n\n<h1 class=\"wp-block-heading\">Parler \u00e0 Maino Industries<\/h1>\n\n\n\n<p>Pour tout type d&rsquo;information, de doute ou de clarification, n&rsquo;h\u00e9sitez pas \u00e0 nous contacter: notre \u00e9quipe r\u00e9pondra \u00e0 tous vos besoins dans les plus brefs d\u00e9lais.<\/p>\n\n\n\n<div style=\"height:80px\" aria-hidden=\"true\" class=\"wp-block-spacer\"><\/div>\n\n\n\n<hr class=\"wp-block-separator has-css-opacity alignwide is-style-wide\"\/>\n\n\n\n<div style=\"height:80px\" aria-hidden=\"true\" class=\"wp-block-spacer\"><\/div>\n<\/div><\/div>\n\n\n\n<div class=\"wp-block-columns align-items-start is-layout-flex wp-container-core-columns-is-layout-9d6595d7 wp-block-columns-is-layout-flex\">\n<div class=\"wp-block-column is-layout-flow wp-block-column-is-layout-flow\" style=\"flex-basis:42%\"><section class=\"contattaci triangle\">\n        <h3>Contactez-nous<\/h3>            <div class=\"contattaci-single\">\n                <i class=\"fas fa-map-marker-alt\" aria-hidden=\"true\"><\/i> <p>Via Roma, 42 \u2013 22070 Oltrona di San Mamette (Como) Italie<\/p>\n            <\/div>      \n                    <div class=\"contattaci-single\">\n                <i class=\"fas fa-phone-alt\" aria-hidden=\"true\"><\/i> <p class=\"p1\"><a href=\"tel:+39 031891478\">+39 031891478<\/a><\/p>\n            <\/div>      \n                    <div class=\"contattaci-single\">\n                <i class=\"fas fa-mobile-alt\" aria-hidden=\"true\"><\/i> <p>Seulement Messages: +39 34 83 42 43 24<\/p>\n            <\/div>      \n                    <div class=\"contattaci-single\">\n                <i class=\"fas fa-photo-video\" aria-hidden=\"true\"><\/i> <p>WhatsApp: +39 34 83 42 43 24<\/p>\n            <\/div>      \n                    <div class=\"contattaci-single\">\n                <i class=\"fas fa-envelope\" aria-hidden=\"true\"><\/i> <p class=\"p1\"><a href=\"mailto:ma***@***no.it\" data-original-string=\"lKToLXCz5Y2Ay24WZ+kBUA==be1vRTS24UhjTWmnOd1XCO6zA==\" title=\"This contact has been encoded by Anti-Spam by CleanTalk. Click to decode. To finish the decoding make sure that JavaScript is enabled in your browser.\"><span class=\"s1\"><span \n                data-original-string='oxIGReqql8Nb+IZqGCFYGw==be1WfLC57Fo2iZHq\/waDyp+uw=='\n                class='apbct-email-encoder'\n                title='This contact has been encoded by Anti-Spam by CleanTalk. Click to decode. To finish the decoding make sure that JavaScript is enabled in your browser.'>ma<span class=\"apbct-blur\">***<\/span>@<span class=\"apbct-blur\">***<\/span>no.it<\/span><\/span><\/a><\/p>\n            <\/div>      \n        <\/section>\n<\/div>\n\n\n\n<div class=\"wp-block-column is-layout-flow wp-block-column-is-layout-flow\">\n<div class=\"wp-block-contact-form-7-contact-form-selector\">\n<div class=\"wpcf7 no-js\" id=\"wpcf7-f28848-o1\" lang=\"fr-FR\" dir=\"ltr\" data-wpcf7-id=\"28848\">\n<div class=\"screen-reader-response\"><p role=\"status\" aria-live=\"polite\" aria-atomic=\"true\"><\/p> <ul><\/ul><\/div>\n<form action=\"\/fr\/wp-json\/wp\/v2\/pages\/27480#wpcf7-f28848-o1\" method=\"post\" class=\"wpcf7-form init dbffb5fc2154 cmatic-conn cmatic-aud-1 cmatic-mapd0-0 cmatic-v0976 cmatic-sent-0 cmatic-total-142\" aria-label=\"Formulaire de contact\" novalidate=\"novalidate\" data-status=\"init\">\n<fieldset class=\"hidden-fields-container\"><input type=\"hidden\" name=\"_wpcf7\" value=\"28848\" \/><input type=\"hidden\" name=\"_wpcf7_version\" value=\"6.1.5\" \/><input type=\"hidden\" name=\"_wpcf7_locale\" value=\"fr_FR\" \/><input type=\"hidden\" name=\"_wpcf7_unit_tag\" value=\"wpcf7-f28848-o1\" \/><input type=\"hidden\" name=\"_wpcf7_container_post\" value=\"0\" \/><input type=\"hidden\" name=\"_wpcf7_posted_data_hash\" value=\"\" \/>\n<\/fieldset>\n<h4>Envoyer une demande\n<\/h4>\n<div class=\"row\">\n\t<div class=\"col-12 col-md-6\">\n\t\t<p><label>Pr\u00e9nom*<\/label><span class=\"wpcf7-form-control-wrap\" data-name=\"nome\"><input size=\"40\" maxlength=\"400\" class=\"wpcf7-form-control wpcf7-text wpcf7-validates-as-required\" aria-required=\"true\" aria-invalid=\"false\" value=\"\" type=\"text\" name=\"nome\" \/><\/span>\n\t\t<\/p>\n\t<\/div>\n\t<div class=\"col-12 col-md-6\">\n\t\t<p><label>Nom de famille*<\/label><span class=\"wpcf7-form-control-wrap\" data-name=\"cognome\"><input size=\"40\" maxlength=\"400\" class=\"wpcf7-form-control wpcf7-text wpcf7-validates-as-required\" aria-required=\"true\" aria-invalid=\"false\" value=\"\" type=\"text\" name=\"cognome\" \/><\/span>\n\t\t<\/p>\n\t<\/div>\n\t<div class=\"col-12 col-md-6\">\n\t\t<p><label>E-mail*<\/label><span class=\"wpcf7-form-control-wrap\" data-name=\"email\"><input size=\"40\" maxlength=\"400\" class=\"wpcf7-form-control wpcf7-email wpcf7-validates-as-required wpcf7-text wpcf7-validates-as-email\" aria-required=\"true\" aria-invalid=\"false\" value=\"\" type=\"email\" name=\"email\" \/><\/span>\n\t\t<\/p>\n\t<\/div>\n\t<div class=\"col-12 col-md-6\">\n\t\t<p><label>Telephone*<\/label><span class=\"wpcf7-form-control-wrap\" data-name=\"telefono\"><input size=\"40\" maxlength=\"400\" class=\"wpcf7-form-control wpcf7-text wpcf7-validates-as-required\" aria-required=\"true\" aria-invalid=\"false\" value=\"\" type=\"text\" name=\"telefono\" \/><\/span>\n\t\t<\/p>\n\t<\/div>\n\t<div class=\"col-12\">\n\t\t<p><label>Comment avez-vous entendu parler de nous?<\/label><span class=\"wpcf7-form-control-wrap\" data-name=\"informazioni\"><select class=\"wpcf7-form-control wpcf7-select\" aria-invalid=\"false\" name=\"informazioni\"><option value=\"\">&#8212;Veuillez choisir une option&#8212;<\/option><option value=\"Recherche sur Google\">Recherche sur Google<\/option><option value=\"Publicit\u00e9 en ligne\">Publicit\u00e9 en ligne<\/option><option value=\"Vu \u00e0 une foire\">Vu \u00e0 une foire<\/option><option value=\"Recommand\u00e9 par un ami\">Recommand\u00e9 par un ami<\/option><\/select><\/span><span id=\"wpcf7-69d53a03de8cd-wrapper\" class=\"wpcf7-form-control-wrap email-hp-wrap\" style=\"display:none !important; visibility:hidden !important;\"><label for=\"wpcf7-69d53a03de8cd-field\" class=\"hp-message\">Veuillez laisser ce champ vide.<\/label><input id=\"wpcf7-69d53a03de8cd-field\"  class=\"wpcf7-form-control wpcf7-text\" type=\"text\" name=\"email-hp\" value=\"\" size=\"40\" tabindex=\"-1\" autocomplete=\"new-password\" \/><\/span>\n\t\t<\/p>\n\t<\/div>\n\t<div class=\"col-12\">\n\t\t<p><label>Message*<\/label><span class=\"wpcf7-form-control-wrap\" data-name=\"messaggio\"><textarea cols=\"40\" rows=\"10\" maxlength=\"2000\" class=\"wpcf7-form-control wpcf7-textarea wpcf7-validates-as-required\" aria-required=\"true\" aria-invalid=\"false\" name=\"messaggio\"><\/textarea><\/span>\n\t\t<\/p>\n\t<\/div>\n\t<div class=\"form-bottom d-sm-flex justify-content-between w-100 align-items-center\">\n\t\t<div>\n\t\t\t<p><span class=\"wpcf7-form-control-wrap\" data-name=\"acceptance-check\"><span class=\"wpcf7-form-control wpcf7-acceptance\"><span class=\"wpcf7-list-item\"><label><input type=\"checkbox\" name=\"acceptance-check\" value=\"1\" aria-invalid=\"false\" \/><span class=\"wpcf7-list-item-label\">J'accepte que les donn\u00e9es fournies soient utilis\u00e9es pour r\u00e9pondre \u00e0 ma demande.<\/span><\/label><\/span><\/span><\/span><br \/>\n<span class=\"wpcf7-form-control-wrap\" data-name=\"checkbox-check\"><span class=\"wpcf7-form-control wpcf7-checkbox\"><span class=\"wpcf7-list-item first last\"><label><input type=\"checkbox\" name=\"checkbox-check[]\" value=\"Je confirme avoir lu la Politique de Confidentialit\u00e9.\" \/><span class=\"wpcf7-list-item-label\">Je confirme avoir lu la Politique de Confidentialit\u00e9.<\/span><\/label><\/span><\/span><\/span>\n\t\t\t<\/p>\n\t\t<\/div>\n\t\t<p><input class=\"wpcf7-form-control wpcf7-submit has-spinner btn btn-primary\" type=\"submit\" value=\"Envoyer\" \/>\n\t\t<\/p>\n\t<\/div>\n\t<p style=\"font-size:11px; line-height:1.2em;\">Nous vous rappelons que les donn\u00e9es fournies seront trait\u00e9es au moyen d'outils informatiques afin de donner suite \u00e0 votre demande dans le plein respect du R\u00e8glement UE n. 2016\/679 (GDPR). <a href=\"\/privacy-pilicy\/\">Privacy Policy<\/a>\n\t<\/p>\n<\/div><input type=\"hidden\" id=\"ct_checkjs_cf7_d947bf06a885db0d477d707121934ff8\" name=\"ct_checkjs_cf7\" value=\"0\" \/><script >setTimeout(function(){var ct_input_name = \"ct_checkjs_cf7_d947bf06a885db0d477d707121934ff8\";if (document.getElementById(ct_input_name) !== null) {var ct_input_value = document.getElementById(ct_input_name).value;document.getElementById(ct_input_name).value = document.getElementById(ct_input_name).value.replace(ct_input_value, '9f59bc4869bcd37a7b61f5cccb49b6e80aef28027c7ff29f3f0be761dca1e5d2');}}, 1000);<\/script><input\n                    class=\"apbct_special_field apbct_email_id__wp_contact_form_7\"\n                    name=\"apbct__email_id__wp_contact_form_7\"\n                    aria-label=\"apbct__label_id__wp_contact_form_7\"\n                    type=\"text\" size=\"30\" maxlength=\"200\" autocomplete=\"off\"\n                    value=\"\"\n                \/><div class=\"wpcf7-response-output\" aria-hidden=\"true\"><\/div>\n<\/form>\n<\/div>\n<\/div>\n<\/div>\n<\/div>\n\n\n\n<div class=\"wp-block-group alignfull\"><div class=\"wp-block-group__inner-container is-layout-flow wp-block-group-is-layout-flow\">\n<iframe loading=\"lazy\" src=\"https:\/\/www.google.com\/maps\/embed?pb=!1m18!1m12!1m3!1d2783.755823657194!2d8.983650215945872!3d45.75604092194263!2m3!1f0!2f0!3f0!3m2!1i1024!2i768!4f13.1!3m3!1m2!1s0x478684c6a0c998a7%3A0x12d4ab69984681b2!2sMAINO%20INDUSTRIES!5e0!3m2!1sit!2sit!4v1612133056098!5m2!1sit!2sit\" width=\"100%\" height=\"442\" frameborder=\"0\" style=\"border:0;\" allowfullscreen=\"\" aria-hidden=\"false\" tabindex=\"0\"><\/iframe>\n<\/div><\/div>\n\n\n<section class=\"rivenditore triangle\">\n        <div class=\"rivenditore-bg lazyload\" style=\"background-image:url('https:\/\/maino.it\/wp-content\/uploads\/2021\/01\/background-illustration-1-300x94.png')\" data-src=\"https:\/\/maino.it\/wp-content\/uploads\/2021\/01\/background-illustration-1-1920x601.png\"><\/div>\n    <div class=\"container\">\n        \n                        <div class=\"text-center\">\n                <h4 class=\"text-light\">Un nouveau Produit<\/h4><div><p class=\"p1\">Le d\u00e9sir de collaborer activement pour le changement, en investissant toujours et uniquement dans des produits de la plus haute qualit\u00e9 et 100% Fabriqu\u00e9s en Italie. Ces raisons et bien d&rsquo;autres sont ce que nous, chez <strong>Maino Industries<\/strong>, recherchons chez nos revendeurs : si vous \u00eates int\u00e9ress\u00e9, contactez-nous pour plus d&rsquo;informations !<\/p>\n<\/div><a class=\"btn btn-primary mt-3\" href=\"https:\/\/maino.it\/fr\/prodotto\/spiumetta\/\" target=\"_blank\" title=\"SPIUMETTA\">SPIUMETTA<\/a>            <\/div>\n    <\/div>\n<\/section>\n\n\n\n<div class=\"wp-block-contact-form-7-contact-form-selector\">\n<div class=\"wpcf7 no-js\" id=\"wpcf7-f28855-o2\" lang=\"fr-FR\" dir=\"ltr\" data-wpcf7-id=\"28855\">\n<div class=\"screen-reader-response\"><p role=\"status\" aria-live=\"polite\" aria-atomic=\"true\"><\/p> <ul><\/ul><\/div>\n<form action=\"\/fr\/wp-json\/wp\/v2\/pages\/27480#wpcf7-f28855-o2\" method=\"post\" class=\"wpcf7-form init dbffb5fc2154 cmatic-conn cmatic-aud-1 cmatic-mapd0-0 cmatic-v0976 cmatic-sent-0 cmatic-total-142\" aria-label=\"Formulaire de contact\" novalidate=\"novalidate\" data-status=\"init\">\n<fieldset class=\"hidden-fields-container\"><input type=\"hidden\" name=\"_wpcf7\" value=\"28855\" \/><input type=\"hidden\" name=\"_wpcf7_version\" value=\"6.1.5\" \/><input type=\"hidden\" name=\"_wpcf7_locale\" value=\"fr_FR\" \/><input type=\"hidden\" name=\"_wpcf7_unit_tag\" value=\"wpcf7-f28855-o2\" \/><input type=\"hidden\" name=\"_wpcf7_container_post\" value=\"0\" \/><input type=\"hidden\" name=\"_wpcf7_posted_data_hash\" value=\"\" \/>\n<\/fieldset>\n<div class=\"row\">\n\t<div class=\"col-12 col-lg-4\">\n\t\t<p><label class=\"text-uppercase text-white\">Nom*<\/label><span class=\"wpcf7-form-control-wrap\" data-name=\"nl-nome\"><input size=\"40\" maxlength=\"400\" class=\"wpcf7-form-control wpcf7-text wpcf7-validates-as-required\" aria-required=\"true\" aria-invalid=\"false\" value=\"\" type=\"text\" name=\"nl-nome\" \/><\/span>\n\t\t<\/p>\n\t<\/div>\n\t<div class=\"col-12 col-lg-4\">\n\t\t<p><label class=\"text-uppercase text-white\">E-mail*<\/label><span class=\"wpcf7-form-control-wrap\" data-name=\"nl-email\"><input size=\"40\" maxlength=\"400\" class=\"wpcf7-form-control wpcf7-email wpcf7-validates-as-required wpcf7-text wpcf7-validates-as-email\" aria-required=\"true\" aria-invalid=\"false\" value=\"\" type=\"email\" name=\"nl-email\" \/><\/span>\n\t\t<\/p>\n\t<\/div>\n\t<div class=\"col-12 col-lg-4\">\n\t\t<p><label class=\"text-uppercase text-white\">Quel secteur vous int\u00e9resse?<\/label><span class=\"wpcf7-form-control-wrap\" data-name=\"menu-settore\"><select class=\"wpcf7-form-control wpcf7-select\" aria-invalid=\"false\" name=\"menu-settore\"><option value=\"\">&#8212;Veuillez choisir une option&#8212;<\/option><option value=\"Elevage\">Elevage<\/option><option value=\"Abattage\">Abattage<\/option><option value=\"Chasse\">Chasse<\/option><option value=\"Bateaux et Camping-car\">Bateaux et Camping-car<\/option><option value=\"Ozone\">Ozone<\/option><\/select><\/span><span id=\"wpcf7-69d53a03e06f0-wrapper\" class=\"wpcf7-form-control-wrap email-hp-wrap\" style=\"display:none !important; visibility:hidden !important;\"><label for=\"wpcf7-69d53a03e06f0-field\" class=\"hp-message\">Veuillez laisser ce champ vide.<\/label><input id=\"wpcf7-69d53a03e06f0-field\"  class=\"wpcf7-form-control wpcf7-text\" type=\"text\" name=\"email-hp\" value=\"\" size=\"40\" tabindex=\"-1\" autocomplete=\"new-password\" \/><\/span>\n\t\t<\/p>\n\t<\/div>\n\t<div class=\"form-bottom d-sm-flex justify-content-between w-100 align-items-center\">\n\t\t<div class=\"text-white\">\n\t\t\t<p><span class=\"wpcf7-form-control-wrap\" data-name=\"acceptance-check\"><span class=\"wpcf7-form-control wpcf7-acceptance\"><span class=\"wpcf7-list-item\"><label><input type=\"checkbox\" name=\"acceptance-check\" value=\"1\" aria-invalid=\"false\" \/><span class=\"wpcf7-list-item-label\">Je confirme avoir lu la <a href=\"\/privacy-policy\/\">Privacy Policy<\/a> et de vouloir recevoir des informations et des offres.<\/span><\/label><\/span><\/span><\/span>\n\t\t\t<\/p>\n\t\t<\/div>\n\t\t<p><input class=\"wpcf7-form-control wpcf7-submit has-spinner btn btn-caravan\" type=\"submit\" value=\"Envoyer\" \/>\n\t\t<\/p>\n\t<\/div>\n<\/div><input type=\"hidden\" id=\"ct_checkjs_cf7_0537fb40a68c18da59a35c2bfe1ca554\" name=\"ct_checkjs_cf7\" value=\"0\" \/><script >setTimeout(function(){var ct_input_name = \"ct_checkjs_cf7_0537fb40a68c18da59a35c2bfe1ca554\";if (document.getElementById(ct_input_name) !== null) {var ct_input_value = document.getElementById(ct_input_name).value;document.getElementById(ct_input_name).value = document.getElementById(ct_input_name).value.replace(ct_input_value, '9f59bc4869bcd37a7b61f5cccb49b6e80aef28027c7ff29f3f0be761dca1e5d2');}}, 1000);<\/script><input\n                    class=\"apbct_special_field apbct_email_id__wp_contact_form_7\"\n                    name=\"apbct__email_id__wp_contact_form_7\"\n                    aria-label=\"apbct__label_id__wp_contact_form_7\"\n                    type=\"text\" size=\"30\" maxlength=\"200\" autocomplete=\"off\"\n                    value=\"\"\n                \/><div class=\"wpcf7-response-output\" aria-hidden=\"true\"><\/div>\n<\/form>\n<\/div>\n<\/div>\n\n\n\n<div class=\"wp-block-contact-form-7-contact-form-selector\">\n<div class=\"wpcf7 no-js\" id=\"wpcf7-f28855-o3\" lang=\"fr-FR\" dir=\"ltr\" data-wpcf7-id=\"28855\">\n<div class=\"screen-reader-response\"><p role=\"status\" aria-live=\"polite\" aria-atomic=\"true\"><\/p> <ul><\/ul><\/div>\n<form action=\"\/fr\/wp-json\/wp\/v2\/pages\/27480#wpcf7-f28855-o3\" method=\"post\" class=\"wpcf7-form init dbffb5fc2154 cmatic-conn cmatic-aud-1 cmatic-mapd0-0 cmatic-v0976 cmatic-sent-0 cmatic-total-142\" aria-label=\"Formulaire de contact\" novalidate=\"novalidate\" data-status=\"init\">\n<fieldset class=\"hidden-fields-container\"><input type=\"hidden\" name=\"_wpcf7\" value=\"28855\" \/><input type=\"hidden\" name=\"_wpcf7_version\" value=\"6.1.5\" \/><input type=\"hidden\" name=\"_wpcf7_locale\" value=\"fr_FR\" \/><input type=\"hidden\" name=\"_wpcf7_unit_tag\" value=\"wpcf7-f28855-o3\" \/><input type=\"hidden\" name=\"_wpcf7_container_post\" value=\"0\" \/><input type=\"hidden\" name=\"_wpcf7_posted_data_hash\" value=\"\" \/>\n<\/fieldset>\n<div class=\"row\">\n\t<div class=\"col-12 col-lg-4\">\n\t\t<p><label class=\"text-uppercase text-white\">Nom*<\/label><span class=\"wpcf7-form-control-wrap\" data-name=\"nl-nome\"><input size=\"40\" maxlength=\"400\" class=\"wpcf7-form-control wpcf7-text wpcf7-validates-as-required\" aria-required=\"true\" aria-invalid=\"false\" value=\"\" type=\"text\" name=\"nl-nome\" \/><\/span>\n\t\t<\/p>\n\t<\/div>\n\t<div class=\"col-12 col-lg-4\">\n\t\t<p><label class=\"text-uppercase text-white\">E-mail*<\/label><span class=\"wpcf7-form-control-wrap\" data-name=\"nl-email\"><input size=\"40\" maxlength=\"400\" class=\"wpcf7-form-control wpcf7-email wpcf7-validates-as-required wpcf7-text wpcf7-validates-as-email\" aria-required=\"true\" aria-invalid=\"false\" value=\"\" type=\"email\" name=\"nl-email\" \/><\/span>\n\t\t<\/p>\n\t<\/div>\n\t<div class=\"col-12 col-lg-4\">\n\t\t<p><label class=\"text-uppercase text-white\">Quel secteur vous int\u00e9resse?<\/label><span class=\"wpcf7-form-control-wrap\" data-name=\"menu-settore\"><select class=\"wpcf7-form-control wpcf7-select\" aria-invalid=\"false\" name=\"menu-settore\"><option value=\"\">&#8212;Veuillez choisir une option&#8212;<\/option><option value=\"Elevage\">Elevage<\/option><option value=\"Abattage\">Abattage<\/option><option value=\"Chasse\">Chasse<\/option><option value=\"Bateaux et Camping-car\">Bateaux et Camping-car<\/option><option value=\"Ozone\">Ozone<\/option><\/select><\/span><span id=\"wpcf7-69d53a03e19c1-wrapper\" class=\"wpcf7-form-control-wrap email-hp-wrap\" style=\"display:none !important; visibility:hidden !important;\"><label for=\"wpcf7-69d53a03e19c1-field\" class=\"hp-message\">Veuillez laisser ce champ vide.<\/label><input id=\"wpcf7-69d53a03e19c1-field\"  class=\"wpcf7-form-control wpcf7-text\" type=\"text\" name=\"email-hp\" value=\"\" size=\"40\" tabindex=\"-1\" autocomplete=\"new-password\" \/><\/span>\n\t\t<\/p>\n\t<\/div>\n\t<div class=\"form-bottom d-sm-flex justify-content-between w-100 align-items-center\">\n\t\t<div class=\"text-white\">\n\t\t\t<p><span class=\"wpcf7-form-control-wrap\" data-name=\"acceptance-check\"><span class=\"wpcf7-form-control wpcf7-acceptance\"><span class=\"wpcf7-list-item\"><label><input type=\"checkbox\" name=\"acceptance-check\" value=\"1\" aria-invalid=\"false\" \/><span class=\"wpcf7-list-item-label\">Je confirme avoir lu la <a href=\"\/privacy-policy\/\">Privacy Policy<\/a> et de vouloir recevoir des informations et des offres.<\/span><\/label><\/span><\/span><\/span>\n\t\t\t<\/p>\n\t\t<\/div>\n\t\t<p><input class=\"wpcf7-form-control wpcf7-submit has-spinner btn btn-caravan\" type=\"submit\" value=\"Envoyer\" \/>\n\t\t<\/p>\n\t<\/div>\n<\/div><input type=\"hidden\" id=\"ct_checkjs_cf7_20aee3a5f4643755a79ee5f6a73050ac\" name=\"ct_checkjs_cf7\" value=\"0\" \/><script >setTimeout(function(){var ct_input_name = \"ct_checkjs_cf7_20aee3a5f4643755a79ee5f6a73050ac\";if (document.getElementById(ct_input_name) !== null) {var ct_input_value = document.getElementById(ct_input_name).value;document.getElementById(ct_input_name).value = document.getElementById(ct_input_name).value.replace(ct_input_value, '9f59bc4869bcd37a7b61f5cccb49b6e80aef28027c7ff29f3f0be761dca1e5d2');}}, 1000);<\/script><input\n                    class=\"apbct_special_field apbct_email_id__wp_contact_form_7\"\n                    name=\"apbct__email_id__wp_contact_form_7\"\n                    aria-label=\"apbct__label_id__wp_contact_form_7\"\n                    type=\"text\" size=\"30\" maxlength=\"200\" autocomplete=\"off\"\n                    value=\"\"\n                \/><div class=\"wpcf7-response-output\" aria-hidden=\"true\"><\/div>\n<\/form>\n<\/div>\n<\/div>\n","protected":false},"excerpt":{"rendered":"<p>Nous contacter Parler \u00e0 Maino Industries Pour tout type d&rsquo;information, de doute ou de clarification, n&rsquo;h\u00e9sitez pas \u00e0 nous contacter: notre \u00e9quipe r\u00e9pondra \u00e0 tous vos besoins dans les plus brefs d\u00e9lais.<\/p>\n","protected":false},"author":1,"featured_media":0,"parent":0,"menu_order":0,"comment_status":"closed","ping_status":"closed","template":"","meta":{"_acf_changed":false,"footnotes":""},"class_list":["post-27480","page","type-page","status-publish","hentry"],"acf":[],"_links":{"self":[{"href":"https:\/\/maino.it\/fr\/wp-json\/wp\/v2\/pages\/27480","targetHints":{"allow":["GET"]}}],"collection":[{"href":"https:\/\/maino.it\/fr\/wp-json\/wp\/v2\/pages"}],"about":[{"href":"https:\/\/maino.it\/fr\/wp-json\/wp\/v2\/types\/page"}],"author":[{"embeddable":true,"href":"https:\/\/maino.it\/fr\/wp-json\/wp\/v2\/users\/1"}],"replies":[{"embeddable":true,"href":"https:\/\/maino.it\/fr\/wp-json\/wp\/v2\/comments?post=27480"}],"version-history":[{"count":0,"href":"https:\/\/maino.it\/fr\/wp-json\/wp\/v2\/pages\/27480\/revisions"}],"wp:attachment":[{"href":"https:\/\/maino.it\/fr\/wp-json\/wp\/v2\/media?parent=27480"}],"curies":[{"name":"wp","href":"https:\/\/api.w.org\/{rel}","templated":true}]}}