{"id":27407,"date":"2021-01-21T22:19:44","date_gmt":"2021-01-21T21:19:44","guid":{"rendered":"https:\/\/maino.it\/news-blog\/"},"modified":"2021-06-17T10:18:22","modified_gmt":"2021-06-17T08:18:22","slug":"nouveautes-blog","status":"publish","type":"page","link":"https:\/\/maino.it\/fr\/nouveautes-blog\/","title":{"rendered":"Nouveaut\u00e9s \/ Blog"},"content":{"rendered":"\n<div class=\"wp-block-group\"><div class=\"wp-block-group__inner-container is-layout-flow wp-block-group-is-layout-flow\">\n<h4 class=\"has-light-color has-text-color wp-block-heading\">Nouveaut\u00e9s\/blog<\/h4>\n\n\n\n<h1 class=\"wp-block-heading\">Le Blog de Maino Industries<\/h1>\n\n\n\n<p>Nouveaut\u00e9s, approfondissements et d&rsquo;autres types de contenu pour rester \u00e0 jour sur Maino Industries et sur les les domaines de notre comp\u00e9tence.<\/p>\n<\/div><\/div>\n\n\n\n<div class=\"wp-block-group alignwide\"><div class=\"wp-block-group__inner-container is-layout-flow wp-block-group-is-layout-flow\">\n<div style=\"height:50px\" aria-hidden=\"true\" class=\"wp-block-spacer\"><\/div>\n\n\n\n<hr class=\"wp-block-separator\"\/>\n<\/div><\/div>\n\n\n<section class=\"elenco\">\n    <div class=\"container\">\n        <div class=\"row\">\n                    <\/div>\n        \n            <\/div>\n<\/section>\n\n<section class=\"rivenditore triangle\">\n        <div class=\"rivenditore-bg lazyload\" style=\"background-image:url('https:\/\/maino.it\/wp-content\/uploads\/2021\/01\/background-illustration-1-300x94.png')\" data-src=\"https:\/\/maino.it\/wp-content\/uploads\/2021\/01\/background-illustration-1-1920x601.png\"><\/div>\n    <div class=\"container\">\n        \n                        <div class=\"text-center\">\n                <h4 class=\"text-light\">Un nouveau Produit<\/h4><div><p class=\"p1\">Le d\u00e9sir de collaborer activement pour le changement, en investissant toujours et uniquement dans des produits de la plus haute qualit\u00e9 et 100% Fabriqu\u00e9s en Italie. Ces raisons et bien d&rsquo;autres sont ce que nous, chez <strong>Maino Industries<\/strong>, recherchons chez nos revendeurs : si vous \u00eates int\u00e9ress\u00e9, contactez-nous pour plus d&rsquo;informations !<\/p>\n<\/div><a class=\"btn btn-primary mt-3\" href=\"https:\/\/maino.it\/fr\/prodotto\/spiumetta\/\" target=\"_blank\" title=\"SPIUMETTA\">SPIUMETTA<\/a>            <\/div>\n    <\/div>\n<\/section>\n","protected":false},"excerpt":{"rendered":"<p>Nouveaut\u00e9s\/blog Le Blog de Maino Industries Nouveaut\u00e9s, approfondissements et d&rsquo;autres types de contenu pour rester \u00e0 jour sur Maino Industries et sur les les domaines de notre comp\u00e9tence.<\/p>\n","protected":false},"author":1,"featured_media":0,"parent":0,"menu_order":0,"comment_status":"closed","ping_status":"closed","template":"","meta":{"_acf_changed":false,"footnotes":""},"class_list":["post-27407","page","type-page","status-publish","hentry"],"acf":[],"_links":{"self":[{"href":"https:\/\/maino.it\/fr\/wp-json\/wp\/v2\/pages\/27407","targetHints":{"allow":["GET"]}}],"collection":[{"href":"https:\/\/maino.it\/fr\/wp-json\/wp\/v2\/pages"}],"about":[{"href":"https:\/\/maino.it\/fr\/wp-json\/wp\/v2\/types\/page"}],"author":[{"embeddable":true,"href":"https:\/\/maino.it\/fr\/wp-json\/wp\/v2\/users\/1"}],"replies":[{"embeddable":true,"href":"https:\/\/maino.it\/fr\/wp-json\/wp\/v2\/comments?post=27407"}],"version-history":[{"count":0,"href":"https:\/\/maino.it\/fr\/wp-json\/wp\/v2\/pages\/27407\/revisions"}],"wp:attachment":[{"href":"https:\/\/maino.it\/fr\/wp-json\/wp\/v2\/media?parent=27407"}],"curies":[{"name":"wp","href":"https:\/\/api.w.org\/{rel}","templated":true}]}}