{"id":27386,"date":"2020-12-27T21:35:57","date_gmt":"2021-01-11T21:30:45","guid":{"rendered":"https:\/\/maino.it\/chi-siamo\/"},"modified":"2021-06-23T10:37:00","modified_gmt":"2021-06-23T08:37:00","slug":"qui-nous-sommes","status":"publish","type":"page","link":"https:\/\/maino.it\/fr\/qui-nous-sommes\/","title":{"rendered":"Qui nous sommes"},"content":{"rendered":"\n<div class=\"wp-block-group\"><div class=\"wp-block-group__inner-container is-layout-flow wp-block-group-is-layout-flow\">\n<h4 class=\"has-light-color has-text-color wp-block-heading\">Qui nous sommes<\/h4>\n\n\n\n<h1 class=\"wp-block-heading\"><strong>Maino Industries<\/strong><\/h1>\n\n\n\n<p>Avec <strong>Maino Industries<\/strong>, nous voulions cr\u00e9er une entreprise \u00e9tablie produisant Incubateurs et Eclosoirs pour les \u0153ufs, toujours active au cours des trente derni\u00e8res ann\u00e9es \u00e0 la recherche de nouvelles avenues commerciales. C&rsquo;est pourquoi nous avons cr\u00e9\u00e9 la marque <strong>O3M by Maino<\/strong>, r\u00e9ussissant \u00e9galement \u00e0 nous \u00e9tablir dans la production de g\u00e9n\u00e9rateurs d&rsquo;ozone: des machines de haute qualit\u00e9 pour l&rsquo;assainissement \u00e9cologique et environnemental de l&rsquo;air et de l&rsquo;eau, \u00e0 des fins civiles, militaires et industrielles.<\/p>\n<\/div><\/div>\n\n\n\n<div class=\"wp-block-group alignwide\"><div class=\"wp-block-group__inner-container is-layout-flow wp-block-group-is-layout-flow\">\n<div style=\"height:30px\" aria-hidden=\"true\" class=\"wp-block-spacer\"><\/div>\n\n\n\n<hr class=\"wp-block-separator\"\/>\n\n\n\n<div style=\"height:50px\" aria-hidden=\"true\" class=\"wp-block-spacer\"><\/div>\n\n\n\n<div class=\"wp-block-columns is-layout-flex wp-container-core-columns-is-layout-9d6595d7 wp-block-columns-is-layout-flex\">\n<div class=\"wp-block-column is-layout-flow wp-block-column-is-layout-flow\">\n<figure class=\"wp-block-image size-large\"><img loading=\"lazy\" decoding=\"async\" width=\"1110\" height=\"782\" src=\"https:\/\/maino.it\/wp-content\/uploads\/2021\/01\/chisiamo.jpg\" alt=\"\" class=\"wp-image-313\" srcset=\"https:\/\/maino.it\/wp-content\/uploads\/2021\/01\/chisiamo.jpg 1110w, https:\/\/maino.it\/wp-content\/uploads\/2021\/01\/chisiamo-300x211.jpg 300w, https:\/\/maino.it\/wp-content\/uploads\/2021\/01\/chisiamo-600x423.jpg 600w\" sizes=\"auto, (max-width: 1110px) 100vw, 1110px\" \/><\/figure>\n<\/div>\n\n\n\n<div class=\"wp-block-column is-layout-flow wp-block-column-is-layout-flow\">\n<h4 class=\"has-light-color has-text-color wp-block-heading\">Depuis 1945<\/h4>\n\n\n\n<h1 class=\"wp-block-heading\"><strong>Notre historire<\/strong><\/h1>\n\n\n\n<p><strong>Maino Industries<\/strong> (n\u00e9e Maino Incubateurs) a \u00e9t\u00e9 cr\u00e9\u00e9e en 1945 par l&rsquo;entrepreneur <strong>Enrico Maino<\/strong>, puis suivi par son fils <strong>Adriano<\/strong>. Aujourd&rsquo;hui, comme hier, notre famille compos\u00e9e de \u00ab\u00a0petits-enfants et enfants, Alfredo, Stefano et Roberto\u00a0\u00bb dirige toujours l&rsquo;entreprise.<\/p>\n\n\n\n<p>C&rsquo;est gr\u00e2ce \u00e0 l&rsquo;organisation familiale et au professionnalisme et \u00e0 la qualit\u00e9 de nos produits, qui ont toujours \u00e9t\u00e9 les points forts de l&rsquo;entreprise, que nous, chez Maino Industries, avons obtenu la confiance totale de chaque client. Depuis plus de soixante-dix ans.<\/p>\n<\/div>\n<\/div>\n\n\n\n<div style=\"height:30px\" aria-hidden=\"true\" class=\"wp-block-spacer\"><\/div>\n\n\n\n<hr class=\"wp-block-separator\"\/>\n\n\n\n<div style=\"height:50px\" aria-hidden=\"true\" class=\"wp-block-spacer\"><\/div>\n<\/div><\/div>\n\n\n<section class=\"made-in-italy\">\n    <div class=\"container\">\n        <div class=\"d-flex align-items-center justify-content-center flex-wrap\">\n            <img loading=\"lazy\" decoding=\"async\" width=\"304\" height=\"304\" src=\"\" class=\"attachment-full_w size-full_w lazyload img-fluid w-100\" alt=\"\" srcset=\"https:\/\/maino.it\/wp-content\/uploads\/2021\/01\/ita-cert.png 304w, https:\/\/maino.it\/wp-content\/uploads\/2021\/01\/ita-cert-300x300.png 300w, https:\/\/maino.it\/wp-content\/uploads\/2021\/01\/ita-cert-150x150.png 150w, https:\/\/maino.it\/wp-content\/uploads\/2021\/01\/ita-cert-100x100.png 100w\" sizes=\"auto, (max-width: 304px) 100vw, 304px\" data-src=\"https:\/\/maino.it\/wp-content\/uploads\/2021\/01\/ita-cert.png\" \/>            <div>\n                <h2 class=\"text-gray\">100% Fabriqu\u00e9 en Italie<\/h2><div class=\"text-light\">Nos produits sont assembl\u00e9s en Italie et<br \/>\r\nils n&rsquo;utilisent que des composants fabriqu\u00e9s par<br \/>\r\nentreprises italiennes<\/div>            <\/div>\n        <\/div>\n    <\/div>\n<\/section>\n\n\n<section class=\"scopri-prodotti\">\n        <div class=\"container\">\n        \n        <h2 class=\"text-center\">D\u00e9couvrez nos produits<\/h2>            <div class=\"row\">\n                            <div class=\"col-12 col-sm-6 col-lg-3 mb-4 mb-lg-0\">\n                    <div class=\"scopri-prodotti-box\">\n                        <div class=\"scopri-prodotti-box-top\" style=\"background-image: linear-gradient(45deg, #47d56d 0%, #22aa3b 100%);\">\n                            <div class=\"scopri-prodotti-box-top-title\">\n                                <h4>Cl\u00f4tures<\/h4>\n                            <\/div>\n                        <\/div>\n                        <div class=\"scopri-prodotti-box-bottom\">\n                            <a href=\"https:\/\/maino.it\/fr\/categoria-prodotto\/clotures\/\">Voir tout<i class=\"fas fa-angle-right\"><\/i><\/a>\n                        <\/div>\n                    <\/div>\n                <\/div>\n                            <div class=\"col-12 col-sm-6 col-lg-3 mb-4 mb-lg-0\">\n                    <div class=\"scopri-prodotti-box\">\n                        <div class=\"scopri-prodotti-box-top\" style=\"background-image: linear-gradient(45deg, #ffffff 0%, #ffffff 100%);\">\n                            <div class=\"scopri-prodotti-box-top-title\">\n                                <h4>Voli\u00e8res et Cages<\/h4>\n                            <\/div>\n                        <\/div>\n                        <div class=\"scopri-prodotti-box-bottom\">\n                            <a href=\"https:\/\/maino.it\/fr\/categoria-prodotto\/volieres_et_cages\/\">Voir tout<i class=\"fas fa-angle-right\"><\/i><\/a>\n                        <\/div>\n                    <\/div>\n                <\/div>\n                            <div class=\"col-12 col-sm-6 col-lg-3 mb-4 mb-lg-0\">\n                    <div class=\"scopri-prodotti-box\">\n                        <div class=\"scopri-prodotti-box-top\" style=\"background-image: linear-gradient(45deg, #dc626a 0%, #cb131f 100%);\">\n                            <div class=\"scopri-prodotti-box-top-title\">\n                                <h4>Elevage<\/h4>\n                            <\/div>\n                        <\/div>\n                        <div class=\"scopri-prodotti-box-bottom\">\n                            <a href=\"https:\/\/maino.it\/fr\/categoria-prodotto\/elevage\/\">Voir tout<i class=\"fas fa-angle-right\"><\/i><\/a>\n                        <\/div>\n                    <\/div>\n                <\/div>\n                        <\/div>\n            <\/div>\n<\/section>\n\n\n\n<div class=\"wp-block-group alignwide\"><div class=\"wp-block-group__inner-container is-layout-flow wp-block-group-is-layout-flow\">\n<div style=\"height:50px\" aria-hidden=\"true\" class=\"wp-block-spacer\"><\/div>\n\n\n\n<div class=\"wp-block-columns is-layout-flex wp-container-core-columns-is-layout-9d6595d7 wp-block-columns-is-layout-flex\">\n<div class=\"wp-block-column is-layout-flow wp-block-column-is-layout-flow\">\n<h2 class=\"wp-block-heading\"><strong>L&rsquo;usine<\/strong><\/h2>\n\n\n\n<p>Depuis l&rsquo;usine d&rsquo;Oltrona di San Mamette (CO), \u00e0 proximit\u00e9 de la fronti\u00e8re suisse et connect\u00e9e aux plus importants r\u00e9seaux routiers italiens et \u00e9trangers, nous atteignons rapidement les march\u00e9s du nord de l&rsquo;Europe, exportant 80% de la production dans le monde entier.<\/p>\n<\/div>\n\n\n\n<div class=\"wp-block-column is-layout-flow wp-block-column-is-layout-flow\">\n<figure class=\"wp-block-image size-large\"><img loading=\"lazy\" decoding=\"async\" width=\"1110\" height=\"782\" src=\"https:\/\/maino.it\/wp-content\/uploads\/2021\/01\/chisiamo.jpg\" alt=\"\" class=\"wp-image-313\" srcset=\"https:\/\/maino.it\/wp-content\/uploads\/2021\/01\/chisiamo.jpg 1110w, https:\/\/maino.it\/wp-content\/uploads\/2021\/01\/chisiamo-300x211.jpg 300w, https:\/\/maino.it\/wp-content\/uploads\/2021\/01\/chisiamo-600x423.jpg 600w\" sizes=\"auto, (max-width: 1110px) 100vw, 1110px\" \/><\/figure>\n\n\n\n<p><\/p>\n<\/div>\n<\/div>\n\n\n\n<div class=\"wp-block-columns is-layout-flex wp-container-core-columns-is-layout-9d6595d7 wp-block-columns-is-layout-flex\">\n<div class=\"wp-block-column is-layout-flow wp-block-column-is-layout-flow\">\n<figure class=\"wp-block-image size-large\"><img loading=\"lazy\" decoding=\"async\" width=\"1110\" height=\"782\" src=\"https:\/\/maino.it\/wp-content\/uploads\/2021\/01\/chisiamo.jpg\" alt=\"\" class=\"wp-image-313\" srcset=\"https:\/\/maino.it\/wp-content\/uploads\/2021\/01\/chisiamo.jpg 1110w, https:\/\/maino.it\/wp-content\/uploads\/2021\/01\/chisiamo-300x211.jpg 300w, https:\/\/maino.it\/wp-content\/uploads\/2021\/01\/chisiamo-600x423.jpg 600w\" sizes=\"auto, (max-width: 1110px) 100vw, 1110px\" \/><\/figure>\n<\/div>\n\n\n\n<div class=\"wp-block-column is-layout-flow wp-block-column-is-layout-flow\">\n<h2 class=\"wp-block-heading\">L&rsquo;\u00e9quipe<\/h2>\n\n\n\n<p>Toujours attentif \u00e0 l&rsquo;importance et \u00e0 la valeur des personnes, <strong>Maino Industries<\/strong> est synonyme de cr\u00e9ativit\u00e9, de qualit\u00e9 et de technologie appliqu\u00e9e au domaine de l&rsquo;\u00e9levage et de l&rsquo;\u00e9cologie. Notre \u00e9quipe est toujours \u00e0 jour sur les derni\u00e8res nouvelles dans le domaine technologique et, dans les d\u00e9partements de recherche et d\u00e9veloppement, nous \u00e9tudions comment anticiper chaque tendance d&rsquo;un march\u00e9 en constante \u00e9volution.<\/p>\n\n\n\n<p>Nous recherchons des <strong>solutions optimales et de qualit\u00e9<\/strong> pour minimiser les d\u00e9chets, optimiser les stocks et assurer une disponibilit\u00e9 maximale du produit fini. Le tout avec un objectif clair et simple: \u00eatre toujours l\u00e0 et de la meilleure fa\u00e7on pour chacun de nos clients.<\/p>\n<\/div>\n<\/div>\n\n\n\n<div style=\"height:50px\" aria-hidden=\"true\" class=\"wp-block-spacer\"><\/div>\n\n\n\n<hr class=\"wp-block-separator\"\/>\n\n\n\n<div style=\"height:50px\" aria-hidden=\"true\" class=\"wp-block-spacer\"><\/div>\n<\/div><\/div>\n\n\n<section class=\"dicono\">\n    <div class=\"container\">\n        <div class=\"row\">\n            <div class=\"col-12\">\n                <h2 class=\"text-center\">Ce qu&rsquo;ils disent de nous<\/h2><div class=\"text-center pb-4\"><p class=\"p1\">En plus de soixante-dix ans nous avons rencontr\u00e9 beaucoup de gens, voil\u00e0 ce qu&rsquo;ils disent de nous.<\/p>\n<\/div>            <\/div>\n            <div class=\"col-12\">\n                <div class=\"swiper-outer position-relative\">\n                    <div class=\"swiper-container position-relative\">\n                        <div class=\"swiper-wrapper\">\n                                                            <div class=\"swiper-slide\">\n                                    <div class=\"dicono-single\">\n                                        <i class=\"fas fa-star\"><\/i><i class=\"fas fa-star\"><\/i><i class=\"fas fa-star\"><\/i><i class=\"fas fa-star\"><\/i><i class=\"fas fa-star\"><\/i><div class=\"text\"><p>Lorem ipsum dolor sit amet, consectetuer adipiscing elit. Aenean commodo ligula eget dolor. Aenean massa. Cum sociis natoque penatibus et magnis dis parturient montes, nascetur ridiculus mus.<\/p>\n<\/div><div class=\"dicono-from d-flex align-items-center mt-3\"><div class=\"dicono-from-img\"><img loading=\"lazy\" decoding=\"async\" width=\"300\" height=\"300\" src=\"\" class=\"attachment-medium size-medium lazyload img-fluid w-100\" alt=\"\" srcset=\"https:\/\/maino.it\/wp-content\/uploads\/2021\/01\/Oval.jpg 300w, https:\/\/maino.it\/wp-content\/uploads\/2021\/01\/Oval-150x150.jpg 150w, https:\/\/maino.it\/wp-content\/uploads\/2021\/01\/Oval-100x100.jpg 100w\" sizes=\"auto, (max-width: 300px) 100vw, 300px\" data-src=\"https:\/\/maino.it\/wp-content\/uploads\/2021\/01\/Oval-300x300.jpg\" \/><\/div><div>Pr\u00e9nom Nom de famille<br \/><span>R\u00f4le &#8211; Nom de l&rsquo;entreprise<\/span><\/div><\/div>                                    <\/div>\n                                <\/div>      \n                                                            <div class=\"swiper-slide\">\n                                    <div class=\"dicono-single\">\n                                        <i class=\"fas fa-star\"><\/i><i class=\"fas fa-star\"><\/i><i class=\"fas fa-star\"><\/i><i class=\"fas fa-star\"><\/i><i class=\"far fa-star\"><\/i><div class=\"text\"><p>Lorem ipsum dolor sit amet, consectetuer adipiscing elit. Aenean commodo ligula eget dolor. Aenean massa. Cum sociis natoque penatibus et magnis dis parturient montes, nascetur ridiculus mus.<\/p>\n<\/div><div class=\"dicono-from d-flex align-items-center mt-3\"><div class=\"dicono-from-img\"><img loading=\"lazy\" decoding=\"async\" width=\"300\" height=\"300\" src=\"\" class=\"attachment-medium size-medium lazyload img-fluid w-100\" alt=\"\" srcset=\"https:\/\/maino.it\/wp-content\/uploads\/2021\/01\/Oval.jpg 300w, https:\/\/maino.it\/wp-content\/uploads\/2021\/01\/Oval-150x150.jpg 150w, https:\/\/maino.it\/wp-content\/uploads\/2021\/01\/Oval-100x100.jpg 100w\" sizes=\"auto, (max-width: 300px) 100vw, 300px\" data-src=\"https:\/\/maino.it\/wp-content\/uploads\/2021\/01\/Oval-300x300.jpg\" \/><\/div><div>Pr\u00e9nom Nom de famille<br \/><span>R\u00f4le &#8211; Nom de l&rsquo;entreprise<\/span><\/div><\/div>                                    <\/div>\n                                <\/div>      \n                                                            <div class=\"swiper-slide\">\n                                    <div class=\"dicono-single\">\n                                        <i class=\"fas fa-star\"><\/i><i class=\"fas fa-star\"><\/i><i class=\"fas fa-star\"><\/i><i class=\"far fa-star\"><\/i><i class=\"far fa-star\"><\/i><div class=\"text\"><p>Lorem ipsum dolor sit amet, consectetuer adipiscing elit. Aenean commodo ligula eget dolor. Aenean massa. Cum sociis natoque penatibus et magnis dis parturient montes, nascetur ridiculus mus.<\/p>\n<\/div><div class=\"dicono-from d-flex align-items-center mt-3\"><div class=\"dicono-from-img\"><img loading=\"lazy\" decoding=\"async\" width=\"300\" height=\"300\" src=\"\" class=\"attachment-medium size-medium lazyload img-fluid w-100\" alt=\"\" srcset=\"https:\/\/maino.it\/wp-content\/uploads\/2021\/01\/Oval.jpg 300w, https:\/\/maino.it\/wp-content\/uploads\/2021\/01\/Oval-150x150.jpg 150w, https:\/\/maino.it\/wp-content\/uploads\/2021\/01\/Oval-100x100.jpg 100w\" sizes=\"auto, (max-width: 300px) 100vw, 300px\" data-src=\"https:\/\/maino.it\/wp-content\/uploads\/2021\/01\/Oval-300x300.jpg\" \/><\/div><div>Pr\u00e9nom Nom de famille<br \/><span>R\u00f4le &#8211; Nom de l&rsquo;entreprise<\/span><\/div><\/div>                                    <\/div>\n                                <\/div>      \n                                                    <\/div>\n                        <div class=\"swiper-pagination\"><\/div>                    <\/div>\n                    <div class=\"swiper-button-prev\"><i class=\"fas fa-arrow-left\"><\/i><\/div>\n                                <div class=\"swiper-button-next\"><i class=\"fas fa-arrow-right\"><\/i><\/div>                <\/div>\n            <\/div>\n        <\/div>\n                                    <\/div>\n<\/section>\n\n<section class=\"partner\">\n    <div class=\"container\">\n        <div class=\"row\">\n            <div class=\"col-12\">\n                <h2 class=\"text-center\">Nos partenaires<\/h2>            <\/div>\n            <div class=\"col-12\">\n                <div class=\"swiper-outer position-relative\">\n                    <div class=\"swiper-container position-relative\">\n                        <div class=\"swiper-wrapper\">\n                                                            <div class=\"swiper-slide\">\n                                    <div class=\"partner-single\">\n                                        <div class=\"partner-img\"><img loading=\"lazy\" decoding=\"async\" width=\"330\" height=\"176\" src=\"\" class=\"attachment-full size-full lazyload img-fluid w-100\" alt=\"\" srcset=\"https:\/\/maino.it\/wp-content\/uploads\/2021\/01\/logo.jpg 330w, https:\/\/maino.it\/wp-content\/uploads\/2021\/01\/logo-300x160.jpg 300w\" sizes=\"auto, (max-width: 330px) 100vw, 330px\" data-src=\"https:\/\/maino.it\/wp-content\/uploads\/2021\/01\/logo.jpg\" \/><\/div>                                    <\/div>\n                                <\/div>      \n                                                            <div class=\"swiper-slide\">\n                                    <div class=\"partner-single\">\n                                        <div class=\"partner-img\"><img loading=\"lazy\" decoding=\"async\" width=\"330\" height=\"176\" src=\"\" class=\"attachment-full size-full lazyload img-fluid w-100\" alt=\"\" srcset=\"https:\/\/maino.it\/wp-content\/uploads\/2021\/01\/logo.jpg 330w, https:\/\/maino.it\/wp-content\/uploads\/2021\/01\/logo-300x160.jpg 300w\" sizes=\"auto, (max-width: 330px) 100vw, 330px\" data-src=\"https:\/\/maino.it\/wp-content\/uploads\/2021\/01\/logo.jpg\" \/><\/div>                                    <\/div>\n                                <\/div>      \n                                                            <div class=\"swiper-slide\">\n                                    <div class=\"partner-single\">\n                                        <div class=\"partner-img\"><img loading=\"lazy\" decoding=\"async\" width=\"330\" height=\"176\" src=\"\" class=\"attachment-full size-full lazyload img-fluid w-100\" alt=\"\" srcset=\"https:\/\/maino.it\/wp-content\/uploads\/2021\/01\/logo.jpg 330w, https:\/\/maino.it\/wp-content\/uploads\/2021\/01\/logo-300x160.jpg 300w\" sizes=\"auto, (max-width: 330px) 100vw, 330px\" data-src=\"https:\/\/maino.it\/wp-content\/uploads\/2021\/01\/logo.jpg\" \/><\/div>                                    <\/div>\n                                <\/div>      \n                                                            <div class=\"swiper-slide\">\n                                    <div class=\"partner-single\">\n                                        <div class=\"partner-img\"><img loading=\"lazy\" decoding=\"async\" width=\"330\" height=\"176\" src=\"\" class=\"attachment-full size-full lazyload img-fluid w-100\" alt=\"\" srcset=\"https:\/\/maino.it\/wp-content\/uploads\/2021\/01\/logo.jpg 330w, https:\/\/maino.it\/wp-content\/uploads\/2021\/01\/logo-300x160.jpg 300w\" sizes=\"auto, (max-width: 330px) 100vw, 330px\" data-src=\"https:\/\/maino.it\/wp-content\/uploads\/2021\/01\/logo.jpg\" \/><\/div>                                    <\/div>\n                                <\/div>      \n                                                            <div class=\"swiper-slide\">\n                                    <div class=\"partner-single\">\n                                        <div class=\"partner-img\"><img loading=\"lazy\" decoding=\"async\" width=\"330\" height=\"176\" src=\"\" class=\"attachment-full size-full lazyload img-fluid w-100\" alt=\"\" srcset=\"https:\/\/maino.it\/wp-content\/uploads\/2021\/01\/logo.jpg 330w, https:\/\/maino.it\/wp-content\/uploads\/2021\/01\/logo-300x160.jpg 300w\" sizes=\"auto, (max-width: 330px) 100vw, 330px\" data-src=\"https:\/\/maino.it\/wp-content\/uploads\/2021\/01\/logo.jpg\" \/><\/div>                                    <\/div>\n                                <\/div>      \n                                                            <div class=\"swiper-slide\">\n                                    <div class=\"partner-single\">\n                                        <div class=\"partner-img\"><img loading=\"lazy\" decoding=\"async\" width=\"330\" height=\"176\" src=\"\" class=\"attachment-full size-full lazyload img-fluid w-100\" alt=\"\" srcset=\"https:\/\/maino.it\/wp-content\/uploads\/2021\/01\/logo.jpg 330w, https:\/\/maino.it\/wp-content\/uploads\/2021\/01\/logo-300x160.jpg 300w\" sizes=\"auto, (max-width: 330px) 100vw, 330px\" data-src=\"https:\/\/maino.it\/wp-content\/uploads\/2021\/01\/logo.jpg\" \/><\/div>                                    <\/div>\n                                <\/div>      \n                                                            <div class=\"swiper-slide\">\n                                    <div class=\"partner-single\">\n                                        <div class=\"partner-img\"><img loading=\"lazy\" decoding=\"async\" width=\"330\" height=\"176\" src=\"\" class=\"attachment-full size-full lazyload img-fluid w-100\" alt=\"\" srcset=\"https:\/\/maino.it\/wp-content\/uploads\/2021\/01\/logo.jpg 330w, https:\/\/maino.it\/wp-content\/uploads\/2021\/01\/logo-300x160.jpg 300w\" sizes=\"auto, (max-width: 330px) 100vw, 330px\" data-src=\"https:\/\/maino.it\/wp-content\/uploads\/2021\/01\/logo.jpg\" \/><\/div>                                    <\/div>\n                                <\/div>      \n                                                    <\/div>\n                        <div class=\"swiper-pagination\"><\/div>                    <\/div>\n                <\/div>\n            <\/div>\n        <\/div>\n    <\/div>\n<\/section>\n\n<section class=\"rivenditore triangle\">\n        <div class=\"rivenditore-bg lazyload\" style=\"background-image:url('https:\/\/maino.it\/wp-content\/uploads\/2021\/01\/background-illustration-1-300x94.png')\" data-src=\"https:\/\/maino.it\/wp-content\/uploads\/2021\/01\/background-illustration-1-1920x601.png\"><\/div>\n    <div class=\"container\">\n        \n                        <div class=\"text-center\">\n                <h4 class=\"text-light\">Un nouveau Produit<\/h4><div><p class=\"p1\">Le d\u00e9sir de collaborer activement pour le changement, en investissant toujours et uniquement dans des produits de la plus haute qualit\u00e9 et 100% Fabriqu\u00e9s en Italie. Ces raisons et bien d&rsquo;autres sont ce que nous, chez <strong>Maino Industries<\/strong>, recherchons chez nos revendeurs : si vous \u00eates int\u00e9ress\u00e9, contactez-nous pour plus d&rsquo;informations !<\/p>\n<\/div><a class=\"btn btn-primary mt-3\" href=\"https:\/\/maino.it\/fr\/prodotto\/spiumetta\/\" target=\"_blank\" title=\"SPIUMETTA\">SPIUMETTA<\/a>            <\/div>\n    <\/div>\n<\/section>\n","protected":false},"excerpt":{"rendered":"<p>Qui nous sommes Maino Industries Avec Maino Industries, nous voulions cr\u00e9er une entreprise \u00e9tablie produisant Incubateurs et Eclosoirs pour les \u0153ufs, toujours active au cours des trente derni\u00e8res ann\u00e9es \u00e0 la recherche de nouvelles avenues commerciales. C&rsquo;est pourquoi nous avons cr\u00e9\u00e9 la marque O3M by Maino, r\u00e9ussissant \u00e9galement \u00e0 nous \u00e9tablir dans la production de [&hellip;]<\/p>\n","protected":false},"author":1,"featured_media":0,"parent":0,"menu_order":0,"comment_status":"closed","ping_status":"closed","template":"","meta":{"_acf_changed":false,"footnotes":""},"class_list":["post-27386","page","type-page","status-publish","hentry"],"acf":[],"_links":{"self":[{"href":"https:\/\/maino.it\/fr\/wp-json\/wp\/v2\/pages\/27386","targetHints":{"allow":["GET"]}}],"collection":[{"href":"https:\/\/maino.it\/fr\/wp-json\/wp\/v2\/pages"}],"about":[{"href":"https:\/\/maino.it\/fr\/wp-json\/wp\/v2\/types\/page"}],"author":[{"embeddable":true,"href":"https:\/\/maino.it\/fr\/wp-json\/wp\/v2\/users\/1"}],"replies":[{"embeddable":true,"href":"https:\/\/maino.it\/fr\/wp-json\/wp\/v2\/comments?post=27386"}],"version-history":[{"count":0,"href":"https:\/\/maino.it\/fr\/wp-json\/wp\/v2\/pages\/27386\/revisions"}],"wp:attachment":[{"href":"https:\/\/maino.it\/fr\/wp-json\/wp\/v2\/media?parent=27386"}],"curies":[{"name":"wp","href":"https:\/\/api.w.org\/{rel}","templated":true}]}}