{"id":27383,"date":"2021-01-29T11:35:15","date_gmt":"2021-01-29T10:35:15","guid":{"rendered":"https:\/\/maino.it\/eventi\/"},"modified":"2021-06-15T16:44:17","modified_gmt":"2021-06-15T14:44:17","slug":"evenements","status":"publish","type":"page","link":"https:\/\/maino.it\/fr\/evenements\/","title":{"rendered":"Ev\u00e9nements"},"content":{"rendered":"\n<div class=\"wp-block-group\"><div class=\"wp-block-group__inner-container is-layout-flow wp-block-group-is-layout-flow\">\n<h4 class=\"has-light-color has-text-color wp-block-heading\">Evenements<\/h4>\n\n\n\n<h1 class=\"wp-block-heading\">Les \u00e9v\u00e9nements avec Maino Industries<\/h1>\n\n\n\n<p>Au fil des ans, <strong>Maino Industries<\/strong> a particip\u00e9 \u00e0 de nombreux \u00e9v\u00e9nements du secteur, une fa\u00e7on de nous rapprocher de plus en plus de vous: les personnes derri\u00e8re notre histoire qui a commenc\u00e9 il y a plus de soixante-dix ans.<\/p>\n<\/div><\/div>\n\n\n\n<div class=\"wp-block-group alignwide\"><div class=\"wp-block-group__inner-container is-layout-flow wp-block-group-is-layout-flow\">\n<div style=\"height:50px\" aria-hidden=\"true\" class=\"wp-block-spacer\"><\/div>\n\n\n\n<hr class=\"wp-block-separator\"\/>\n<\/div><\/div>\n\n\n<section class=\"elenco\">\n    <div class=\"container\">\n        <div class=\"row\">\n            <div class=\"col-12 col-sm-6 col-lg-4 text-center mb-4\"><img loading=\"lazy\" decoding=\"async\" width=\"722\" height=\"312\" src=\"\" class=\"attachment-blog-retina size-blog-retina lazyload img-fluid w-100 wp-post-image\" alt=\"\" data-src=\"https:\/\/maino.it\/wp-content\/uploads\/2024\/03\/testata-sito-agriumbria-2024-722x312.png\" \/><div class=\"h5 text-primary mt-2\">Bastia Umbra (PG) Italie | De 05\/04\/2024 \u00e0 07\/04\/2024<\/div><h4 class=\"font-weight-bold\"><a href=\"https:\/\/maino.it\/fr\/eventi\/agriumbria-2024\/\" title=\"Agriumbria 2024\">Agriumbria 2024<\/a><\/h4><a class=\"link-arrow\" href=\"https:\/\/maino.it\/fr\/eventi\/agriumbria-2024\/\" title=\"Tout lire\">Tout lire<\/a><\/div><div class=\"col-12 col-sm-6 col-lg-4 text-center mb-4\"><img loading=\"lazy\" decoding=\"async\" width=\"587\" height=\"278\" src=\"\" class=\"attachment-blog-retina size-blog-retina lazyload img-fluid w-100 wp-post-image\" alt=\"\" srcset=\"https:\/\/maino.it\/wp-content\/uploads\/2023\/03\/agriumbria-2023.jpg 587w, https:\/\/maino.it\/wp-content\/uploads\/2023\/03\/agriumbria-2023-300x142.jpg 300w\" sizes=\"auto, (max-width: 587px) 100vw, 587px\" data-src=\"https:\/\/maino.it\/wp-content\/uploads\/2023\/03\/agriumbria-2023.jpg\" \/><div class=\"h5 text-primary mt-2\">Bastia Umbra (PG) Italie | De 31\/03\/2023 \u00e0 02\/04\/2023<\/div><h4 class=\"font-weight-bold\"><a href=\"https:\/\/maino.it\/fr\/eventi\/agriumbria-2023\/\" title=\"Agriumbria 2023\">Agriumbria 2023<\/a><\/h4><a class=\"link-arrow\" href=\"https:\/\/maino.it\/fr\/eventi\/agriumbria-2023\/\" title=\"Tout lire\">Tout lire<\/a><\/div><div class=\"col-12 col-sm-6 col-lg-4 text-center mb-4\"><img loading=\"lazy\" decoding=\"async\" width=\"475\" height=\"116\" src=\"\" class=\"attachment-blog-retina size-blog-retina lazyload img-fluid w-100 wp-post-image\" alt=\"\" srcset=\"https:\/\/maino.it\/wp-content\/uploads\/2022\/11\/west-africa-agrofood.png 475w, https:\/\/maino.it\/wp-content\/uploads\/2022\/11\/west-africa-agrofood-300x73.png 300w\" sizes=\"auto, (max-width: 475px) 100vw, 475px\" data-src=\"https:\/\/maino.it\/wp-content\/uploads\/2022\/11\/west-africa-agrofood.png\" \/><div class=\"h5 text-primary mt-2\">Accra Ghana | De 29\/11\/2022 \u00e0 01\/12\/2022<\/div><h4 class=\"font-weight-bold\"><a href=\"https:\/\/maino.it\/fr\/eventi\/agrofood-plastprintpack-west-africa-2022\/\" title=\"Agrofood &#038; Plastprintpack West Africa 2022\">Agrofood &#038; Plastprintpack West Africa 2022<\/a><\/h4><a class=\"link-arrow\" href=\"https:\/\/maino.it\/fr\/eventi\/agrofood-plastprintpack-west-africa-2022\/\" title=\"Tout lire\">Tout lire<\/a><\/div><div class=\"col-12 col-sm-6 col-lg-4 text-center mb-4\"><img loading=\"lazy\" decoding=\"async\" width=\"722\" height=\"480\" src=\"\" class=\"attachment-blog-retina size-blog-retina lazyload img-fluid w-100 wp-post-image\" alt=\"\" srcset=\"https:\/\/maino.it\/wp-content\/uploads\/2022\/09\/animali-in-fiera-2022-722x480.png 722w, https:\/\/maino.it\/wp-content\/uploads\/2022\/09\/animali-in-fiera-2022-361x240.png 361w, https:\/\/maino.it\/wp-content\/uploads\/2022\/09\/animali-in-fiera-2022-145x96.png 145w\" sizes=\"auto, (max-width: 722px) 100vw, 722px\" data-src=\"https:\/\/maino.it\/wp-content\/uploads\/2022\/09\/animali-in-fiera-2022-722x480.png\" \/><div class=\"h5 text-primary mt-2\">Forl\u00ec (FC) Italie | De 08\/10\/2022 \u00e0 09\/10\/2022<\/div><h4 class=\"font-weight-bold\"><a href=\"https:\/\/maino.it\/fr\/eventi\/animali-in-fiera-2022\/\" title=\"ANIMALI in FIERA 2022\">ANIMALI in FIERA 2022<\/a><\/h4><a class=\"link-arrow\" href=\"https:\/\/maino.it\/fr\/eventi\/animali-in-fiera-2022\/\" title=\"Tout lire\">Tout lire<\/a><\/div><div class=\"col-12 col-sm-6 col-lg-4 text-center mb-4\"><img loading=\"lazy\" decoding=\"async\" width=\"722\" height=\"253\" src=\"\" class=\"attachment-blog-retina size-blog-retina lazyload img-fluid w-100 wp-post-image\" alt=\"\" data-src=\"https:\/\/maino.it\/wp-content\/uploads\/2022\/03\/VIV-Europe-2022-722x253.jpg\" \/><div class=\"h5 text-primary mt-2\">Utrecht Hollande | De 31\/05\/2022 \u00e0 02\/06\/2022<\/div><h4 class=\"font-weight-bold\"><a href=\"https:\/\/maino.it\/fr\/eventi\/viv-europe-2022\/\" title=\"VIV Europe 2022\">VIV Europe 2022<\/a><\/h4><a class=\"link-arrow\" href=\"https:\/\/maino.it\/fr\/eventi\/viv-europe-2022\/\" title=\"Tout lire\">Tout lire<\/a><\/div><div class=\"col-12 col-sm-6 col-lg-4 text-center mb-4\"><img loading=\"lazy\" decoding=\"async\" width=\"606\" height=\"253\" src=\"\" class=\"attachment-blog-retina size-blog-retina lazyload img-fluid w-100 wp-post-image\" alt=\"\" srcset=\"https:\/\/maino.it\/wp-content\/uploads\/2022\/03\/Agriumbria-2022.jpg 606w, https:\/\/maino.it\/wp-content\/uploads\/2022\/03\/Agriumbria-2022-300x125.jpg 300w, https:\/\/maino.it\/wp-content\/uploads\/2022\/03\/Agriumbria-2022-600x250.jpg 600w\" sizes=\"auto, (max-width: 606px) 100vw, 606px\" data-src=\"https:\/\/maino.it\/wp-content\/uploads\/2022\/03\/Agriumbria-2022.jpg\" \/><div class=\"h5 text-primary mt-2\">Bastia Umbra (PG) Italie | De 01\/04\/2022 \u00e0 03\/04\/2022<\/div><h4 class=\"font-weight-bold\"><a href=\"https:\/\/maino.it\/fr\/eventi\/agriumbria-2022\/\" title=\"Agriumbria 2022\">Agriumbria 2022<\/a><\/h4><a class=\"link-arrow\" href=\"https:\/\/maino.it\/fr\/eventi\/agriumbria-2022\/\" title=\"Tout lire\">Tout lire<\/a><\/div>        <\/div>\n        \n                    <div class=\"row\">\n                <div class=\"col-12 text-center elenco-pagination\">\n\n                    <span aria-label=\"Page 1\" aria-current=\"page\" class=\"page-numbers current\">1<\/span>\n<a aria-label=\"Page 2\" class=\"page-numbers\" href=\"https:\/\/maino.it\/fr\/wp-json\/wp\/v2\/pages\/27383\/page\/2\">2<\/a>\n<a class=\"next page-numbers\" href=\"https:\/\/maino.it\/fr\/wp-json\/wp\/v2\/pages\/27383\/page\/2\"><span class=\"elenco-pagination-next\"><i class=\"fas fa-arrow-right\"><\/i><\/span><\/a>                <\/div>\n            <\/div>\n            <\/div>\n<\/section>\n\n<section class=\"rivenditore triangle\">\n        <div class=\"rivenditore-bg lazyload\" style=\"background-image:url('https:\/\/maino.it\/wp-content\/uploads\/2021\/01\/background-illustration-1-300x94.png')\" data-src=\"https:\/\/maino.it\/wp-content\/uploads\/2021\/01\/background-illustration-1-1920x601.png\"><\/div>\n    <div class=\"container\">\n        \n                        <div class=\"text-center\">\n                <h4 class=\"text-light\">Un nouveau Produit<\/h4><div><p class=\"p1\">Le d\u00e9sir de collaborer activement pour le changement, en investissant toujours et uniquement dans des produits de la plus haute qualit\u00e9 et 100% Fabriqu\u00e9s en Italie. Ces raisons et bien d&rsquo;autres sont ce que nous, chez <strong>Maino Industries<\/strong>, recherchons chez nos revendeurs : si vous \u00eates int\u00e9ress\u00e9, contactez-nous pour plus d&rsquo;informations !<\/p>\n<\/div><a class=\"btn btn-primary mt-3\" href=\"https:\/\/maino.it\/fr\/prodotto\/spiumetta\/\" target=\"_blank\" title=\"SPIUMETTA\">SPIUMETTA<\/a>            <\/div>\n    <\/div>\n<\/section>\n","protected":false},"excerpt":{"rendered":"<p>Evenements Les \u00e9v\u00e9nements avec Maino Industries Au fil des ans, Maino Industries a particip\u00e9 \u00e0 de nombreux \u00e9v\u00e9nements du secteur, une fa\u00e7on de nous rapprocher de plus en plus de vous: les personnes derri\u00e8re notre histoire qui a commenc\u00e9 il y a plus de soixante-dix ans.<\/p>\n","protected":false},"author":1,"featured_media":0,"parent":0,"menu_order":0,"comment_status":"closed","ping_status":"closed","template":"","meta":{"_acf_changed":false,"footnotes":""},"class_list":["post-27383","page","type-page","status-publish","hentry"],"acf":[],"_links":{"self":[{"href":"https:\/\/maino.it\/fr\/wp-json\/wp\/v2\/pages\/27383","targetHints":{"allow":["GET"]}}],"collection":[{"href":"https:\/\/maino.it\/fr\/wp-json\/wp\/v2\/pages"}],"about":[{"href":"https:\/\/maino.it\/fr\/wp-json\/wp\/v2\/types\/page"}],"author":[{"embeddable":true,"href":"https:\/\/maino.it\/fr\/wp-json\/wp\/v2\/users\/1"}],"replies":[{"embeddable":true,"href":"https:\/\/maino.it\/fr\/wp-json\/wp\/v2\/comments?post=27383"}],"version-history":[{"count":0,"href":"https:\/\/maino.it\/fr\/wp-json\/wp\/v2\/pages\/27383\/revisions"}],"wp:attachment":[{"href":"https:\/\/maino.it\/fr\/wp-json\/wp\/v2\/media?parent=27383"}],"curies":[{"name":"wp","href":"https:\/\/api.w.org\/{rel}","templated":true}]}}